

{"id":63962,"date":"2023-11-24T18:51:30","date_gmt":"2023-11-24T17:51:30","guid":{"rendered":"https:\/\/teslafm.net\/?page_id=63962"},"modified":"2023-11-24T18:51:54","modified_gmt":"2023-11-24T17:51:54","slug":"road-radio-3","status":"publish","type":"page","link":"https:\/\/teslafm.net\/en\/road-radio-3\/","title":{"rendered":"Road Radio #3"},"content":{"rendered":"<h2><span style=\"color: #ffffff;\">Road<strong> Radio #3<\/strong><\/span><\/h2>\n<p><span style=\"color: #808080;\"><em>November 2023<\/em><\/span><\/p>\n<p><iframe src=\"https:\/\/player-widget.mixcloud.com\/widget\/iframe\/?hide_cover=1&amp;feed=%2FTeslafm_net%2Froad-radio-3-pablo-jord%C3%A1n%2F\" width=\"100%\" height=\"120\" frameborder=\"0\"><\/iframe><\/p>\n<p><span style=\"color: #808080;\"><strong>Salvador Montalban<\/strong> is an audiovisual artist based in Berlin who uses video and photography to portray moments taken from reality. A tireless field work allows him to show the transience of the world in the lights of the night, the street art or the faces blurred by time... Icon underground collaborates with different artists in different fields, expanding his vision to sound and performance.<\/span><\/p>\n<p><span style=\"color: #808080;\">01. <strong>Anadol<\/strong> - Ay \u00c7\u00fcr\u00fcd\u00fc<\/span><br \/>\n<span style=\"color: #808080;\">02. <strong>Jordan <\/strong>&amp;<strong> Montalban<\/strong> - The Virgin of the Gypsies<\/span><br \/>\n<span style=\"color: #808080;\">03. <strong>Emahoy Tsegue-Maryam Guebrou<\/strong> - The Song of the Sea<\/span><br \/>\n<span style=\"color: #808080;\">04. <strong>Andrew Bird<\/strong> - You Woke Me Up!<\/span><br \/>\n<span style=\"color: #808080;\">05. <strong>Salvador Montalban<\/strong> - Field recording I<\/span><br \/>\n<span style=\"color: #808080;\">06. <strong>Les Vampyrettes<\/strong> - Biomutanten<\/span><br \/>\n<span style=\"color: #808080;\">07. <strong>Pump<\/strong> - He Said (Instrumental)<\/span><br \/>\n<span style=\"color: #808080;\">08. <strong>Jordan <\/strong>&amp;<strong> Montalban<\/strong> - Raw waves I<\/span><br \/>\n<span style=\"color: #808080;\">09. <strong>Dubravko Detoni<\/strong> - Gimnastika Za Grupu<\/span><br \/>\n<span style=\"color: #808080;\">10. <strong>El Khat<\/strong> - <span lang=\"hi-IN\">\u0627\u0644\u0642\u0627\u062a <\/span>- La Sama<\/span><br \/>\n<span style=\"color: #808080;\">11. <strong>Salvador Montalban<\/strong> - Field recording II<\/span><\/p>","protected":false},"excerpt":{"rendered":"<p>Road Radio #3 Noviembre 2023 Salvador Montalb\u00e1n es un artista audiovisual afincado en Berl\u00edn que utiliza el video y la fotograf\u00eda para retratar momentos sacados de la realidad. Un trabajo de campo incansable le permite mostrar la fugacidad del mundo en las luces de la noche, el arte de la calle o los rostros difuminados [&hellip;]<\/p>\n","protected":false},"author":19,"featured_media":0,"parent":0,"menu_order":0,"comment_status":"closed","ping_status":"closed","template":"","meta":{"footnotes":""},"class_list":["post-63962","page","type-page","status-publish","hentry"],"yoast_head":"<!-- This site is optimized with the Yoast SEO plugin v27.2 - https:\/\/yoast.com\/product\/yoast-seo-wordpress\/ -->\n<title>Road Radio #3 -<\/title>\n<meta name=\"robots\" content=\"index, follow, max-snippet:-1, max-image-preview:large, max-video-preview:-1\" \/>\n<link rel=\"canonical\" href=\"https:\/\/teslafm.net\/en\/road-radio-3\/\" \/>\n<meta property=\"og:locale\" content=\"en_US\" \/>\n<meta property=\"og:type\" content=\"article\" \/>\n<meta property=\"og:title\" content=\"Road Radio #3 -\" \/>\n<meta property=\"og:description\" content=\"Road Radio #3 Noviembre 2023 Salvador Montalb\u00e1n es un artista audiovisual afincado en Berl\u00edn que utiliza el video y la fotograf\u00eda para retratar momentos sacados de la realidad. Un trabajo de campo incansable le permite mostrar la fugacidad del mundo en las luces de la noche, el arte de la calle o los rostros difuminados [&hellip;]\" \/>\n<meta property=\"og:url\" content=\"https:\/\/teslafm.net\/en\/road-radio-3\/\" \/>\n<meta property=\"article:publisher\" content=\"https:\/\/www.facebook.com\/teslafm.net\" \/>\n<meta property=\"article:modified_time\" content=\"2023-11-24T17:51:54+00:00\" \/>\n<meta property=\"og:image\" content=\"https:\/\/teslafm.net\/wp-content\/uploads\/2022\/09\/header-image-4-temp.png\" \/>\n\t<meta property=\"og:image:width\" content=\"1274\" \/>\n\t<meta property=\"og:image:height\" content=\"818\" \/>\n\t<meta property=\"og:image:type\" content=\"image\/png\" \/>\n<meta name=\"twitter:card\" content=\"summary_large_image\" \/>\n<meta name=\"twitter:site\" content=\"@teslafm\" \/>\n<meta name=\"twitter:label1\" content=\"Est. reading time\" \/>\n\t<meta name=\"twitter:data1\" content=\"1 minute\" \/>\n<script type=\"application\/ld+json\" class=\"yoast-schema-graph\">{\"@context\":\"https:\/\/schema.org\",\"@graph\":[{\"@type\":\"WebPage\",\"@id\":\"https:\/\/teslafm.net\/road-radio-3\/\",\"url\":\"https:\/\/teslafm.net\/road-radio-3\/\",\"name\":\"Road Radio #3 -\",\"isPartOf\":{\"@id\":\"https:\/\/teslafm.net\/#website\"},\"datePublished\":\"2023-11-24T17:51:30+00:00\",\"dateModified\":\"2023-11-24T17:51:54+00:00\",\"breadcrumb\":{\"@id\":\"https:\/\/teslafm.net\/road-radio-3\/#breadcrumb\"},\"inLanguage\":\"en-US\",\"potentialAction\":[{\"@type\":\"ReadAction\",\"target\":[\"https:\/\/teslafm.net\/road-radio-3\/\"]}]},{\"@type\":\"BreadcrumbList\",\"@id\":\"https:\/\/teslafm.net\/road-radio-3\/#breadcrumb\",\"itemListElement\":[{\"@type\":\"ListItem\",\"position\":1,\"name\":\"Portada\",\"item\":\"https:\/\/teslafm.net\/\"},{\"@type\":\"ListItem\",\"position\":2,\"name\":\"Road Radio #3\"}]},{\"@type\":\"WebSite\",\"@id\":\"https:\/\/teslafm.net\/#website\",\"url\":\"https:\/\/teslafm.net\/\",\"name\":\"TeslaFM\",\"description\":\"An experimental and creative radio\",\"publisher\":{\"@id\":\"https:\/\/teslafm.net\/#organization\"},\"potentialAction\":[{\"@type\":\"SearchAction\",\"target\":{\"@type\":\"EntryPoint\",\"urlTemplate\":\"https:\/\/teslafm.net\/?s={search_term_string}\"},\"query-input\":{\"@type\":\"PropertyValueSpecification\",\"valueRequired\":true,\"valueName\":\"search_term_string\"}}],\"inLanguage\":\"en-US\"},{\"@type\":\"Organization\",\"@id\":\"https:\/\/teslafm.net\/#organization\",\"name\":\"TeslaFM\",\"url\":\"https:\/\/teslafm.net\/\",\"logo\":{\"@type\":\"ImageObject\",\"inLanguage\":\"en-US\",\"@id\":\"https:\/\/teslafm.net\/#\/schema\/logo\/image\/\",\"url\":\"https:\/\/teslafm.net\/wp-content\/uploads\/2020\/06\/logo-tesla.png\",\"contentUrl\":\"https:\/\/teslafm.net\/wp-content\/uploads\/2020\/06\/logo-tesla.png\",\"width\":512,\"height\":512,\"caption\":\"TeslaFM\"},\"image\":{\"@id\":\"https:\/\/teslafm.net\/#\/schema\/logo\/image\/\"},\"sameAs\":[\"https:\/\/www.facebook.com\/teslafm.net\",\"https:\/\/x.com\/teslafm\"]}]}<\/script>\n<!-- \/ Yoast SEO plugin. -->","yoast_head_json":{"title":"Road Radio #3 -","robots":{"index":"index","follow":"follow","max-snippet":"max-snippet:-1","max-image-preview":"max-image-preview:large","max-video-preview":"max-video-preview:-1"},"canonical":"https:\/\/teslafm.net\/en\/road-radio-3\/","og_locale":"en_US","og_type":"article","og_title":"Road Radio #3 -","og_description":"Road Radio #3 Noviembre 2023 Salvador Montalb\u00e1n es un artista audiovisual afincado en Berl\u00edn que utiliza el video y la fotograf\u00eda para retratar momentos sacados de la realidad. Un trabajo de campo incansable le permite mostrar la fugacidad del mundo en las luces de la noche, el arte de la calle o los rostros difuminados [&hellip;]","og_url":"https:\/\/teslafm.net\/en\/road-radio-3\/","article_publisher":"https:\/\/www.facebook.com\/teslafm.net","article_modified_time":"2023-11-24T17:51:54+00:00","og_image":[{"width":1274,"height":818,"url":"https:\/\/teslafm.net\/wp-content\/uploads\/2022\/09\/header-image-4-temp.png","type":"image\/png"}],"twitter_card":"summary_large_image","twitter_site":"@teslafm","twitter_misc":{"Est. reading time":"1 minute"},"schema":{"@context":"https:\/\/schema.org","@graph":[{"@type":"WebPage","@id":"https:\/\/teslafm.net\/road-radio-3\/","url":"https:\/\/teslafm.net\/road-radio-3\/","name":"Road Radio #3 -","isPartOf":{"@id":"https:\/\/teslafm.net\/#website"},"datePublished":"2023-11-24T17:51:30+00:00","dateModified":"2023-11-24T17:51:54+00:00","breadcrumb":{"@id":"https:\/\/teslafm.net\/road-radio-3\/#breadcrumb"},"inLanguage":"en-US","potentialAction":[{"@type":"ReadAction","target":["https:\/\/teslafm.net\/road-radio-3\/"]}]},{"@type":"BreadcrumbList","@id":"https:\/\/teslafm.net\/road-radio-3\/#breadcrumb","itemListElement":[{"@type":"ListItem","position":1,"name":"Portada","item":"https:\/\/teslafm.net\/"},{"@type":"ListItem","position":2,"name":"Road Radio #3"}]},{"@type":"WebSite","@id":"https:\/\/teslafm.net\/#website","url":"https:\/\/teslafm.net\/","name":"TeslaFM","description":"An experimental and creative radio","publisher":{"@id":"https:\/\/teslafm.net\/#organization"},"potentialAction":[{"@type":"SearchAction","target":{"@type":"EntryPoint","urlTemplate":"https:\/\/teslafm.net\/?s={search_term_string}"},"query-input":{"@type":"PropertyValueSpecification","valueRequired":true,"valueName":"search_term_string"}}],"inLanguage":"en-US"},{"@type":"Organization","@id":"https:\/\/teslafm.net\/#organization","name":"TeslaFM","url":"https:\/\/teslafm.net\/","logo":{"@type":"ImageObject","inLanguage":"en-US","@id":"https:\/\/teslafm.net\/#\/schema\/logo\/image\/","url":"https:\/\/teslafm.net\/wp-content\/uploads\/2020\/06\/logo-tesla.png","contentUrl":"https:\/\/teslafm.net\/wp-content\/uploads\/2020\/06\/logo-tesla.png","width":512,"height":512,"caption":"TeslaFM"},"image":{"@id":"https:\/\/teslafm.net\/#\/schema\/logo\/image\/"},"sameAs":["https:\/\/www.facebook.com\/teslafm.net","https:\/\/x.com\/teslafm"]}]}},"rttpg_featured_image_url":null,"rttpg_author":{"display_name":"Ishak","author_link":"https:\/\/teslafm.net\/en\/author\/cravan\/"},"rttpg_comment":0,"rttpg_category":null,"rttpg_excerpt":"Road Radio #3 Noviembre 2023 Salvador Montalb\u00e1n es un artista audiovisual afincado en Berl\u00edn que utiliza el video y la fotograf\u00eda para retratar momentos sacados de la realidad. Un trabajo de campo incansable le permite mostrar la fugacidad del mundo en las luces de la noche, el arte de la calle o los rostros difuminados&hellip;","_links":{"self":[{"href":"https:\/\/teslafm.net\/en\/wp-json\/wp\/v2\/pages\/63962","targetHints":{"allow":["GET"]}}],"collection":[{"href":"https:\/\/teslafm.net\/en\/wp-json\/wp\/v2\/pages"}],"about":[{"href":"https:\/\/teslafm.net\/en\/wp-json\/wp\/v2\/types\/page"}],"author":[{"embeddable":true,"href":"https:\/\/teslafm.net\/en\/wp-json\/wp\/v2\/users\/19"}],"replies":[{"embeddable":true,"href":"https:\/\/teslafm.net\/en\/wp-json\/wp\/v2\/comments?post=63962"}],"version-history":[{"count":2,"href":"https:\/\/teslafm.net\/en\/wp-json\/wp\/v2\/pages\/63962\/revisions"}],"predecessor-version":[{"id":63964,"href":"https:\/\/teslafm.net\/en\/wp-json\/wp\/v2\/pages\/63962\/revisions\/63964"}],"wp:attachment":[{"href":"https:\/\/teslafm.net\/en\/wp-json\/wp\/v2\/media?parent=63962"}],"curies":[{"name":"wp","href":"https:\/\/api.w.org\/{rel}","templated":true}]}}