

{"id":64023,"date":"2023-12-08T11:43:20","date_gmt":"2023-12-08T10:43:20","guid":{"rendered":"https:\/\/teslafm.net\/?page_id=64023"},"modified":"2023-12-08T18:09:28","modified_gmt":"2023-12-08T17:09:28","slug":"locus-solus-4","status":"publish","type":"page","link":"https:\/\/teslafm.net\/en\/locus-solus-4\/","title":{"rendered":"Locus Solus #4"},"content":{"rendered":"<div data-elementor-type=\"wp-page\" data-elementor-id=\"64023\" class=\"elementor elementor-64023\">\n\t\t\t\t\t\t<section class=\"elementor-section elementor-top-section elementor-element elementor-element-16a1dd78 elementor-section-boxed elementor-section-height-default elementor-section-height-default\" data-id=\"16a1dd78\" data-element_type=\"section\" data-e-type=\"section\">\n\t\t\t\t\t\t<div class=\"elementor-container elementor-column-gap-default\">\n\t\t\t\t\t<div class=\"elementor-column elementor-col-100 elementor-top-column elementor-element elementor-element-33387711\" data-id=\"33387711\" data-element_type=\"column\" data-e-type=\"column\">\n\t\t\t<div class=\"elementor-widget-wrap elementor-element-populated\">\n\t\t\t\t\t\t<div class=\"elementor-element elementor-element-6e970b17 elementor-widget elementor-widget-text-editor\" data-id=\"6e970b17\" data-element_type=\"widget\" data-e-type=\"widget\" data-widget_type=\"text-editor.default\">\n\t\t\t\t<div class=\"elementor-widget-container\">\n\t\t\t\t\t\t\t\t\t<h2><span style=\"color: #ffffff;\"><strong>Locus Solus #4<\/strong><\/span><\/h2>\n<span style=\"color: #808080;\"><em>December 2023<\/em><\/span>\n\n<iframe width=\"100%\" height=\"120\" src=\"https:\/\/player-widget.mixcloud.com\/widget\/iframe\/?hide_cover=1&#038;feed=%2FTeslafm_net%2Flocus-solus-4-mnstrnvst%2F\" frameborder=\"0\" ><\/iframe>\t\t\t\t\t\t\t\t<\/div>\n\t\t\t\t<\/div>\n\t\t\t\t\t<\/div>\n\t\t<\/div>\n\t\t\t\t\t<\/div>\n\t\t<\/section>\n\t\t\t\t<section class=\"elementor-section elementor-top-section elementor-element elementor-element-4972f5d elementor-section-boxed elementor-section-height-default elementor-section-height-default\" data-id=\"4972f5d\" data-element_type=\"section\" data-e-type=\"section\">\n\t\t\t\t\t\t<div class=\"elementor-container elementor-column-gap-default\">\n\t\t\t\t\t<div class=\"elementor-column elementor-col-50 elementor-top-column elementor-element elementor-element-644c813\" data-id=\"644c813\" data-element_type=\"column\" data-e-type=\"column\">\n\t\t\t<div class=\"elementor-widget-wrap elementor-element-populated\">\n\t\t\t\t\t\t<div class=\"elementor-element elementor-element-7c29a0b elementor-widget elementor-widget-image\" data-id=\"7c29a0b\" data-element_type=\"widget\" data-e-type=\"widget\" data-widget_type=\"image.default\">\n\t\t\t\t<div class=\"elementor-widget-container\">\n\t\t\t\t\t\t\t\t\t\t\t\t\t\t\t<img fetchpriority=\"high\" decoding=\"async\" width=\"750\" height=\"1000\" src=\"https:\/\/teslafm.net\/wp-content\/uploads\/2023\/12\/locus-solus-4.png\" class=\"attachment-large size-large wp-image-64026\" alt=\"\" srcset=\"https:\/\/teslafm.net\/wp-content\/uploads\/2023\/12\/locus-solus-4.png 750w, https:\/\/teslafm.net\/wp-content\/uploads\/2023\/12\/locus-solus-4-225x300.png 225w, https:\/\/teslafm.net\/wp-content\/uploads\/2023\/12\/locus-solus-4-9x12.png 9w\" sizes=\"(max-width: 750px) 100vw, 750px\" \/>\t\t\t\t\t\t\t\t\t\t\t\t\t\t\t<\/div>\n\t\t\t\t<\/div>\n\t\t\t\t\t<\/div>\n\t\t<\/div>\n\t\t\t\t<div class=\"elementor-column elementor-col-50 elementor-top-column elementor-element elementor-element-98cf3c9\" data-id=\"98cf3c9\" data-element_type=\"column\" data-e-type=\"column\">\n\t\t\t<div class=\"elementor-widget-wrap elementor-element-populated\">\n\t\t\t\t\t\t<div class=\"elementor-element elementor-element-bc50fd5 elementor-widget elementor-widget-text-editor\" data-id=\"bc50fd5\" data-element_type=\"widget\" data-e-type=\"widget\" data-widget_type=\"text-editor.default\">\n\t\t\t\t<div class=\"elementor-widget-container\">\n\t\t\t\t\t\t\t\t\t<p><span style=\"color: #808080;\">In this fourth section we visit <em>\"It doesn't matter if it's not (music). Blurs\"<\/em>of <strong>Yan Jun<\/strong>published by Dobra Robota in the year 2023. Texts compiled by <strong>Gabriela de Mola<\/strong>. Translation of <strong>Orchid Lee<\/strong>.<\/span><\/p><p><span style=\"color: #808080;\">Tracklist:<\/span><\/p><p><span style=\"color: #808080;\">01. <strong>Toshiya Tsunoda<\/strong> - Race Pigeon House, Wada Hasse, Somashikiba (edition.t, 2016).<\/span><br \/><span style=\"color: #808080;\">02. <strong>Toshiya Tsunoda<\/strong> - Celebratory Dance for the Lunar New Year, Somashikiba (edition.t, 2016) (excerpt)<\/span><br \/><span style=\"color: #808080;\">03. <strong>Keith Rowe<\/strong> &amp; <strong>Graham Lambkin<\/strong> - Wet B, Making A (Erstwhile Records, 2013)<\/span><br \/><span style=\"color: #808080;\">04. <strong>Zhu Wenbo<\/strong> - Ice, There Is No Music From China (End Of The Alphabet Records, 2017).<\/span><br \/><span style=\"color: #808080;\">05. <strong>Laurie Anderson<\/strong> - Walking &amp; Falling, Big Science (Warner Bros. Records,1982)<\/span><br \/><span style=\"color: #808080;\">06. <strong>William S. Burroughs<\/strong> - Inching - Is This Machine Recording, Nothing Here Now But The Recordings (Industrial Records, 1981)<\/span><br \/><span style=\"color: #808080;\">07. <strong>Yan Jun<\/strong> - a1, Maybe In The Winter (choir), silence is shit (Sub Jam, 2023)<\/span><br \/><span style=\"color: #808080;\">08. <strong>Le Myst\u00e8re Des Voix Bulgares<\/strong> - Sableyalo Mi Agontze (The Bleating Lamb), Le Myst\u00e8re Des Voix Bulgares (Elektra Nonesuch, 1987)<\/span><br \/><span style=\"color: #808080;\">09. <strong>Violent Onsen Geisha<\/strong> - Hibakusha For Anal Sex No.6, Shocks! Shocks! Shocks! Shocks! Remix '93 (Ring Music ,1993) (excerpt)<\/span><br \/><span style=\"color: #808080;\">10. <strong>Ryu Hankil<\/strong> - Rain Drop Mutation, Rain Drop Mutation (Amplify 2020, 2020)<\/span><br \/><span style=\"color: #808080;\">11. <strong>Kenji Kawai<\/strong> - M01 \u8b21I - Making Of Cyborg, Ghost In The Shell (Original Soundtrack) (RCA, 1995)<\/span><\/p>\t\t\t\t\t\t\t\t<\/div>\n\t\t\t\t<\/div>\n\t\t\t\t\t<\/div>\n\t\t<\/div>\n\t\t\t\t\t<\/div>\n\t\t<\/section>\n\t\t\t\t<\/div>","protected":false},"excerpt":{"rendered":"<p>Locus Solus #4 Diciembre 2023 En esta cuarta secci\u00f3n visitamos \u00abNo importa si no es (m\u00fasica). Desenfoques\u00bb, de Yan Jun, editado por Dobra Robota en el a\u00f1o 2023. Textos compilados por Gabriela de Mola. Traducci\u00f3n de Orqu\u00eddea Lee. Tracklist: 01. Toshiya Tsunoda &#8211;\u00a0Race Pigeon House, Wada Hasse,\u00a0Somashikiba (edition.t, 2016)02. Toshiya Tsunoda &#8211; Celebratory Dance for [&hellip;]<\/p>\n","protected":false},"author":19,"featured_media":0,"parent":0,"menu_order":0,"comment_status":"closed","ping_status":"closed","template":"","meta":{"footnotes":""},"class_list":["post-64023","page","type-page","status-publish","hentry"],"yoast_head":"<!-- This site is optimized with the Yoast SEO plugin v27.2 - https:\/\/yoast.com\/product\/yoast-seo-wordpress\/ -->\n<title>Locus Solus #4 -<\/title>\n<meta name=\"robots\" content=\"index, follow, max-snippet:-1, max-image-preview:large, max-video-preview:-1\" \/>\n<link rel=\"canonical\" href=\"https:\/\/teslafm.net\/en\/locus-solus-4\/\" \/>\n<meta property=\"og:locale\" content=\"en_US\" \/>\n<meta property=\"og:type\" content=\"article\" \/>\n<meta property=\"og:title\" content=\"Locus Solus #4 -\" \/>\n<meta property=\"og:description\" content=\"Locus Solus #4 Diciembre 2023 En esta cuarta secci\u00f3n visitamos \u00abNo importa si no es (m\u00fasica). Desenfoques\u00bb, de Yan Jun, editado por Dobra Robota en el a\u00f1o 2023. Textos compilados por Gabriela de Mola. Traducci\u00f3n de Orqu\u00eddea Lee. Tracklist: 01. Toshiya Tsunoda &#8211;\u00a0Race Pigeon House, Wada Hasse,\u00a0Somashikiba (edition.t, 2016)02. Toshiya Tsunoda &#8211; Celebratory Dance for [&hellip;]\" \/>\n<meta property=\"og:url\" content=\"https:\/\/teslafm.net\/en\/locus-solus-4\/\" \/>\n<meta property=\"article:publisher\" content=\"https:\/\/www.facebook.com\/teslafm.net\" \/>\n<meta property=\"article:modified_time\" content=\"2023-12-08T17:09:28+00:00\" \/>\n<meta property=\"og:image\" content=\"http:\/\/teslafm.net\/wp-content\/uploads\/2023\/12\/locus-solus-4.png\" \/>\n<meta name=\"twitter:card\" content=\"summary_large_image\" \/>\n<meta name=\"twitter:site\" content=\"@teslafm\" \/>\n<meta name=\"twitter:label1\" content=\"Est. reading time\" \/>\n\t<meta name=\"twitter:data1\" content=\"2 minutes\" \/>\n<script type=\"application\/ld+json\" class=\"yoast-schema-graph\">{\"@context\":\"https:\/\/schema.org\",\"@graph\":[{\"@type\":\"WebPage\",\"@id\":\"https:\/\/teslafm.net\/locus-solus-4\/\",\"url\":\"https:\/\/teslafm.net\/locus-solus-4\/\",\"name\":\"Locus Solus #4 -\",\"isPartOf\":{\"@id\":\"https:\/\/teslafm.net\/#website\"},\"primaryImageOfPage\":{\"@id\":\"https:\/\/teslafm.net\/locus-solus-4\/#primaryimage\"},\"image\":{\"@id\":\"https:\/\/teslafm.net\/locus-solus-4\/#primaryimage\"},\"thumbnailUrl\":\"http:\/\/teslafm.net\/wp-content\/uploads\/2023\/12\/locus-solus-4.png\",\"datePublished\":\"2023-12-08T10:43:20+00:00\",\"dateModified\":\"2023-12-08T17:09:28+00:00\",\"breadcrumb\":{\"@id\":\"https:\/\/teslafm.net\/locus-solus-4\/#breadcrumb\"},\"inLanguage\":\"en-US\",\"potentialAction\":[{\"@type\":\"ReadAction\",\"target\":[\"https:\/\/teslafm.net\/locus-solus-4\/\"]}]},{\"@type\":\"ImageObject\",\"inLanguage\":\"en-US\",\"@id\":\"https:\/\/teslafm.net\/locus-solus-4\/#primaryimage\",\"url\":\"http:\/\/teslafm.net\/wp-content\/uploads\/2023\/12\/locus-solus-4.png\",\"contentUrl\":\"http:\/\/teslafm.net\/wp-content\/uploads\/2023\/12\/locus-solus-4.png\"},{\"@type\":\"BreadcrumbList\",\"@id\":\"https:\/\/teslafm.net\/locus-solus-4\/#breadcrumb\",\"itemListElement\":[{\"@type\":\"ListItem\",\"position\":1,\"name\":\"Portada\",\"item\":\"https:\/\/teslafm.net\/\"},{\"@type\":\"ListItem\",\"position\":2,\"name\":\"Locus Solus #4\"}]},{\"@type\":\"WebSite\",\"@id\":\"https:\/\/teslafm.net\/#website\",\"url\":\"https:\/\/teslafm.net\/\",\"name\":\"TeslaFM\",\"description\":\"An experimental and creative radio\",\"publisher\":{\"@id\":\"https:\/\/teslafm.net\/#organization\"},\"potentialAction\":[{\"@type\":\"SearchAction\",\"target\":{\"@type\":\"EntryPoint\",\"urlTemplate\":\"https:\/\/teslafm.net\/?s={search_term_string}\"},\"query-input\":{\"@type\":\"PropertyValueSpecification\",\"valueRequired\":true,\"valueName\":\"search_term_string\"}}],\"inLanguage\":\"en-US\"},{\"@type\":\"Organization\",\"@id\":\"https:\/\/teslafm.net\/#organization\",\"name\":\"TeslaFM\",\"url\":\"https:\/\/teslafm.net\/\",\"logo\":{\"@type\":\"ImageObject\",\"inLanguage\":\"en-US\",\"@id\":\"https:\/\/teslafm.net\/#\/schema\/logo\/image\/\",\"url\":\"https:\/\/teslafm.net\/wp-content\/uploads\/2020\/06\/logo-tesla.png\",\"contentUrl\":\"https:\/\/teslafm.net\/wp-content\/uploads\/2020\/06\/logo-tesla.png\",\"width\":512,\"height\":512,\"caption\":\"TeslaFM\"},\"image\":{\"@id\":\"https:\/\/teslafm.net\/#\/schema\/logo\/image\/\"},\"sameAs\":[\"https:\/\/www.facebook.com\/teslafm.net\",\"https:\/\/x.com\/teslafm\"]}]}<\/script>\n<!-- \/ Yoast SEO plugin. -->","yoast_head_json":{"title":"Locus Solus #4 -","robots":{"index":"index","follow":"follow","max-snippet":"max-snippet:-1","max-image-preview":"max-image-preview:large","max-video-preview":"max-video-preview:-1"},"canonical":"https:\/\/teslafm.net\/en\/locus-solus-4\/","og_locale":"en_US","og_type":"article","og_title":"Locus Solus #4 -","og_description":"Locus Solus #4 Diciembre 2023 En esta cuarta secci\u00f3n visitamos \u00abNo importa si no es (m\u00fasica). Desenfoques\u00bb, de Yan Jun, editado por Dobra Robota en el a\u00f1o 2023. Textos compilados por Gabriela de Mola. Traducci\u00f3n de Orqu\u00eddea Lee. Tracklist: 01. Toshiya Tsunoda &#8211;\u00a0Race Pigeon House, Wada Hasse,\u00a0Somashikiba (edition.t, 2016)02. Toshiya Tsunoda &#8211; Celebratory Dance for [&hellip;]","og_url":"https:\/\/teslafm.net\/en\/locus-solus-4\/","article_publisher":"https:\/\/www.facebook.com\/teslafm.net","article_modified_time":"2023-12-08T17:09:28+00:00","og_image":[{"url":"http:\/\/teslafm.net\/wp-content\/uploads\/2023\/12\/locus-solus-4.png","type":"","width":"","height":""}],"twitter_card":"summary_large_image","twitter_site":"@teslafm","twitter_misc":{"Est. reading time":"2 minutes"},"schema":{"@context":"https:\/\/schema.org","@graph":[{"@type":"WebPage","@id":"https:\/\/teslafm.net\/locus-solus-4\/","url":"https:\/\/teslafm.net\/locus-solus-4\/","name":"Locus Solus #4 -","isPartOf":{"@id":"https:\/\/teslafm.net\/#website"},"primaryImageOfPage":{"@id":"https:\/\/teslafm.net\/locus-solus-4\/#primaryimage"},"image":{"@id":"https:\/\/teslafm.net\/locus-solus-4\/#primaryimage"},"thumbnailUrl":"http:\/\/teslafm.net\/wp-content\/uploads\/2023\/12\/locus-solus-4.png","datePublished":"2023-12-08T10:43:20+00:00","dateModified":"2023-12-08T17:09:28+00:00","breadcrumb":{"@id":"https:\/\/teslafm.net\/locus-solus-4\/#breadcrumb"},"inLanguage":"en-US","potentialAction":[{"@type":"ReadAction","target":["https:\/\/teslafm.net\/locus-solus-4\/"]}]},{"@type":"ImageObject","inLanguage":"en-US","@id":"https:\/\/teslafm.net\/locus-solus-4\/#primaryimage","url":"http:\/\/teslafm.net\/wp-content\/uploads\/2023\/12\/locus-solus-4.png","contentUrl":"http:\/\/teslafm.net\/wp-content\/uploads\/2023\/12\/locus-solus-4.png"},{"@type":"BreadcrumbList","@id":"https:\/\/teslafm.net\/locus-solus-4\/#breadcrumb","itemListElement":[{"@type":"ListItem","position":1,"name":"Portada","item":"https:\/\/teslafm.net\/"},{"@type":"ListItem","position":2,"name":"Locus Solus #4"}]},{"@type":"WebSite","@id":"https:\/\/teslafm.net\/#website","url":"https:\/\/teslafm.net\/","name":"TeslaFM","description":"An experimental and creative radio","publisher":{"@id":"https:\/\/teslafm.net\/#organization"},"potentialAction":[{"@type":"SearchAction","target":{"@type":"EntryPoint","urlTemplate":"https:\/\/teslafm.net\/?s={search_term_string}"},"query-input":{"@type":"PropertyValueSpecification","valueRequired":true,"valueName":"search_term_string"}}],"inLanguage":"en-US"},{"@type":"Organization","@id":"https:\/\/teslafm.net\/#organization","name":"TeslaFM","url":"https:\/\/teslafm.net\/","logo":{"@type":"ImageObject","inLanguage":"en-US","@id":"https:\/\/teslafm.net\/#\/schema\/logo\/image\/","url":"https:\/\/teslafm.net\/wp-content\/uploads\/2020\/06\/logo-tesla.png","contentUrl":"https:\/\/teslafm.net\/wp-content\/uploads\/2020\/06\/logo-tesla.png","width":512,"height":512,"caption":"TeslaFM"},"image":{"@id":"https:\/\/teslafm.net\/#\/schema\/logo\/image\/"},"sameAs":["https:\/\/www.facebook.com\/teslafm.net","https:\/\/x.com\/teslafm"]}]}},"rttpg_featured_image_url":null,"rttpg_author":{"display_name":"Ishak","author_link":"https:\/\/teslafm.net\/en\/author\/cravan\/"},"rttpg_comment":0,"rttpg_category":null,"rttpg_excerpt":"Locus Solus #4 Diciembre 2023 En esta cuarta secci\u00f3n visitamos \u00abNo importa si no es (m\u00fasica). Desenfoques\u00bb, de Yan Jun, editado por Dobra Robota en el a\u00f1o 2023. Textos compilados por Gabriela de Mola. Traducci\u00f3n de Orqu\u00eddea Lee. Tracklist: 01. Toshiya Tsunoda &#8211;\u00a0Race Pigeon House, Wada Hasse,\u00a0Somashikiba (edition.t, 2016)02. Toshiya Tsunoda &#8211; Celebratory Dance for&hellip;","_links":{"self":[{"href":"https:\/\/teslafm.net\/en\/wp-json\/wp\/v2\/pages\/64023","targetHints":{"allow":["GET"]}}],"collection":[{"href":"https:\/\/teslafm.net\/en\/wp-json\/wp\/v2\/pages"}],"about":[{"href":"https:\/\/teslafm.net\/en\/wp-json\/wp\/v2\/types\/page"}],"author":[{"embeddable":true,"href":"https:\/\/teslafm.net\/en\/wp-json\/wp\/v2\/users\/19"}],"replies":[{"embeddable":true,"href":"https:\/\/teslafm.net\/en\/wp-json\/wp\/v2\/comments?post=64023"}],"version-history":[{"count":7,"href":"https:\/\/teslafm.net\/en\/wp-json\/wp\/v2\/pages\/64023\/revisions"}],"predecessor-version":[{"id":64033,"href":"https:\/\/teslafm.net\/en\/wp-json\/wp\/v2\/pages\/64023\/revisions\/64033"}],"wp:attachment":[{"href":"https:\/\/teslafm.net\/en\/wp-json\/wp\/v2\/media?parent=64023"}],"curies":[{"name":"wp","href":"https:\/\/api.w.org\/{rel}","templated":true}]}}