

{"id":64037,"date":"2023-12-11T15:14:21","date_gmt":"2023-12-11T14:14:21","guid":{"rendered":"https:\/\/teslafm.net\/?page_id=64037"},"modified":"2023-12-12T14:02:18","modified_gmt":"2023-12-12T13:02:18","slug":"pabellon-29-4","status":"publish","type":"page","link":"https:\/\/teslafm.net\/en\/pabellon-29-4\/","title":{"rendered":"Hall 29 #4"},"content":{"rendered":"<h2><span style=\"color: #ffffff;\"><strong>Hall 29 #4<\/strong><\/span><\/h2>\n<p><span style=\"color: #808080;\"><em>December 2023<\/em><\/span><\/p>\n<p><iframe src=\"https:\/\/player-widget.mixcloud.com\/widget\/iframe\/?hide_cover=1&amp;feed=%2FTeslafm_net%2Fpabell%C3%B3n-29-4-virginia-d%C3%ADaz%2F\" width=\"100%\" height=\"120\" frameborder=\"0\"><\/iframe><\/p>\n<p><span style=\"color: #808080;\">Re-Birthday:::<\/span><br \/>\n<span style=\"color: #808080;\">\"The sound composition titled 're-birth\/\/day' by. <strong>Future3000<\/strong> has been carefully designed to close the last chapter of Pavilion29 for TeslaFM this December 2023. This immersive one-hour experience merges samples of the artist's <strong>Everyday Dust<\/strong> with personal productions from the project's modulars and field recordings. <strong>Future3000<\/strong>. For this meticulous approach a dark soundscape has been molded, replete with noise and broken environments, with the intention of inviting the listener to explore the amalgamation of sounds evoking unique sensations, facilitating a masterfully executed sonic journey. My hope is that the listener will use headphones and immerse themselves in a conscious listening, discovering the layers and nuances of this work from their own darkness and share this experience together. It is my birthday. My sound birthday.<\/span><\/p>\n<p><span style=\"color: #808080;\">I invite you to my party, the last Pavilion29... Best regards.<\/span><\/p>\n<p><span style=\"color: #808080;\">You will find me online at<\/span> <a href=\"https:\/\/www.kocmoc.cc\/\" target=\"_blank\" rel=\"noopener\">kocmoc.cc<\/a> <span style=\"color: #808080;\">or at an event of the Eclat collective.<\/span><\/p>\n<p><span style=\"color: #808080;\"><strong>Virginia Diaz<\/strong><\/span><\/p>","protected":false},"excerpt":{"rendered":"<p>Pabell\u00f3n 29 #4 Diciembre 2023 Re-Birthday::: \u00abLa composici\u00f3n sonora titulada &#8216;re-birth\/\/day&#8217; de Futuro3000 ha sido cuidadosamente dise\u00f1ada para clausurar el \u00faltimo cap\u00edtulo de Pabell\u00f3n29 para TeslaFM este diciembre 2023. Esta experiencia inmersiva de una hora fusiona samples del artista Everyday Dust con producciones personales provenientes de modulares y grabaciones de campo del proyecto Futuro3000. Para [&hellip;]<\/p>\n","protected":false},"author":19,"featured_media":0,"parent":0,"menu_order":0,"comment_status":"closed","ping_status":"closed","template":"","meta":{"footnotes":""},"class_list":["post-64037","page","type-page","status-publish","hentry"],"yoast_head":"<!-- This site is optimized with the Yoast SEO plugin v27.4 - https:\/\/yoast.com\/product\/yoast-seo-wordpress\/ -->\n<title>Pabell\u00f3n 29 #4 -<\/title>\n<meta name=\"robots\" content=\"index, follow, max-snippet:-1, max-image-preview:large, max-video-preview:-1\" \/>\n<link rel=\"canonical\" href=\"https:\/\/teslafm.net\/en\/pabellon-29-4\/\" \/>\n<meta property=\"og:locale\" content=\"en_US\" \/>\n<meta property=\"og:type\" content=\"article\" \/>\n<meta property=\"og:title\" content=\"Pabell\u00f3n 29 #4 -\" \/>\n<meta property=\"og:description\" content=\"Pabell\u00f3n 29 #4 Diciembre 2023 Re-Birthday::: \u00abLa composici\u00f3n sonora titulada &#8216;re-birth\/\/day&#8217; de Futuro3000 ha sido cuidadosamente dise\u00f1ada para clausurar el \u00faltimo cap\u00edtulo de Pabell\u00f3n29 para TeslaFM este diciembre 2023. Esta experiencia inmersiva de una hora fusiona samples del artista Everyday Dust con producciones personales provenientes de modulares y grabaciones de campo del proyecto Futuro3000. Para [&hellip;]\" \/>\n<meta property=\"og:url\" content=\"https:\/\/teslafm.net\/en\/pabellon-29-4\/\" \/>\n<meta property=\"article:publisher\" content=\"https:\/\/www.facebook.com\/teslafm.net\" \/>\n<meta property=\"article:modified_time\" content=\"2023-12-12T13:02:18+00:00\" \/>\n<meta property=\"og:image\" content=\"https:\/\/teslafm.net\/wp-content\/uploads\/2022\/09\/header-image-4-temp.png\" \/>\n\t<meta property=\"og:image:width\" content=\"1274\" \/>\n\t<meta property=\"og:image:height\" content=\"818\" \/>\n\t<meta property=\"og:image:type\" content=\"image\/png\" \/>\n<meta name=\"twitter:card\" content=\"summary_large_image\" \/>\n<meta name=\"twitter:site\" content=\"@teslafm\" \/>\n<meta name=\"twitter:label1\" content=\"Est. reading time\" \/>\n\t<meta name=\"twitter:data1\" content=\"1 minute\" \/>\n<script type=\"application\/ld+json\" class=\"yoast-schema-graph\">{\"@context\":\"https:\\\/\\\/schema.org\",\"@graph\":[{\"@type\":\"WebPage\",\"@id\":\"https:\\\/\\\/teslafm.net\\\/pabellon-29-4\\\/\",\"url\":\"https:\\\/\\\/teslafm.net\\\/pabellon-29-4\\\/\",\"name\":\"Pabell\u00f3n 29 #4 -\",\"isPartOf\":{\"@id\":\"https:\\\/\\\/teslafm.net\\\/#website\"},\"datePublished\":\"2023-12-11T14:14:21+00:00\",\"dateModified\":\"2023-12-12T13:02:18+00:00\",\"breadcrumb\":{\"@id\":\"https:\\\/\\\/teslafm.net\\\/pabellon-29-4\\\/#breadcrumb\"},\"inLanguage\":\"en-US\",\"potentialAction\":[{\"@type\":\"ReadAction\",\"target\":[\"https:\\\/\\\/teslafm.net\\\/pabellon-29-4\\\/\"]}]},{\"@type\":\"BreadcrumbList\",\"@id\":\"https:\\\/\\\/teslafm.net\\\/pabellon-29-4\\\/#breadcrumb\",\"itemListElement\":[{\"@type\":\"ListItem\",\"position\":1,\"name\":\"Portada\",\"item\":\"https:\\\/\\\/teslafm.net\\\/\"},{\"@type\":\"ListItem\",\"position\":2,\"name\":\"Pabell\u00f3n 29 #4\"}]},{\"@type\":\"WebSite\",\"@id\":\"https:\\\/\\\/teslafm.net\\\/#website\",\"url\":\"https:\\\/\\\/teslafm.net\\\/\",\"name\":\"TeslaFM\",\"description\":\"An experimental and creative radio\",\"publisher\":{\"@id\":\"https:\\\/\\\/teslafm.net\\\/#organization\"},\"potentialAction\":[{\"@type\":\"SearchAction\",\"target\":{\"@type\":\"EntryPoint\",\"urlTemplate\":\"https:\\\/\\\/teslafm.net\\\/?s={search_term_string}\"},\"query-input\":{\"@type\":\"PropertyValueSpecification\",\"valueRequired\":true,\"valueName\":\"search_term_string\"}}],\"inLanguage\":\"en-US\"},{\"@type\":\"Organization\",\"@id\":\"https:\\\/\\\/teslafm.net\\\/#organization\",\"name\":\"TeslaFM\",\"url\":\"https:\\\/\\\/teslafm.net\\\/\",\"logo\":{\"@type\":\"ImageObject\",\"inLanguage\":\"en-US\",\"@id\":\"https:\\\/\\\/teslafm.net\\\/#\\\/schema\\\/logo\\\/image\\\/\",\"url\":\"https:\\\/\\\/teslafm.net\\\/wp-content\\\/uploads\\\/2020\\\/06\\\/logo-tesla.png\",\"contentUrl\":\"https:\\\/\\\/teslafm.net\\\/wp-content\\\/uploads\\\/2020\\\/06\\\/logo-tesla.png\",\"width\":512,\"height\":512,\"caption\":\"TeslaFM\"},\"image\":{\"@id\":\"https:\\\/\\\/teslafm.net\\\/#\\\/schema\\\/logo\\\/image\\\/\"},\"sameAs\":[\"https:\\\/\\\/www.facebook.com\\\/teslafm.net\",\"https:\\\/\\\/x.com\\\/teslafm\"]}]}<\/script>\n<!-- \/ Yoast SEO plugin. -->","yoast_head_json":{"title":"Hall 29 #4 -","robots":{"index":"index","follow":"follow","max-snippet":"max-snippet:-1","max-image-preview":"max-image-preview:large","max-video-preview":"max-video-preview:-1"},"canonical":"https:\/\/teslafm.net\/en\/pabellon-29-4\/","og_locale":"en_US","og_type":"article","og_title":"Pabell\u00f3n 29 #4 -","og_description":"Pabell\u00f3n 29 #4 Diciembre 2023 Re-Birthday::: \u00abLa composici\u00f3n sonora titulada &#8216;re-birth\/\/day&#8217; de Futuro3000 ha sido cuidadosamente dise\u00f1ada para clausurar el \u00faltimo cap\u00edtulo de Pabell\u00f3n29 para TeslaFM este diciembre 2023. Esta experiencia inmersiva de una hora fusiona samples del artista Everyday Dust con producciones personales provenientes de modulares y grabaciones de campo del proyecto Futuro3000. Para [&hellip;]","og_url":"https:\/\/teslafm.net\/en\/pabellon-29-4\/","article_publisher":"https:\/\/www.facebook.com\/teslafm.net","article_modified_time":"2023-12-12T13:02:18+00:00","og_image":[{"width":1274,"height":818,"url":"https:\/\/teslafm.net\/wp-content\/uploads\/2022\/09\/header-image-4-temp.png","type":"image\/png"}],"twitter_card":"summary_large_image","twitter_site":"@teslafm","twitter_misc":{"Est. reading time":"1 minute"},"schema":{"@context":"https:\/\/schema.org","@graph":[{"@type":"WebPage","@id":"https:\/\/teslafm.net\/pabellon-29-4\/","url":"https:\/\/teslafm.net\/pabellon-29-4\/","name":"Hall 29 #4 -","isPartOf":{"@id":"https:\/\/teslafm.net\/#website"},"datePublished":"2023-12-11T14:14:21+00:00","dateModified":"2023-12-12T13:02:18+00:00","breadcrumb":{"@id":"https:\/\/teslafm.net\/pabellon-29-4\/#breadcrumb"},"inLanguage":"en-US","potentialAction":[{"@type":"ReadAction","target":["https:\/\/teslafm.net\/pabellon-29-4\/"]}]},{"@type":"BreadcrumbList","@id":"https:\/\/teslafm.net\/pabellon-29-4\/#breadcrumb","itemListElement":[{"@type":"ListItem","position":1,"name":"Portada","item":"https:\/\/teslafm.net\/"},{"@type":"ListItem","position":2,"name":"Pabell\u00f3n 29 #4"}]},{"@type":"WebSite","@id":"https:\/\/teslafm.net\/#website","url":"https:\/\/teslafm.net\/","name":"TeslaFM","description":"An experimental and creative radio","publisher":{"@id":"https:\/\/teslafm.net\/#organization"},"potentialAction":[{"@type":"SearchAction","target":{"@type":"EntryPoint","urlTemplate":"https:\/\/teslafm.net\/?s={search_term_string}"},"query-input":{"@type":"PropertyValueSpecification","valueRequired":true,"valueName":"search_term_string"}}],"inLanguage":"en-US"},{"@type":"Organization","@id":"https:\/\/teslafm.net\/#organization","name":"TeslaFM","url":"https:\/\/teslafm.net\/","logo":{"@type":"ImageObject","inLanguage":"en-US","@id":"https:\/\/teslafm.net\/#\/schema\/logo\/image\/","url":"https:\/\/teslafm.net\/wp-content\/uploads\/2020\/06\/logo-tesla.png","contentUrl":"https:\/\/teslafm.net\/wp-content\/uploads\/2020\/06\/logo-tesla.png","width":512,"height":512,"caption":"TeslaFM"},"image":{"@id":"https:\/\/teslafm.net\/#\/schema\/logo\/image\/"},"sameAs":["https:\/\/www.facebook.com\/teslafm.net","https:\/\/x.com\/teslafm"]}]}},"rttpg_featured_image_url":null,"rttpg_author":{"display_name":"Ishak","author_link":"https:\/\/teslafm.net\/en\/author\/cravan\/"},"rttpg_comment":0,"rttpg_category":null,"rttpg_excerpt":"Pabell\u00f3n 29 #4 Diciembre 2023 Re-Birthday::: \u00abLa composici\u00f3n sonora titulada &#8216;re-birth\/\/day&#8217; de Futuro3000 ha sido cuidadosamente dise\u00f1ada para clausurar el \u00faltimo cap\u00edtulo de Pabell\u00f3n29 para TeslaFM este diciembre 2023. Esta experiencia inmersiva de una hora fusiona samples del artista Everyday Dust con producciones personales provenientes de modulares y grabaciones de campo del proyecto Futuro3000. Para&hellip;","_links":{"self":[{"href":"https:\/\/teslafm.net\/en\/wp-json\/wp\/v2\/pages\/64037","targetHints":{"allow":["GET"]}}],"collection":[{"href":"https:\/\/teslafm.net\/en\/wp-json\/wp\/v2\/pages"}],"about":[{"href":"https:\/\/teslafm.net\/en\/wp-json\/wp\/v2\/types\/page"}],"author":[{"embeddable":true,"href":"https:\/\/teslafm.net\/en\/wp-json\/wp\/v2\/users\/19"}],"replies":[{"embeddable":true,"href":"https:\/\/teslafm.net\/en\/wp-json\/wp\/v2\/comments?post=64037"}],"version-history":[{"count":2,"href":"https:\/\/teslafm.net\/en\/wp-json\/wp\/v2\/pages\/64037\/revisions"}],"predecessor-version":[{"id":64042,"href":"https:\/\/teslafm.net\/en\/wp-json\/wp\/v2\/pages\/64037\/revisions\/64042"}],"wp:attachment":[{"href":"https:\/\/teslafm.net\/en\/wp-json\/wp\/v2\/media?parent=64037"}],"curies":[{"name":"wp","href":"https:\/\/api.w.org\/{rel}","templated":true}]}}