

{"id":64043,"date":"2023-12-12T16:04:23","date_gmt":"2023-12-12T15:04:23","guid":{"rendered":"https:\/\/teslafm.net\/?page_id=64043"},"modified":"2023-12-12T16:07:20","modified_gmt":"2023-12-12T15:07:20","slug":"ones-de-crom-26","status":"publish","type":"page","link":"https:\/\/teslafm.net\/en\/ones-de-crom-26\/","title":{"rendered":"Ones de Crom #26"},"content":{"rendered":"<div data-elementor-type=\"wp-page\" data-elementor-id=\"64043\" class=\"elementor elementor-64043\">\n\t\t\t\t\t\t<section class=\"elementor-section elementor-top-section elementor-element elementor-element-1fdce871 elementor-section-boxed elementor-section-height-default elementor-section-height-default\" data-id=\"1fdce871\" data-element_type=\"section\" data-e-type=\"section\">\n\t\t\t\t\t\t<div class=\"elementor-container elementor-column-gap-default\">\n\t\t\t\t\t<div class=\"elementor-column elementor-col-100 elementor-top-column elementor-element elementor-element-7c05cde9\" data-id=\"7c05cde9\" data-element_type=\"column\" data-e-type=\"column\">\n\t\t\t<div class=\"elementor-widget-wrap elementor-element-populated\">\n\t\t\t\t\t\t<div class=\"elementor-element elementor-element-7045cf0e elementor-widget elementor-widget-text-editor\" data-id=\"7045cf0e\" data-element_type=\"widget\" data-e-type=\"widget\" data-widget_type=\"text-editor.default\">\n\t\t\t\t<div class=\"elementor-widget-container\">\n\t\t\t\t\t\t\t\t\t<h2><span style=\"color: #ffffff;\"><strong>Ones de Crom #26<\/strong><\/span><\/h2><p><span style=\"color: #808080;\"><em>Rhodri Davies<\/em><\/span><\/p><p><iframe src=\"https:\/\/player-widget.mixcloud.com\/widget\/iframe\/?hide_cover=1&amp;feed=%2FTeslafm_net%2Fones-de-crom-26-emili-mir%C3%B3%2F\" width=\"100%\" height=\"120\" frameborder=\"0\"><\/iframe><\/p>\t\t\t\t\t\t\t\t<\/div>\n\t\t\t\t<\/div>\n\t\t\t\t\t<\/div>\n\t\t<\/div>\n\t\t\t\t\t<\/div>\n\t\t<\/section>\n\t\t\t\t<section class=\"elementor-section elementor-top-section elementor-element elementor-element-a247b64 elementor-section-boxed elementor-section-height-default elementor-section-height-default\" data-id=\"a247b64\" data-element_type=\"section\" data-e-type=\"section\">\n\t\t\t\t\t\t<div class=\"elementor-container elementor-column-gap-default\">\n\t\t\t\t\t<div class=\"elementor-column elementor-col-50 elementor-top-column elementor-element elementor-element-28fceca\" data-id=\"28fceca\" data-element_type=\"column\" data-e-type=\"column\">\n\t\t\t<div class=\"elementor-widget-wrap elementor-element-populated\">\n\t\t\t\t\t\t<div class=\"elementor-element elementor-element-0b0d455 elementor-widget elementor-widget-image\" data-id=\"0b0d455\" data-element_type=\"widget\" data-e-type=\"widget\" data-widget_type=\"image.default\">\n\t\t\t\t<div class=\"elementor-widget-container\">\n\t\t\t\t\t\t\t\t\t\t\t\t\t\t\t<img fetchpriority=\"high\" decoding=\"async\" width=\"360\" height=\"240\" src=\"https:\/\/teslafm.net\/wp-content\/uploads\/2023\/12\/RHODRI-DAVIES.jpg\" class=\"attachment-large size-large wp-image-64045\" alt=\"\" srcset=\"https:\/\/teslafm.net\/wp-content\/uploads\/2023\/12\/RHODRI-DAVIES.jpg 360w, https:\/\/teslafm.net\/wp-content\/uploads\/2023\/12\/RHODRI-DAVIES-300x200.jpg 300w, https:\/\/teslafm.net\/wp-content\/uploads\/2023\/12\/RHODRI-DAVIES-18x12.jpg 18w\" sizes=\"(max-width: 360px) 100vw, 360px\" \/>\t\t\t\t\t\t\t\t\t\t\t\t\t\t\t<\/div>\n\t\t\t\t<\/div>\n\t\t\t\t\t<\/div>\n\t\t<\/div>\n\t\t\t\t<div class=\"elementor-column elementor-col-50 elementor-top-column elementor-element elementor-element-dd7052c\" data-id=\"dd7052c\" data-element_type=\"column\" data-e-type=\"column\">\n\t\t\t<div class=\"elementor-widget-wrap elementor-element-populated\">\n\t\t\t\t\t\t<div class=\"elementor-element elementor-element-4f6e60b elementor-widget elementor-widget-text-editor\" data-id=\"4f6e60b\" data-element_type=\"widget\" data-e-type=\"widget\" data-widget_type=\"text-editor.default\">\n\t\t\t\t<div class=\"elementor-widget-container\">\n\t\t\t\t\t\t\t\t\t<p><span style=\"color: #808080;\">The harp in the hands of this Welshman is an instrument of reductionist improvisation and manipulations of its sound with objects, harp and electronics. Tireless collaborator of many different musicians and formations of improvisation, free jazz, electronics and other acoustic instruments, we listen to some works of his career. We start with \"Vortices &amp; Angels\" (2000) together with <strong>Derek Bailey<\/strong> to the guitar i <strong>John Butcher<\/strong> on saxophone, followed by the quartet with <strong>Chris Burn<\/strong>, <strong>John Butcher<\/strong> and <strong>John Edwards<\/strong> to \"The First Two Gigs\" (2001) and in solo improvised harp manipulations to \"Trem\" (2002). Together with the precussionist <strong>Ingar Zach<\/strong> sentim \"Ieirll\" (2005) and amb <strong>Ko Ishikawa<\/strong> a \"Compositions For Harp And Sho\" (2006) manipulations of japanese sho flute and harp. In \"Valved Strings Calculator\" (2009) in trio format he approaches the harp to the tuba from <strong>Robin Hayward<\/strong> i l'ordinador de <strong>Taku Unami<\/strong>In \"3 Harp Treatments\" (2009) there is an electronic edition of the improvicasi\u00f3 of the harp by <strong>Davies<\/strong> per part de <strong>Gregory B\u00fcttner<\/strong> i amb <strong>David Toop<\/strong> and <strong>Lee Patterson<\/strong> improvises with electronics, harp and field recordings in \"Wunderkammern\" (2010). It is in \"Works 1960-70\" (2010) where he reinterprets compositions by <strong>Cornelius Cardew<\/strong> together <strong>John Tilbury<\/strong> (piano) i <strong>Michael Duch<\/strong> (contrabaix). Again with the saxophone of <strong>John Butcher<\/strong> we listen to \"Carliol\" (2010) and in solo we finish with the improvised harp approach to African rhythms from \"Wound Response\" (2012) and \"An Air Swept Clean Of All Distance\" (2014).<\/span><\/p>\t\t\t\t\t\t\t\t<\/div>\n\t\t\t\t<\/div>\n\t\t\t\t\t<\/div>\n\t\t<\/div>\n\t\t\t\t\t<\/div>\n\t\t<\/section>\n\t\t\t\t<\/div>","protected":false},"excerpt":{"rendered":"<p>Ones de Crom #26 Rhodri Davies L&#8217;arpa en mans d&#8217;aquest gal\u00e8s \u00c8s un instrument d&#8217;improvisaci\u00f3 reduccionista i de manipulacions del seu so amb objectes, arquet i electr\u00f2nica. Infatigable col\u00b7laborador de molts diferents m\u00fasics i formacions d&#8217;improvisaci\u00f3, free jazz, electr\u00f2nica i d&#8217;altres instruments ac\u00fastics, escoltem alguns treballs de la seva carrera. Comencem per \u00abVortices &amp; Angels\u00bb [&hellip;]<\/p>\n","protected":false},"author":19,"featured_media":0,"parent":0,"menu_order":0,"comment_status":"closed","ping_status":"closed","template":"","meta":{"footnotes":""},"class_list":["post-64043","page","type-page","status-publish","hentry"],"yoast_head":"<!-- This site is optimized with the Yoast SEO plugin v27.2 - https:\/\/yoast.com\/product\/yoast-seo-wordpress\/ -->\n<title>Ones de Crom #26 -<\/title>\n<meta name=\"robots\" content=\"index, follow, max-snippet:-1, max-image-preview:large, max-video-preview:-1\" \/>\n<link rel=\"canonical\" href=\"https:\/\/teslafm.net\/en\/ones-de-crom-26\/\" \/>\n<meta property=\"og:locale\" content=\"en_US\" \/>\n<meta property=\"og:type\" content=\"article\" \/>\n<meta property=\"og:title\" content=\"Ones de Crom #26 -\" \/>\n<meta property=\"og:description\" content=\"Ones de Crom #26 Rhodri Davies L&#8217;arpa en mans d&#8217;aquest gal\u00e8s \u00c8s un instrument d&#8217;improvisaci\u00f3 reduccionista i de manipulacions del seu so amb objectes, arquet i electr\u00f2nica. Infatigable col\u00b7laborador de molts diferents m\u00fasics i formacions d&#8217;improvisaci\u00f3, free jazz, electr\u00f2nica i d&#8217;altres instruments ac\u00fastics, escoltem alguns treballs de la seva carrera. Comencem per \u00abVortices &amp; Angels\u00bb [&hellip;]\" \/>\n<meta property=\"og:url\" content=\"https:\/\/teslafm.net\/en\/ones-de-crom-26\/\" \/>\n<meta property=\"article:publisher\" content=\"https:\/\/www.facebook.com\/teslafm.net\" \/>\n<meta property=\"article:modified_time\" content=\"2023-12-12T15:07:20+00:00\" \/>\n<meta property=\"og:image\" content=\"http:\/\/teslafm.net\/wp-content\/uploads\/2023\/12\/RHODRI-DAVIES.jpg\" \/>\n<meta name=\"twitter:card\" content=\"summary_large_image\" \/>\n<meta name=\"twitter:site\" content=\"@teslafm\" \/>\n<meta name=\"twitter:label1\" content=\"Est. reading time\" \/>\n\t<meta name=\"twitter:data1\" content=\"2 minutes\" \/>\n<script type=\"application\/ld+json\" class=\"yoast-schema-graph\">{\"@context\":\"https:\/\/schema.org\",\"@graph\":[{\"@type\":\"WebPage\",\"@id\":\"https:\/\/teslafm.net\/ones-de-crom-26\/\",\"url\":\"https:\/\/teslafm.net\/ones-de-crom-26\/\",\"name\":\"Ones de Crom #26 -\",\"isPartOf\":{\"@id\":\"https:\/\/teslafm.net\/#website\"},\"primaryImageOfPage\":{\"@id\":\"https:\/\/teslafm.net\/ones-de-crom-26\/#primaryimage\"},\"image\":{\"@id\":\"https:\/\/teslafm.net\/ones-de-crom-26\/#primaryimage\"},\"thumbnailUrl\":\"http:\/\/teslafm.net\/wp-content\/uploads\/2023\/12\/RHODRI-DAVIES.jpg\",\"datePublished\":\"2023-12-12T15:04:23+00:00\",\"dateModified\":\"2023-12-12T15:07:20+00:00\",\"breadcrumb\":{\"@id\":\"https:\/\/teslafm.net\/ones-de-crom-26\/#breadcrumb\"},\"inLanguage\":\"en-US\",\"potentialAction\":[{\"@type\":\"ReadAction\",\"target\":[\"https:\/\/teslafm.net\/ones-de-crom-26\/\"]}]},{\"@type\":\"ImageObject\",\"inLanguage\":\"en-US\",\"@id\":\"https:\/\/teslafm.net\/ones-de-crom-26\/#primaryimage\",\"url\":\"http:\/\/teslafm.net\/wp-content\/uploads\/2023\/12\/RHODRI-DAVIES.jpg\",\"contentUrl\":\"http:\/\/teslafm.net\/wp-content\/uploads\/2023\/12\/RHODRI-DAVIES.jpg\"},{\"@type\":\"BreadcrumbList\",\"@id\":\"https:\/\/teslafm.net\/ones-de-crom-26\/#breadcrumb\",\"itemListElement\":[{\"@type\":\"ListItem\",\"position\":1,\"name\":\"Portada\",\"item\":\"https:\/\/teslafm.net\/\"},{\"@type\":\"ListItem\",\"position\":2,\"name\":\"Ones de Crom #26\"}]},{\"@type\":\"WebSite\",\"@id\":\"https:\/\/teslafm.net\/#website\",\"url\":\"https:\/\/teslafm.net\/\",\"name\":\"TeslaFM\",\"description\":\"An experimental and creative radio\",\"publisher\":{\"@id\":\"https:\/\/teslafm.net\/#organization\"},\"potentialAction\":[{\"@type\":\"SearchAction\",\"target\":{\"@type\":\"EntryPoint\",\"urlTemplate\":\"https:\/\/teslafm.net\/?s={search_term_string}\"},\"query-input\":{\"@type\":\"PropertyValueSpecification\",\"valueRequired\":true,\"valueName\":\"search_term_string\"}}],\"inLanguage\":\"en-US\"},{\"@type\":\"Organization\",\"@id\":\"https:\/\/teslafm.net\/#organization\",\"name\":\"TeslaFM\",\"url\":\"https:\/\/teslafm.net\/\",\"logo\":{\"@type\":\"ImageObject\",\"inLanguage\":\"en-US\",\"@id\":\"https:\/\/teslafm.net\/#\/schema\/logo\/image\/\",\"url\":\"https:\/\/teslafm.net\/wp-content\/uploads\/2020\/06\/logo-tesla.png\",\"contentUrl\":\"https:\/\/teslafm.net\/wp-content\/uploads\/2020\/06\/logo-tesla.png\",\"width\":512,\"height\":512,\"caption\":\"TeslaFM\"},\"image\":{\"@id\":\"https:\/\/teslafm.net\/#\/schema\/logo\/image\/\"},\"sameAs\":[\"https:\/\/www.facebook.com\/teslafm.net\",\"https:\/\/x.com\/teslafm\"]}]}<\/script>\n<!-- \/ Yoast SEO plugin. -->","yoast_head_json":{"title":"Crom Ones #26 -","robots":{"index":"index","follow":"follow","max-snippet":"max-snippet:-1","max-image-preview":"max-image-preview:large","max-video-preview":"max-video-preview:-1"},"canonical":"https:\/\/teslafm.net\/en\/ones-de-crom-26\/","og_locale":"en_US","og_type":"article","og_title":"Ones de Crom #26 -","og_description":"Ones de Crom #26 Rhodri Davies L&#8217;arpa en mans d&#8217;aquest gal\u00e8s \u00c8s un instrument d&#8217;improvisaci\u00f3 reduccionista i de manipulacions del seu so amb objectes, arquet i electr\u00f2nica. Infatigable col\u00b7laborador de molts diferents m\u00fasics i formacions d&#8217;improvisaci\u00f3, free jazz, electr\u00f2nica i d&#8217;altres instruments ac\u00fastics, escoltem alguns treballs de la seva carrera. Comencem per \u00abVortices &amp; Angels\u00bb [&hellip;]","og_url":"https:\/\/teslafm.net\/en\/ones-de-crom-26\/","article_publisher":"https:\/\/www.facebook.com\/teslafm.net","article_modified_time":"2023-12-12T15:07:20+00:00","og_image":[{"url":"http:\/\/teslafm.net\/wp-content\/uploads\/2023\/12\/RHODRI-DAVIES.jpg","type":"","width":"","height":""}],"twitter_card":"summary_large_image","twitter_site":"@teslafm","twitter_misc":{"Est. reading time":"2 minutes"},"schema":{"@context":"https:\/\/schema.org","@graph":[{"@type":"WebPage","@id":"https:\/\/teslafm.net\/ones-de-crom-26\/","url":"https:\/\/teslafm.net\/ones-de-crom-26\/","name":"Crom Ones #26 -","isPartOf":{"@id":"https:\/\/teslafm.net\/#website"},"primaryImageOfPage":{"@id":"https:\/\/teslafm.net\/ones-de-crom-26\/#primaryimage"},"image":{"@id":"https:\/\/teslafm.net\/ones-de-crom-26\/#primaryimage"},"thumbnailUrl":"http:\/\/teslafm.net\/wp-content\/uploads\/2023\/12\/RHODRI-DAVIES.jpg","datePublished":"2023-12-12T15:04:23+00:00","dateModified":"2023-12-12T15:07:20+00:00","breadcrumb":{"@id":"https:\/\/teslafm.net\/ones-de-crom-26\/#breadcrumb"},"inLanguage":"en-US","potentialAction":[{"@type":"ReadAction","target":["https:\/\/teslafm.net\/ones-de-crom-26\/"]}]},{"@type":"ImageObject","inLanguage":"en-US","@id":"https:\/\/teslafm.net\/ones-de-crom-26\/#primaryimage","url":"http:\/\/teslafm.net\/wp-content\/uploads\/2023\/12\/RHODRI-DAVIES.jpg","contentUrl":"http:\/\/teslafm.net\/wp-content\/uploads\/2023\/12\/RHODRI-DAVIES.jpg"},{"@type":"BreadcrumbList","@id":"https:\/\/teslafm.net\/ones-de-crom-26\/#breadcrumb","itemListElement":[{"@type":"ListItem","position":1,"name":"Portada","item":"https:\/\/teslafm.net\/"},{"@type":"ListItem","position":2,"name":"Ones de Crom #26"}]},{"@type":"WebSite","@id":"https:\/\/teslafm.net\/#website","url":"https:\/\/teslafm.net\/","name":"TeslaFM","description":"An experimental and creative radio","publisher":{"@id":"https:\/\/teslafm.net\/#organization"},"potentialAction":[{"@type":"SearchAction","target":{"@type":"EntryPoint","urlTemplate":"https:\/\/teslafm.net\/?s={search_term_string}"},"query-input":{"@type":"PropertyValueSpecification","valueRequired":true,"valueName":"search_term_string"}}],"inLanguage":"en-US"},{"@type":"Organization","@id":"https:\/\/teslafm.net\/#organization","name":"TeslaFM","url":"https:\/\/teslafm.net\/","logo":{"@type":"ImageObject","inLanguage":"en-US","@id":"https:\/\/teslafm.net\/#\/schema\/logo\/image\/","url":"https:\/\/teslafm.net\/wp-content\/uploads\/2020\/06\/logo-tesla.png","contentUrl":"https:\/\/teslafm.net\/wp-content\/uploads\/2020\/06\/logo-tesla.png","width":512,"height":512,"caption":"TeslaFM"},"image":{"@id":"https:\/\/teslafm.net\/#\/schema\/logo\/image\/"},"sameAs":["https:\/\/www.facebook.com\/teslafm.net","https:\/\/x.com\/teslafm"]}]}},"rttpg_featured_image_url":null,"rttpg_author":{"display_name":"Ishak","author_link":"https:\/\/teslafm.net\/en\/author\/cravan\/"},"rttpg_comment":0,"rttpg_category":null,"rttpg_excerpt":"Ones de Crom #26 Rhodri Davies L&#8217;arpa en mans d&#8217;aquest gal\u00e8s \u00c8s un instrument d&#8217;improvisaci\u00f3 reduccionista i de manipulacions del seu so amb objectes, arquet i electr\u00f2nica. Infatigable col\u00b7laborador de molts diferents m\u00fasics i formacions d&#8217;improvisaci\u00f3, free jazz, electr\u00f2nica i d&#8217;altres instruments ac\u00fastics, escoltem alguns treballs de la seva carrera. Comencem per \u00abVortices &amp; Angels\u00bb&hellip;","_links":{"self":[{"href":"https:\/\/teslafm.net\/en\/wp-json\/wp\/v2\/pages\/64043","targetHints":{"allow":["GET"]}}],"collection":[{"href":"https:\/\/teslafm.net\/en\/wp-json\/wp\/v2\/pages"}],"about":[{"href":"https:\/\/teslafm.net\/en\/wp-json\/wp\/v2\/types\/page"}],"author":[{"embeddable":true,"href":"https:\/\/teslafm.net\/en\/wp-json\/wp\/v2\/users\/19"}],"replies":[{"embeddable":true,"href":"https:\/\/teslafm.net\/en\/wp-json\/wp\/v2\/comments?post=64043"}],"version-history":[{"count":7,"href":"https:\/\/teslafm.net\/en\/wp-json\/wp\/v2\/pages\/64043\/revisions"}],"predecessor-version":[{"id":64051,"href":"https:\/\/teslafm.net\/en\/wp-json\/wp\/v2\/pages\/64043\/revisions\/64051"}],"wp:attachment":[{"href":"https:\/\/teslafm.net\/en\/wp-json\/wp\/v2\/media?parent=64043"}],"curies":[{"name":"wp","href":"https:\/\/api.w.org\/{rel}","templated":true}]}}