

{"id":64065,"date":"2023-12-14T17:30:08","date_gmt":"2023-12-14T16:30:08","guid":{"rendered":"https:\/\/teslafm.net\/?page_id=64065"},"modified":"2023-12-14T17:30:08","modified_gmt":"2023-12-14T16:30:08","slug":"digital-entropy-17","status":"publish","type":"page","link":"https:\/\/teslafm.net\/en\/digital-entropy-17\/","title":{"rendered":"Digital Entropy #17"},"content":{"rendered":"<h2><span style=\"color: #ffffff;\"><strong>Digital Entropy #17<\/strong><\/span><\/h2>\n<p><span style=\"color: #808080;\"><em>Meditation mode<\/em><\/span><\/p>\n<p><iframe src=\"https:\/\/player-widget.mixcloud.com\/widget\/iframe\/?hide_cover=1&amp;feed=%2FTeslafm_net%2Fdigital-entropy-17-nikka%2F\" width=\"100%\" height=\"120\" frameborder=\"0\"><\/iframe><\/p>\n<p lang=\"en-GB\"><span style=\"color: #808080;\">This month, Digital Entropy, presents two new projects that move between psychoacoustic and meditative music, and that make me vibrate from the inside.<\/span><\/p>\n<p lang=\"en-GB\"><span style=\"color: #808080;\">I thought it was great to bring them together to end the year meditating with good music. <\/span><\/p>\n<p lang=\"en-GB\"><span style=\"color: #808080;\">The first project is the new reference \"Fauna M\u00edstica\" from <strong>Anarco<\/strong>. Artist from Malaga who in 2005 created the collective Miga in Granada. All the songs are live recordings, inspired by nature and animals, where each track is dedicated to an animal. The first track, \"Arcahnocampa\", is dedicated to some worms that live in caves in New Zealand, hang from the ceiling and are bioluminescent. They attract insects that eat them. But <strong>Anarco<\/strong>is also politically charged, and in the second track the processed voice is of Putin declaring the invasion of Ukraine.<\/span><\/p>\n<p lang=\"en-GB\"><span style=\"color: #808080;\">The second project is RESPIRA. An app for meditation in which you can listen to music for meditation by artists such as <strong>Ben Lukas Boysen<\/strong> a.k.a <strong>Hecq<\/strong>, <strong>Loscil<\/strong>, <strong>Nailah Hunter,<\/strong> <strong>J\u00f3nsi<\/strong>, <strong>Max Richter,<\/strong>... among many others... a whole festival of psychoacoustics to reset ourselves every day by meditating and breathing consciously. <\/span><\/p>\n<p lang=\"en-GB\">\n<p lang=\"en-GB\"><span style=\"color: #808080;\">Tracklist:<\/span><\/p>\n<p><span style=\"color: #808080;\">01. App Breathe - Lullaby <\/span><br \/>\n<span style=\"color: #808080;\">02. <strong>Ben Lukas Boysen<\/strong> - Florescent Rain <\/span><br \/>\n<span style=\"color: #808080;\">03. <strong>Anarco<\/strong> - Arcohnocampa Luminiosa<\/span><br \/>\n<span style=\"color: #808080;\">04. <strong>Loscil<\/strong> - Dust Circles <\/span><br \/>\n<span style=\"color: #808080;\">05. <strong>Anarco<\/strong> - Physalia physalis <\/span><br \/>\n<span style=\"color: #808080;\">06. <strong>J\u00f3nsi<\/strong>,<strong> Kjartan Holm<\/strong>,<strong> Sin Fang<\/strong>,<strong> Alex Somers<\/strong> - Birki\u00a0 <\/span><br \/>\n<span style=\"color: #808080;\">07. App Breathe - Lullaby<\/span><br \/>\n<span style=\"color: #808080;\">08. <strong>Nailah Hunter<\/strong> - Forest Dwelling <\/span><br \/>\n<span style=\"color: #808080;\">09. <strong>Max Richter<\/strong>, <strong>Grace Davidson<\/strong> - Path 5 (delta)\u00a0 <\/span><br \/>\n<span style=\"color: #808080;\">10. <strong>Anarco<\/strong> - Photinus carolinus <\/span><br \/>\n<span style=\"color: #808080;\">11. <strong>Loscil<\/strong> - Red Tide <\/span><br \/>\n<span style=\"color: #808080;\">12. <strong>Anarco<\/strong> - Daubentonia madagascariensis <\/span><br \/>\n<span style=\"color: #808080;\">13. <strong>Loscil<\/strong> - Vells <\/span><br \/>\n<span style=\"color: #808080;\">14. App Breathe - Lullaby <\/span><br \/>\n<span style=\"color: #808080;\">15. <strong>Ben lukas Boysen<\/strong> - Florescent Rain<\/span><\/p>","protected":false},"excerpt":{"rendered":"<p>Digital Entropy #17 Meditation mode Este mes, Digital Entropy, presenta a dos nuevos proyectos que se mueven entre psicoac\u00fastica y m\u00fasica meditativa, y que me hacen vibrar desde mi dentro. Me ha parecido genial juntarlos para acabar el a\u00f1o meditando con buena m\u00fasica. El primero proyecto es la nueva referencia \u201cFauna M\u00edstica\u201d de Anarco. Artista [&hellip;]<\/p>\n","protected":false},"author":19,"featured_media":0,"parent":0,"menu_order":0,"comment_status":"closed","ping_status":"closed","template":"","meta":{"footnotes":""},"class_list":["post-64065","page","type-page","status-publish","hentry"],"yoast_head":"<!-- This site is optimized with the Yoast SEO plugin v27.2 - https:\/\/yoast.com\/product\/yoast-seo-wordpress\/ -->\n<title>Digital Entropy #17 -<\/title>\n<meta name=\"robots\" content=\"index, follow, max-snippet:-1, max-image-preview:large, max-video-preview:-1\" \/>\n<link rel=\"canonical\" href=\"https:\/\/teslafm.net\/en\/digital-entropy-17\/\" \/>\n<meta property=\"og:locale\" content=\"en_US\" \/>\n<meta property=\"og:type\" content=\"article\" \/>\n<meta property=\"og:title\" content=\"Digital Entropy #17 -\" \/>\n<meta property=\"og:description\" content=\"Digital Entropy #17 Meditation mode Este mes, Digital Entropy, presenta a dos nuevos proyectos que se mueven entre psicoac\u00fastica y m\u00fasica meditativa, y que me hacen vibrar desde mi dentro. Me ha parecido genial juntarlos para acabar el a\u00f1o meditando con buena m\u00fasica. El primero proyecto es la nueva referencia \u201cFauna M\u00edstica\u201d de Anarco. Artista [&hellip;]\" \/>\n<meta property=\"og:url\" content=\"https:\/\/teslafm.net\/en\/digital-entropy-17\/\" \/>\n<meta property=\"article:publisher\" content=\"https:\/\/www.facebook.com\/teslafm.net\" \/>\n<meta property=\"og:image\" content=\"https:\/\/teslafm.net\/wp-content\/uploads\/2022\/09\/header-image-4-temp.png\" \/>\n\t<meta property=\"og:image:width\" content=\"1274\" \/>\n\t<meta property=\"og:image:height\" content=\"818\" \/>\n\t<meta property=\"og:image:type\" content=\"image\/png\" \/>\n<meta name=\"twitter:card\" content=\"summary_large_image\" \/>\n<meta name=\"twitter:site\" content=\"@teslafm\" \/>\n<meta name=\"twitter:label1\" content=\"Est. reading time\" \/>\n\t<meta name=\"twitter:data1\" content=\"2 minutes\" \/>\n<script type=\"application\/ld+json\" class=\"yoast-schema-graph\">{\"@context\":\"https:\/\/schema.org\",\"@graph\":[{\"@type\":\"WebPage\",\"@id\":\"https:\/\/teslafm.net\/digital-entropy-17\/\",\"url\":\"https:\/\/teslafm.net\/digital-entropy-17\/\",\"name\":\"Digital Entropy #17 -\",\"isPartOf\":{\"@id\":\"https:\/\/teslafm.net\/#website\"},\"datePublished\":\"2023-12-14T16:30:08+00:00\",\"breadcrumb\":{\"@id\":\"https:\/\/teslafm.net\/digital-entropy-17\/#breadcrumb\"},\"inLanguage\":\"en-US\",\"potentialAction\":[{\"@type\":\"ReadAction\",\"target\":[\"https:\/\/teslafm.net\/digital-entropy-17\/\"]}]},{\"@type\":\"BreadcrumbList\",\"@id\":\"https:\/\/teslafm.net\/digital-entropy-17\/#breadcrumb\",\"itemListElement\":[{\"@type\":\"ListItem\",\"position\":1,\"name\":\"Portada\",\"item\":\"https:\/\/teslafm.net\/\"},{\"@type\":\"ListItem\",\"position\":2,\"name\":\"Digital Entropy #17\"}]},{\"@type\":\"WebSite\",\"@id\":\"https:\/\/teslafm.net\/#website\",\"url\":\"https:\/\/teslafm.net\/\",\"name\":\"TeslaFM\",\"description\":\"An experimental and creative radio\",\"publisher\":{\"@id\":\"https:\/\/teslafm.net\/#organization\"},\"potentialAction\":[{\"@type\":\"SearchAction\",\"target\":{\"@type\":\"EntryPoint\",\"urlTemplate\":\"https:\/\/teslafm.net\/?s={search_term_string}\"},\"query-input\":{\"@type\":\"PropertyValueSpecification\",\"valueRequired\":true,\"valueName\":\"search_term_string\"}}],\"inLanguage\":\"en-US\"},{\"@type\":\"Organization\",\"@id\":\"https:\/\/teslafm.net\/#organization\",\"name\":\"TeslaFM\",\"url\":\"https:\/\/teslafm.net\/\",\"logo\":{\"@type\":\"ImageObject\",\"inLanguage\":\"en-US\",\"@id\":\"https:\/\/teslafm.net\/#\/schema\/logo\/image\/\",\"url\":\"https:\/\/teslafm.net\/wp-content\/uploads\/2020\/06\/logo-tesla.png\",\"contentUrl\":\"https:\/\/teslafm.net\/wp-content\/uploads\/2020\/06\/logo-tesla.png\",\"width\":512,\"height\":512,\"caption\":\"TeslaFM\"},\"image\":{\"@id\":\"https:\/\/teslafm.net\/#\/schema\/logo\/image\/\"},\"sameAs\":[\"https:\/\/www.facebook.com\/teslafm.net\",\"https:\/\/x.com\/teslafm\"]}]}<\/script>\n<!-- \/ Yoast SEO plugin. -->","yoast_head_json":{"title":"Digital Entropy #17 -","robots":{"index":"index","follow":"follow","max-snippet":"max-snippet:-1","max-image-preview":"max-image-preview:large","max-video-preview":"max-video-preview:-1"},"canonical":"https:\/\/teslafm.net\/en\/digital-entropy-17\/","og_locale":"en_US","og_type":"article","og_title":"Digital Entropy #17 -","og_description":"Digital Entropy #17 Meditation mode Este mes, Digital Entropy, presenta a dos nuevos proyectos que se mueven entre psicoac\u00fastica y m\u00fasica meditativa, y que me hacen vibrar desde mi dentro. Me ha parecido genial juntarlos para acabar el a\u00f1o meditando con buena m\u00fasica. El primero proyecto es la nueva referencia \u201cFauna M\u00edstica\u201d de Anarco. Artista [&hellip;]","og_url":"https:\/\/teslafm.net\/en\/digital-entropy-17\/","article_publisher":"https:\/\/www.facebook.com\/teslafm.net","og_image":[{"width":1274,"height":818,"url":"https:\/\/teslafm.net\/wp-content\/uploads\/2022\/09\/header-image-4-temp.png","type":"image\/png"}],"twitter_card":"summary_large_image","twitter_site":"@teslafm","twitter_misc":{"Est. reading time":"2 minutes"},"schema":{"@context":"https:\/\/schema.org","@graph":[{"@type":"WebPage","@id":"https:\/\/teslafm.net\/digital-entropy-17\/","url":"https:\/\/teslafm.net\/digital-entropy-17\/","name":"Digital Entropy #17 -","isPartOf":{"@id":"https:\/\/teslafm.net\/#website"},"datePublished":"2023-12-14T16:30:08+00:00","breadcrumb":{"@id":"https:\/\/teslafm.net\/digital-entropy-17\/#breadcrumb"},"inLanguage":"en-US","potentialAction":[{"@type":"ReadAction","target":["https:\/\/teslafm.net\/digital-entropy-17\/"]}]},{"@type":"BreadcrumbList","@id":"https:\/\/teslafm.net\/digital-entropy-17\/#breadcrumb","itemListElement":[{"@type":"ListItem","position":1,"name":"Portada","item":"https:\/\/teslafm.net\/"},{"@type":"ListItem","position":2,"name":"Digital Entropy #17"}]},{"@type":"WebSite","@id":"https:\/\/teslafm.net\/#website","url":"https:\/\/teslafm.net\/","name":"TeslaFM","description":"An experimental and creative radio","publisher":{"@id":"https:\/\/teslafm.net\/#organization"},"potentialAction":[{"@type":"SearchAction","target":{"@type":"EntryPoint","urlTemplate":"https:\/\/teslafm.net\/?s={search_term_string}"},"query-input":{"@type":"PropertyValueSpecification","valueRequired":true,"valueName":"search_term_string"}}],"inLanguage":"en-US"},{"@type":"Organization","@id":"https:\/\/teslafm.net\/#organization","name":"TeslaFM","url":"https:\/\/teslafm.net\/","logo":{"@type":"ImageObject","inLanguage":"en-US","@id":"https:\/\/teslafm.net\/#\/schema\/logo\/image\/","url":"https:\/\/teslafm.net\/wp-content\/uploads\/2020\/06\/logo-tesla.png","contentUrl":"https:\/\/teslafm.net\/wp-content\/uploads\/2020\/06\/logo-tesla.png","width":512,"height":512,"caption":"TeslaFM"},"image":{"@id":"https:\/\/teslafm.net\/#\/schema\/logo\/image\/"},"sameAs":["https:\/\/www.facebook.com\/teslafm.net","https:\/\/x.com\/teslafm"]}]}},"rttpg_featured_image_url":null,"rttpg_author":{"display_name":"Ishak","author_link":"https:\/\/teslafm.net\/en\/author\/cravan\/"},"rttpg_comment":0,"rttpg_category":null,"rttpg_excerpt":"Digital Entropy #17 Meditation mode Este mes, Digital Entropy, presenta a dos nuevos proyectos que se mueven entre psicoac\u00fastica y m\u00fasica meditativa, y que me hacen vibrar desde mi dentro. Me ha parecido genial juntarlos para acabar el a\u00f1o meditando con buena m\u00fasica. El primero proyecto es la nueva referencia \u201cFauna M\u00edstica\u201d de Anarco. Artista&hellip;","_links":{"self":[{"href":"https:\/\/teslafm.net\/en\/wp-json\/wp\/v2\/pages\/64065","targetHints":{"allow":["GET"]}}],"collection":[{"href":"https:\/\/teslafm.net\/en\/wp-json\/wp\/v2\/pages"}],"about":[{"href":"https:\/\/teslafm.net\/en\/wp-json\/wp\/v2\/types\/page"}],"author":[{"embeddable":true,"href":"https:\/\/teslafm.net\/en\/wp-json\/wp\/v2\/users\/19"}],"replies":[{"embeddable":true,"href":"https:\/\/teslafm.net\/en\/wp-json\/wp\/v2\/comments?post=64065"}],"version-history":[{"count":1,"href":"https:\/\/teslafm.net\/en\/wp-json\/wp\/v2\/pages\/64065\/revisions"}],"predecessor-version":[{"id":64066,"href":"https:\/\/teslafm.net\/en\/wp-json\/wp\/v2\/pages\/64065\/revisions\/64066"}],"wp:attachment":[{"href":"https:\/\/teslafm.net\/en\/wp-json\/wp\/v2\/media?parent=64065"}],"curies":[{"name":"wp","href":"https:\/\/api.w.org\/{rel}","templated":true}]}}