

{"id":64078,"date":"2023-12-18T17:45:24","date_gmt":"2023-12-18T16:45:24","guid":{"rendered":"https:\/\/teslafm.net\/?page_id=64078"},"modified":"2023-12-18T18:04:55","modified_gmt":"2023-12-18T17:04:55","slug":"modulisme-15","status":"publish","type":"page","link":"https:\/\/teslafm.net\/en\/modulisme-15\/","title":{"rendered":"Modulism #15"},"content":{"rendered":"<div data-elementor-type=\"wp-page\" data-elementor-id=\"64078\" class=\"elementor elementor-64078\">\n\t\t\t\t\t\t<section class=\"elementor-section elementor-top-section elementor-element elementor-element-1af24480 elementor-section-boxed elementor-section-height-default elementor-section-height-default\" data-id=\"1af24480\" data-element_type=\"section\" data-e-type=\"section\">\n\t\t\t\t\t\t<div class=\"elementor-container elementor-column-gap-default\">\n\t\t\t\t\t<div class=\"elementor-column elementor-col-100 elementor-top-column elementor-element elementor-element-8da7bb5\" data-id=\"8da7bb5\" data-element_type=\"column\" data-e-type=\"column\">\n\t\t\t<div class=\"elementor-widget-wrap elementor-element-populated\">\n\t\t\t\t\t\t<div class=\"elementor-element elementor-element-106629c4 elementor-widget elementor-widget-text-editor\" data-id=\"106629c4\" data-element_type=\"widget\" data-e-type=\"widget\" data-widget_type=\"text-editor.default\">\n\t\t\t\t<div class=\"elementor-widget-container\">\n\t\t\t\t\t\t\t\t\t<h2><span style=\"color: #ffffff;\"><strong>Modulism #15<\/strong><\/span><\/h2><p><span style=\"color: #808080;\"><em>Palle Dahlstedt<\/em> <\/span><\/p><p><iframe src=\"https:\/\/player-widget.mixcloud.com\/widget\/iframe\/?hide_cover=1&amp;feed=%2FTeslafm_net%2Fmodulisme-15-philippe-petit%2F\" width=\"100%\" height=\"120\" frameborder=\"0\"><\/iframe><\/p>\t\t\t\t\t\t\t\t<\/div>\n\t\t\t\t<\/div>\n\t\t\t\t\t<\/div>\n\t\t<\/div>\n\t\t\t\t\t<\/div>\n\t\t<\/section>\n\t\t\t\t<section class=\"elementor-section elementor-top-section elementor-element elementor-element-f7f8ec6 elementor-section-boxed elementor-section-height-default elementor-section-height-default\" data-id=\"f7f8ec6\" data-element_type=\"section\" data-e-type=\"section\">\n\t\t\t\t\t\t<div class=\"elementor-container elementor-column-gap-default\">\n\t\t\t\t\t<div class=\"elementor-column elementor-col-50 elementor-top-column elementor-element elementor-element-d187c22\" data-id=\"d187c22\" data-element_type=\"column\" data-e-type=\"column\">\n\t\t\t<div class=\"elementor-widget-wrap elementor-element-populated\">\n\t\t\t\t\t\t<div class=\"elementor-element elementor-element-a50e483 elementor-widget elementor-widget-image\" data-id=\"a50e483\" data-element_type=\"widget\" data-e-type=\"widget\" data-widget_type=\"image.default\">\n\t\t\t\t<div class=\"elementor-widget-container\">\n\t\t\t\t\t\t\t\t\t\t\t\t\t\t\t<img fetchpriority=\"high\" decoding=\"async\" width=\"1000\" height=\"1000\" src=\"https:\/\/teslafm.net\/wp-content\/uploads\/2023\/12\/palle-dahlstedt.jpg\" class=\"attachment-large size-large wp-image-64081\" alt=\"\" srcset=\"https:\/\/teslafm.net\/wp-content\/uploads\/2023\/12\/palle-dahlstedt.jpg 1000w, https:\/\/teslafm.net\/wp-content\/uploads\/2023\/12\/palle-dahlstedt-300x300.jpg 300w, https:\/\/teslafm.net\/wp-content\/uploads\/2023\/12\/palle-dahlstedt-150x150.jpg 150w, https:\/\/teslafm.net\/wp-content\/uploads\/2023\/12\/palle-dahlstedt-768x768.jpg 768w, https:\/\/teslafm.net\/wp-content\/uploads\/2023\/12\/palle-dahlstedt-12x12.jpg 12w\" sizes=\"(max-width: 1000px) 100vw, 1000px\" \/>\t\t\t\t\t\t\t\t\t\t\t\t\t\t\t<\/div>\n\t\t\t\t<\/div>\n\t\t\t\t\t<\/div>\n\t\t<\/div>\n\t\t\t\t<div class=\"elementor-column elementor-col-50 elementor-top-column elementor-element elementor-element-f7f03c0\" data-id=\"f7f03c0\" data-element_type=\"column\" data-e-type=\"column\">\n\t\t\t<div class=\"elementor-widget-wrap elementor-element-populated\">\n\t\t\t\t\t\t<div class=\"elementor-element elementor-element-2311dcd elementor-widget elementor-widget-text-editor\" data-id=\"2311dcd\" data-element_type=\"widget\" data-e-type=\"widget\" data-widget_type=\"text-editor.default\">\n\t\t\t\t<div class=\"elementor-widget-container\">\n\t\t\t\t\t\t\t\t\t<p><span style=\"color: #808080;\"><strong>Palle Dahlstedt<\/strong> (1971) is a Swedish artist, musician, composer and researcher. <\/span><br \/><span style=\"color: #808080;\">After studying classical piano and composition, he pursued electronic music and, since the 1990s, modular synthesizers have been among his main instruments, along with the grand piano. He is very focused on being a musician on machines, with improvisation and physical interaction as key ingredients. <\/span><br \/><span style=\"color: #808080;\">As a researcher, <strong>Dahlstedt<\/strong> began with a PhD in evolutionary computing for artistic creativity at Chalmers (which also led to the Nord Modular's Patch Mutator). He is interested in the deep intertwining of art and advanced technology, and especially their creative and aesthetic implications.<\/span><\/p><p><span style=\"color: #808080;\">He develops new technologies for improvisation, composition and art, and is particularly interested in advanced algorithms in the creative process, technologies that enable embodied performance of electronic sounds and new types of interaction, based on a systemic view of the emergence of interactions between humans and technology. He constantly delves into other art forms, such as photography, video, visual arts and performance, and regularly collaborates with artists in theater, poetry, dance and visual arts.<\/span><\/p><p><span style=\"color: #808080;\"><strong>Dahlstedt<\/strong> has contributed art, technologies and theories to the field of computational creativity, and has received substantial funding for artistic research from the Swedish Research Council and WASP-HS. Dahlstedt is currently Professor of Interaction Design at the Department of Computer Science and Engineering at Gothenburg University and Chalmers University of Technology, and Professor of Electronic Music Composition at the Gothenburg Academy of Music and Dramatic Art. He is also adjunct professor of Art and Technology at Aalborg University (Denmark).<\/span><\/p>\t\t\t\t\t\t\t\t<\/div>\n\t\t\t\t<\/div>\n\t\t\t\t\t<\/div>\n\t\t<\/div>\n\t\t\t\t\t<\/div>\n\t\t<\/section>\n\t\t\t\t<\/div>","protected":false},"excerpt":{"rendered":"<p>Modulisme #15 Palle Dahlstedt Palle Dahlstedt (1971) es un artista, m\u00fasico, compositor e investigador sueco. Tras cursar estudios de piano cl\u00e1sico y composici\u00f3n, continu\u00f3 con la m\u00fasica electr\u00f3nica y, desde la d\u00e9cada de 1990, los sintetizadores modulares figuran entre sus principales instrumentos, junto con el piano de cola. Est\u00e1 muy centrado en ser un m\u00fasico [&hellip;]<\/p>\n","protected":false},"author":19,"featured_media":0,"parent":0,"menu_order":0,"comment_status":"closed","ping_status":"closed","template":"","meta":{"footnotes":""},"class_list":["post-64078","page","type-page","status-publish","hentry"],"yoast_head":"<!-- This site is optimized with the Yoast SEO plugin v27.4 - https:\/\/yoast.com\/product\/yoast-seo-wordpress\/ -->\n<title>Modulisme #15 -<\/title>\n<meta name=\"robots\" content=\"index, follow, max-snippet:-1, max-image-preview:large, max-video-preview:-1\" \/>\n<link rel=\"canonical\" href=\"https:\/\/teslafm.net\/en\/modulisme-15\/\" \/>\n<meta property=\"og:locale\" content=\"en_US\" \/>\n<meta property=\"og:type\" content=\"article\" \/>\n<meta property=\"og:title\" content=\"Modulisme #15 -\" \/>\n<meta property=\"og:description\" content=\"Modulisme #15 Palle Dahlstedt Palle Dahlstedt (1971) es un artista, m\u00fasico, compositor e investigador sueco. Tras cursar estudios de piano cl\u00e1sico y composici\u00f3n, continu\u00f3 con la m\u00fasica electr\u00f3nica y, desde la d\u00e9cada de 1990, los sintetizadores modulares figuran entre sus principales instrumentos, junto con el piano de cola. Est\u00e1 muy centrado en ser un m\u00fasico [&hellip;]\" \/>\n<meta property=\"og:url\" content=\"https:\/\/teslafm.net\/en\/modulisme-15\/\" \/>\n<meta property=\"article:publisher\" content=\"https:\/\/www.facebook.com\/teslafm.net\" \/>\n<meta property=\"article:modified_time\" content=\"2023-12-18T17:04:55+00:00\" \/>\n<meta property=\"og:image\" content=\"http:\/\/teslafm.net\/wp-content\/uploads\/2023\/12\/palle-dahlstedt.jpg\" \/>\n<meta name=\"twitter:card\" content=\"summary_large_image\" \/>\n<meta name=\"twitter:site\" content=\"@teslafm\" \/>\n<meta name=\"twitter:label1\" content=\"Est. reading time\" \/>\n\t<meta name=\"twitter:data1\" content=\"2 minutes\" \/>\n<script type=\"application\/ld+json\" class=\"yoast-schema-graph\">{\"@context\":\"https:\\\/\\\/schema.org\",\"@graph\":[{\"@type\":\"WebPage\",\"@id\":\"https:\\\/\\\/teslafm.net\\\/modulisme-15\\\/\",\"url\":\"https:\\\/\\\/teslafm.net\\\/modulisme-15\\\/\",\"name\":\"Modulisme #15 -\",\"isPartOf\":{\"@id\":\"https:\\\/\\\/teslafm.net\\\/#website\"},\"primaryImageOfPage\":{\"@id\":\"https:\\\/\\\/teslafm.net\\\/modulisme-15\\\/#primaryimage\"},\"image\":{\"@id\":\"https:\\\/\\\/teslafm.net\\\/modulisme-15\\\/#primaryimage\"},\"thumbnailUrl\":\"http:\\\/\\\/teslafm.net\\\/wp-content\\\/uploads\\\/2023\\\/12\\\/palle-dahlstedt.jpg\",\"datePublished\":\"2023-12-18T16:45:24+00:00\",\"dateModified\":\"2023-12-18T17:04:55+00:00\",\"breadcrumb\":{\"@id\":\"https:\\\/\\\/teslafm.net\\\/modulisme-15\\\/#breadcrumb\"},\"inLanguage\":\"en-US\",\"potentialAction\":[{\"@type\":\"ReadAction\",\"target\":[\"https:\\\/\\\/teslafm.net\\\/modulisme-15\\\/\"]}]},{\"@type\":\"ImageObject\",\"inLanguage\":\"en-US\",\"@id\":\"https:\\\/\\\/teslafm.net\\\/modulisme-15\\\/#primaryimage\",\"url\":\"http:\\\/\\\/teslafm.net\\\/wp-content\\\/uploads\\\/2023\\\/12\\\/palle-dahlstedt.jpg\",\"contentUrl\":\"http:\\\/\\\/teslafm.net\\\/wp-content\\\/uploads\\\/2023\\\/12\\\/palle-dahlstedt.jpg\"},{\"@type\":\"BreadcrumbList\",\"@id\":\"https:\\\/\\\/teslafm.net\\\/modulisme-15\\\/#breadcrumb\",\"itemListElement\":[{\"@type\":\"ListItem\",\"position\":1,\"name\":\"Portada\",\"item\":\"https:\\\/\\\/teslafm.net\\\/\"},{\"@type\":\"ListItem\",\"position\":2,\"name\":\"Modulisme #15\"}]},{\"@type\":\"WebSite\",\"@id\":\"https:\\\/\\\/teslafm.net\\\/#website\",\"url\":\"https:\\\/\\\/teslafm.net\\\/\",\"name\":\"TeslaFM\",\"description\":\"An experimental and creative radio\",\"publisher\":{\"@id\":\"https:\\\/\\\/teslafm.net\\\/#organization\"},\"potentialAction\":[{\"@type\":\"SearchAction\",\"target\":{\"@type\":\"EntryPoint\",\"urlTemplate\":\"https:\\\/\\\/teslafm.net\\\/?s={search_term_string}\"},\"query-input\":{\"@type\":\"PropertyValueSpecification\",\"valueRequired\":true,\"valueName\":\"search_term_string\"}}],\"inLanguage\":\"en-US\"},{\"@type\":\"Organization\",\"@id\":\"https:\\\/\\\/teslafm.net\\\/#organization\",\"name\":\"TeslaFM\",\"url\":\"https:\\\/\\\/teslafm.net\\\/\",\"logo\":{\"@type\":\"ImageObject\",\"inLanguage\":\"en-US\",\"@id\":\"https:\\\/\\\/teslafm.net\\\/#\\\/schema\\\/logo\\\/image\\\/\",\"url\":\"https:\\\/\\\/teslafm.net\\\/wp-content\\\/uploads\\\/2020\\\/06\\\/logo-tesla.png\",\"contentUrl\":\"https:\\\/\\\/teslafm.net\\\/wp-content\\\/uploads\\\/2020\\\/06\\\/logo-tesla.png\",\"width\":512,\"height\":512,\"caption\":\"TeslaFM\"},\"image\":{\"@id\":\"https:\\\/\\\/teslafm.net\\\/#\\\/schema\\\/logo\\\/image\\\/\"},\"sameAs\":[\"https:\\\/\\\/www.facebook.com\\\/teslafm.net\",\"https:\\\/\\\/x.com\\\/teslafm\"]}]}<\/script>\n<!-- \/ Yoast SEO plugin. -->","yoast_head_json":{"title":"Modulisme #15 -","robots":{"index":"index","follow":"follow","max-snippet":"max-snippet:-1","max-image-preview":"max-image-preview:large","max-video-preview":"max-video-preview:-1"},"canonical":"https:\/\/teslafm.net\/en\/modulisme-15\/","og_locale":"en_US","og_type":"article","og_title":"Modulisme #15 -","og_description":"Modulisme #15 Palle Dahlstedt Palle Dahlstedt (1971) es un artista, m\u00fasico, compositor e investigador sueco. Tras cursar estudios de piano cl\u00e1sico y composici\u00f3n, continu\u00f3 con la m\u00fasica electr\u00f3nica y, desde la d\u00e9cada de 1990, los sintetizadores modulares figuran entre sus principales instrumentos, junto con el piano de cola. Est\u00e1 muy centrado en ser un m\u00fasico [&hellip;]","og_url":"https:\/\/teslafm.net\/en\/modulisme-15\/","article_publisher":"https:\/\/www.facebook.com\/teslafm.net","article_modified_time":"2023-12-18T17:04:55+00:00","og_image":[{"url":"http:\/\/teslafm.net\/wp-content\/uploads\/2023\/12\/palle-dahlstedt.jpg","type":"","width":"","height":""}],"twitter_card":"summary_large_image","twitter_site":"@teslafm","twitter_misc":{"Est. reading time":"2 minutes"},"schema":{"@context":"https:\/\/schema.org","@graph":[{"@type":"WebPage","@id":"https:\/\/teslafm.net\/modulisme-15\/","url":"https:\/\/teslafm.net\/modulisme-15\/","name":"Modulisme #15 -","isPartOf":{"@id":"https:\/\/teslafm.net\/#website"},"primaryImageOfPage":{"@id":"https:\/\/teslafm.net\/modulisme-15\/#primaryimage"},"image":{"@id":"https:\/\/teslafm.net\/modulisme-15\/#primaryimage"},"thumbnailUrl":"http:\/\/teslafm.net\/wp-content\/uploads\/2023\/12\/palle-dahlstedt.jpg","datePublished":"2023-12-18T16:45:24+00:00","dateModified":"2023-12-18T17:04:55+00:00","breadcrumb":{"@id":"https:\/\/teslafm.net\/modulisme-15\/#breadcrumb"},"inLanguage":"en-US","potentialAction":[{"@type":"ReadAction","target":["https:\/\/teslafm.net\/modulisme-15\/"]}]},{"@type":"ImageObject","inLanguage":"en-US","@id":"https:\/\/teslafm.net\/modulisme-15\/#primaryimage","url":"http:\/\/teslafm.net\/wp-content\/uploads\/2023\/12\/palle-dahlstedt.jpg","contentUrl":"http:\/\/teslafm.net\/wp-content\/uploads\/2023\/12\/palle-dahlstedt.jpg"},{"@type":"BreadcrumbList","@id":"https:\/\/teslafm.net\/modulisme-15\/#breadcrumb","itemListElement":[{"@type":"ListItem","position":1,"name":"Portada","item":"https:\/\/teslafm.net\/"},{"@type":"ListItem","position":2,"name":"Modulisme #15"}]},{"@type":"WebSite","@id":"https:\/\/teslafm.net\/#website","url":"https:\/\/teslafm.net\/","name":"TeslaFM","description":"An experimental and creative radio","publisher":{"@id":"https:\/\/teslafm.net\/#organization"},"potentialAction":[{"@type":"SearchAction","target":{"@type":"EntryPoint","urlTemplate":"https:\/\/teslafm.net\/?s={search_term_string}"},"query-input":{"@type":"PropertyValueSpecification","valueRequired":true,"valueName":"search_term_string"}}],"inLanguage":"en-US"},{"@type":"Organization","@id":"https:\/\/teslafm.net\/#organization","name":"TeslaFM","url":"https:\/\/teslafm.net\/","logo":{"@type":"ImageObject","inLanguage":"en-US","@id":"https:\/\/teslafm.net\/#\/schema\/logo\/image\/","url":"https:\/\/teslafm.net\/wp-content\/uploads\/2020\/06\/logo-tesla.png","contentUrl":"https:\/\/teslafm.net\/wp-content\/uploads\/2020\/06\/logo-tesla.png","width":512,"height":512,"caption":"TeslaFM"},"image":{"@id":"https:\/\/teslafm.net\/#\/schema\/logo\/image\/"},"sameAs":["https:\/\/www.facebook.com\/teslafm.net","https:\/\/x.com\/teslafm"]}]}},"rttpg_featured_image_url":null,"rttpg_author":{"display_name":"Ishak","author_link":"https:\/\/teslafm.net\/en\/author\/cravan\/"},"rttpg_comment":0,"rttpg_category":null,"rttpg_excerpt":"Modulisme #15 Palle Dahlstedt Palle Dahlstedt (1971) es un artista, m\u00fasico, compositor e investigador sueco. Tras cursar estudios de piano cl\u00e1sico y composici\u00f3n, continu\u00f3 con la m\u00fasica electr\u00f3nica y, desde la d\u00e9cada de 1990, los sintetizadores modulares figuran entre sus principales instrumentos, junto con el piano de cola. Est\u00e1 muy centrado en ser un m\u00fasico&hellip;","_links":{"self":[{"href":"https:\/\/teslafm.net\/en\/wp-json\/wp\/v2\/pages\/64078","targetHints":{"allow":["GET"]}}],"collection":[{"href":"https:\/\/teslafm.net\/en\/wp-json\/wp\/v2\/pages"}],"about":[{"href":"https:\/\/teslafm.net\/en\/wp-json\/wp\/v2\/types\/page"}],"author":[{"embeddable":true,"href":"https:\/\/teslafm.net\/en\/wp-json\/wp\/v2\/users\/19"}],"replies":[{"embeddable":true,"href":"https:\/\/teslafm.net\/en\/wp-json\/wp\/v2\/comments?post=64078"}],"version-history":[{"count":11,"href":"https:\/\/teslafm.net\/en\/wp-json\/wp\/v2\/pages\/64078\/revisions"}],"predecessor-version":[{"id":64092,"href":"https:\/\/teslafm.net\/en\/wp-json\/wp\/v2\/pages\/64078\/revisions\/64092"}],"wp:attachment":[{"href":"https:\/\/teslafm.net\/en\/wp-json\/wp\/v2\/media?parent=64078"}],"curies":[{"name":"wp","href":"https:\/\/api.w.org\/{rel}","templated":true}]}}