

{"id":64096,"date":"2023-12-19T22:25:01","date_gmt":"2023-12-19T21:25:01","guid":{"rendered":"https:\/\/teslafm.net\/?page_id=64096"},"modified":"2023-12-19T22:32:20","modified_gmt":"2023-12-19T21:32:20","slug":"space-oddity-recollection-50","status":"publish","type":"page","link":"https:\/\/teslafm.net\/en\/space-oddity-recollection-50\/","title":{"rendered":"Space Oddity Recollection #50"},"content":{"rendered":"<div data-elementor-type=\"wp-page\" data-elementor-id=\"64096\" class=\"elementor elementor-64096\">\n\t\t\t\t\t\t<section class=\"elementor-section elementor-top-section elementor-element elementor-element-1db7ed46 elementor-section-boxed elementor-section-height-default elementor-section-height-default\" data-id=\"1db7ed46\" data-element_type=\"section\" data-e-type=\"section\">\n\t\t\t\t\t\t<div class=\"elementor-container elementor-column-gap-default\">\n\t\t\t\t\t<div class=\"elementor-column elementor-col-100 elementor-top-column elementor-element elementor-element-884bcd2\" data-id=\"884bcd2\" data-element_type=\"column\" data-e-type=\"column\">\n\t\t\t<div class=\"elementor-widget-wrap elementor-element-populated\">\n\t\t\t\t\t\t<div class=\"elementor-element elementor-element-74fff6e7 elementor-widget elementor-widget-text-editor\" data-id=\"74fff6e7\" data-element_type=\"widget\" data-e-type=\"widget\" data-widget_type=\"text-editor.default\">\n\t\t\t\t<div class=\"elementor-widget-container\">\n\t\t\t\t\t\t\t\t\t<h2><span style=\"color: #ffffff;\"><strong>Space Oddity Recollection #50<\/strong><\/span><\/h2><p><span style=\"color: #808080;\"><em>December 2023<\/em><\/span><\/p><p><iframe src=\"https:\/\/player-widget.mixcloud.com\/widget\/iframe\/?hide_cover=1&amp;feed=%2FTeslafm_net%2Fspace-oddity-recollection-50-monika-pich%2F\" width=\"100%\" height=\"120\" frameborder=\"0\"><\/iframe><\/p>\t\t\t\t\t\t\t\t<\/div>\n\t\t\t\t<\/div>\n\t\t\t\t\t<\/div>\n\t\t<\/div>\n\t\t\t\t\t<\/div>\n\t\t<\/section>\n\t\t\t\t<section class=\"elementor-section elementor-top-section elementor-element elementor-element-b7e0ca6 elementor-section-boxed elementor-section-height-default elementor-section-height-default\" data-id=\"b7e0ca6\" data-element_type=\"section\" data-e-type=\"section\">\n\t\t\t\t\t\t<div class=\"elementor-container elementor-column-gap-default\">\n\t\t\t\t\t<div class=\"elementor-column elementor-col-50 elementor-top-column elementor-element elementor-element-2b1c8d5\" data-id=\"2b1c8d5\" data-element_type=\"column\" data-e-type=\"column\">\n\t\t\t<div class=\"elementor-widget-wrap elementor-element-populated\">\n\t\t\t\t\t\t<div class=\"elementor-element elementor-element-c4da4fc elementor-widget elementor-widget-image\" data-id=\"c4da4fc\" data-element_type=\"widget\" data-e-type=\"widget\" data-widget_type=\"image.default\">\n\t\t\t\t<div class=\"elementor-widget-container\">\n\t\t\t\t\t\t\t\t\t\t\t\t\t\t\t<img fetchpriority=\"high\" decoding=\"async\" width=\"472\" height=\"472\" src=\"https:\/\/teslafm.net\/wp-content\/uploads\/2023\/12\/Photo_monikapich.jpg\" class=\"attachment-large size-large wp-image-64102\" alt=\"\" srcset=\"https:\/\/teslafm.net\/wp-content\/uploads\/2023\/12\/Photo_monikapich.jpg 472w, https:\/\/teslafm.net\/wp-content\/uploads\/2023\/12\/Photo_monikapich-300x300.jpg 300w, https:\/\/teslafm.net\/wp-content\/uploads\/2023\/12\/Photo_monikapich-150x150.jpg 150w, https:\/\/teslafm.net\/wp-content\/uploads\/2023\/12\/Photo_monikapich-12x12.jpg 12w\" sizes=\"(max-width: 472px) 100vw, 472px\" \/>\t\t\t\t\t\t\t\t\t\t\t\t\t\t\t<\/div>\n\t\t\t\t<\/div>\n\t\t\t\t\t<\/div>\n\t\t<\/div>\n\t\t\t\t<div class=\"elementor-column elementor-col-50 elementor-top-column elementor-element elementor-element-5e38c63\" data-id=\"5e38c63\" data-element_type=\"column\" data-e-type=\"column\">\n\t\t\t<div class=\"elementor-widget-wrap elementor-element-populated\">\n\t\t\t\t\t\t<div class=\"elementor-element elementor-element-3937f6b elementor-widget elementor-widget-text-editor\" data-id=\"3937f6b\" data-element_type=\"widget\" data-e-type=\"widget\" data-widget_type=\"text-editor.default\">\n\t\t\t\t<div class=\"elementor-widget-container\">\n\t\t\t\t\t\t\t\t\t<p><span style=\"color: #808080;\">The last episode of the broadcast features just a small selection of wonderful sounds created by musicians, sound artists and performers that were showcased in the previous episodes of Space Oddity Recollection. In this mix, you will hear excerpts from pieces of music by <strong>Martina Bertoni<\/strong>,<strong> Voices of the Cosmos<\/strong>,<strong> Robert Ku\u015bmirowski<\/strong>, <strong>Uroruro<\/strong>, <strong>Helene Breschand<\/strong>,<strong> SciFiSol<\/strong>,<strong> Vincent Eoppolo<\/strong>, <strong>Ciro Berenguer<\/strong>, <strong>NNHMN<\/strong>,<strong> Anna Barska<\/strong>, <strong>Maciek Jaciuk <\/strong>(<strong>SqrtSigil<\/strong>),<strong> Gino Favotti<\/strong>,<strong> Cio d'Or<\/strong>,<strong> Marc Matter <\/strong>&amp;<strong> Dagmara Kraus<\/strong>,<strong> Petra Flurr<\/strong>, <strong>Ishak<\/strong> <strong>Benavides <\/strong>(<strong>Lucius Works Here<\/strong>),<strong> Gabi Yaya <\/strong>and<strong> Gustavo Mendez<\/strong>.<\/span><\/p>\t\t\t\t\t\t\t\t<\/div>\n\t\t\t\t<\/div>\n\t\t\t\t\t<\/div>\n\t\t<\/div>\n\t\t\t\t\t<\/div>\n\t\t<\/section>\n\t\t\t\t<\/div>","protected":false},"excerpt":{"rendered":"<p>Space Oddity Recollection #50 Diciembre 2023 El \u00faltimo episodio de la emisi\u00f3n presenta s\u00f3lo una peque\u00f1a selecci\u00f3n de maravillosos sonidos creados por m\u00fasicxs, artistas sonorxs e int\u00e9rpretes que se exhibieron en los episodios anteriores de Space Oddity Recollection. En esta mezcla, escuchar\u00e1 fragmentos de piezas musicales de Martina Bertoni, Voices of the Cosmos, Robert Ku\u015bmirowski, [&hellip;]<\/p>\n","protected":false},"author":19,"featured_media":0,"parent":0,"menu_order":0,"comment_status":"closed","ping_status":"closed","template":"","meta":{"footnotes":""},"class_list":["post-64096","page","type-page","status-publish","hentry"],"yoast_head":"<!-- This site is optimized with the Yoast SEO plugin v27.2 - https:\/\/yoast.com\/product\/yoast-seo-wordpress\/ -->\n<title>Space Oddity Recollection #50 -<\/title>\n<meta name=\"robots\" content=\"index, follow, max-snippet:-1, max-image-preview:large, max-video-preview:-1\" \/>\n<link rel=\"canonical\" href=\"https:\/\/teslafm.net\/en\/space-oddity-recollection-50\/\" \/>\n<meta property=\"og:locale\" content=\"en_US\" \/>\n<meta property=\"og:type\" content=\"article\" \/>\n<meta property=\"og:title\" content=\"Space Oddity Recollection #50 -\" \/>\n<meta property=\"og:description\" content=\"Space Oddity Recollection #50 Diciembre 2023 El \u00faltimo episodio de la emisi\u00f3n presenta s\u00f3lo una peque\u00f1a selecci\u00f3n de maravillosos sonidos creados por m\u00fasicxs, artistas sonorxs e int\u00e9rpretes que se exhibieron en los episodios anteriores de Space Oddity Recollection. En esta mezcla, escuchar\u00e1 fragmentos de piezas musicales de Martina Bertoni, Voices of the Cosmos, Robert Ku\u015bmirowski, [&hellip;]\" \/>\n<meta property=\"og:url\" content=\"https:\/\/teslafm.net\/en\/space-oddity-recollection-50\/\" \/>\n<meta property=\"article:publisher\" content=\"https:\/\/www.facebook.com\/teslafm.net\" \/>\n<meta property=\"article:modified_time\" content=\"2023-12-19T21:32:20+00:00\" \/>\n<meta property=\"og:image\" content=\"http:\/\/teslafm.net\/wp-content\/uploads\/2023\/12\/Photo_monikapich.jpg\" \/>\n<meta name=\"twitter:card\" content=\"summary_large_image\" \/>\n<meta name=\"twitter:site\" content=\"@teslafm\" \/>\n<meta name=\"twitter:label1\" content=\"Est. reading time\" \/>\n\t<meta name=\"twitter:data1\" content=\"1 minute\" \/>\n<script type=\"application\/ld+json\" class=\"yoast-schema-graph\">{\"@context\":\"https:\/\/schema.org\",\"@graph\":[{\"@type\":\"WebPage\",\"@id\":\"https:\/\/teslafm.net\/space-oddity-recollection-50\/\",\"url\":\"https:\/\/teslafm.net\/space-oddity-recollection-50\/\",\"name\":\"Space Oddity Recollection #50 -\",\"isPartOf\":{\"@id\":\"https:\/\/teslafm.net\/#website\"},\"primaryImageOfPage\":{\"@id\":\"https:\/\/teslafm.net\/space-oddity-recollection-50\/#primaryimage\"},\"image\":{\"@id\":\"https:\/\/teslafm.net\/space-oddity-recollection-50\/#primaryimage\"},\"thumbnailUrl\":\"http:\/\/teslafm.net\/wp-content\/uploads\/2023\/12\/Photo_monikapich.jpg\",\"datePublished\":\"2023-12-19T21:25:01+00:00\",\"dateModified\":\"2023-12-19T21:32:20+00:00\",\"breadcrumb\":{\"@id\":\"https:\/\/teslafm.net\/space-oddity-recollection-50\/#breadcrumb\"},\"inLanguage\":\"en-US\",\"potentialAction\":[{\"@type\":\"ReadAction\",\"target\":[\"https:\/\/teslafm.net\/space-oddity-recollection-50\/\"]}]},{\"@type\":\"ImageObject\",\"inLanguage\":\"en-US\",\"@id\":\"https:\/\/teslafm.net\/space-oddity-recollection-50\/#primaryimage\",\"url\":\"http:\/\/teslafm.net\/wp-content\/uploads\/2023\/12\/Photo_monikapich.jpg\",\"contentUrl\":\"http:\/\/teslafm.net\/wp-content\/uploads\/2023\/12\/Photo_monikapich.jpg\"},{\"@type\":\"BreadcrumbList\",\"@id\":\"https:\/\/teslafm.net\/space-oddity-recollection-50\/#breadcrumb\",\"itemListElement\":[{\"@type\":\"ListItem\",\"position\":1,\"name\":\"Portada\",\"item\":\"https:\/\/teslafm.net\/\"},{\"@type\":\"ListItem\",\"position\":2,\"name\":\"Space Oddity Recollection #50\"}]},{\"@type\":\"WebSite\",\"@id\":\"https:\/\/teslafm.net\/#website\",\"url\":\"https:\/\/teslafm.net\/\",\"name\":\"TeslaFM\",\"description\":\"An experimental and creative radio\",\"publisher\":{\"@id\":\"https:\/\/teslafm.net\/#organization\"},\"potentialAction\":[{\"@type\":\"SearchAction\",\"target\":{\"@type\":\"EntryPoint\",\"urlTemplate\":\"https:\/\/teslafm.net\/?s={search_term_string}\"},\"query-input\":{\"@type\":\"PropertyValueSpecification\",\"valueRequired\":true,\"valueName\":\"search_term_string\"}}],\"inLanguage\":\"en-US\"},{\"@type\":\"Organization\",\"@id\":\"https:\/\/teslafm.net\/#organization\",\"name\":\"TeslaFM\",\"url\":\"https:\/\/teslafm.net\/\",\"logo\":{\"@type\":\"ImageObject\",\"inLanguage\":\"en-US\",\"@id\":\"https:\/\/teslafm.net\/#\/schema\/logo\/image\/\",\"url\":\"https:\/\/teslafm.net\/wp-content\/uploads\/2020\/06\/logo-tesla.png\",\"contentUrl\":\"https:\/\/teslafm.net\/wp-content\/uploads\/2020\/06\/logo-tesla.png\",\"width\":512,\"height\":512,\"caption\":\"TeslaFM\"},\"image\":{\"@id\":\"https:\/\/teslafm.net\/#\/schema\/logo\/image\/\"},\"sameAs\":[\"https:\/\/www.facebook.com\/teslafm.net\",\"https:\/\/x.com\/teslafm\"]}]}<\/script>\n<!-- \/ Yoast SEO plugin. -->","yoast_head_json":{"title":"Space Oddity Recollection #50 -","robots":{"index":"index","follow":"follow","max-snippet":"max-snippet:-1","max-image-preview":"max-image-preview:large","max-video-preview":"max-video-preview:-1"},"canonical":"https:\/\/teslafm.net\/en\/space-oddity-recollection-50\/","og_locale":"en_US","og_type":"article","og_title":"Space Oddity Recollection #50 -","og_description":"Space Oddity Recollection #50 Diciembre 2023 El \u00faltimo episodio de la emisi\u00f3n presenta s\u00f3lo una peque\u00f1a selecci\u00f3n de maravillosos sonidos creados por m\u00fasicxs, artistas sonorxs e int\u00e9rpretes que se exhibieron en los episodios anteriores de Space Oddity Recollection. En esta mezcla, escuchar\u00e1 fragmentos de piezas musicales de Martina Bertoni, Voices of the Cosmos, Robert Ku\u015bmirowski, [&hellip;]","og_url":"https:\/\/teslafm.net\/en\/space-oddity-recollection-50\/","article_publisher":"https:\/\/www.facebook.com\/teslafm.net","article_modified_time":"2023-12-19T21:32:20+00:00","og_image":[{"url":"http:\/\/teslafm.net\/wp-content\/uploads\/2023\/12\/Photo_monikapich.jpg","type":"","width":"","height":""}],"twitter_card":"summary_large_image","twitter_site":"@teslafm","twitter_misc":{"Est. reading time":"1 minute"},"schema":{"@context":"https:\/\/schema.org","@graph":[{"@type":"WebPage","@id":"https:\/\/teslafm.net\/space-oddity-recollection-50\/","url":"https:\/\/teslafm.net\/space-oddity-recollection-50\/","name":"Space Oddity Recollection #50 -","isPartOf":{"@id":"https:\/\/teslafm.net\/#website"},"primaryImageOfPage":{"@id":"https:\/\/teslafm.net\/space-oddity-recollection-50\/#primaryimage"},"image":{"@id":"https:\/\/teslafm.net\/space-oddity-recollection-50\/#primaryimage"},"thumbnailUrl":"http:\/\/teslafm.net\/wp-content\/uploads\/2023\/12\/Photo_monikapich.jpg","datePublished":"2023-12-19T21:25:01+00:00","dateModified":"2023-12-19T21:32:20+00:00","breadcrumb":{"@id":"https:\/\/teslafm.net\/space-oddity-recollection-50\/#breadcrumb"},"inLanguage":"en-US","potentialAction":[{"@type":"ReadAction","target":["https:\/\/teslafm.net\/space-oddity-recollection-50\/"]}]},{"@type":"ImageObject","inLanguage":"en-US","@id":"https:\/\/teslafm.net\/space-oddity-recollection-50\/#primaryimage","url":"http:\/\/teslafm.net\/wp-content\/uploads\/2023\/12\/Photo_monikapich.jpg","contentUrl":"http:\/\/teslafm.net\/wp-content\/uploads\/2023\/12\/Photo_monikapich.jpg"},{"@type":"BreadcrumbList","@id":"https:\/\/teslafm.net\/space-oddity-recollection-50\/#breadcrumb","itemListElement":[{"@type":"ListItem","position":1,"name":"Portada","item":"https:\/\/teslafm.net\/"},{"@type":"ListItem","position":2,"name":"Space Oddity Recollection #50"}]},{"@type":"WebSite","@id":"https:\/\/teslafm.net\/#website","url":"https:\/\/teslafm.net\/","name":"TeslaFM","description":"An experimental and creative radio","publisher":{"@id":"https:\/\/teslafm.net\/#organization"},"potentialAction":[{"@type":"SearchAction","target":{"@type":"EntryPoint","urlTemplate":"https:\/\/teslafm.net\/?s={search_term_string}"},"query-input":{"@type":"PropertyValueSpecification","valueRequired":true,"valueName":"search_term_string"}}],"inLanguage":"en-US"},{"@type":"Organization","@id":"https:\/\/teslafm.net\/#organization","name":"TeslaFM","url":"https:\/\/teslafm.net\/","logo":{"@type":"ImageObject","inLanguage":"en-US","@id":"https:\/\/teslafm.net\/#\/schema\/logo\/image\/","url":"https:\/\/teslafm.net\/wp-content\/uploads\/2020\/06\/logo-tesla.png","contentUrl":"https:\/\/teslafm.net\/wp-content\/uploads\/2020\/06\/logo-tesla.png","width":512,"height":512,"caption":"TeslaFM"},"image":{"@id":"https:\/\/teslafm.net\/#\/schema\/logo\/image\/"},"sameAs":["https:\/\/www.facebook.com\/teslafm.net","https:\/\/x.com\/teslafm"]}]}},"rttpg_featured_image_url":null,"rttpg_author":{"display_name":"Ishak","author_link":"https:\/\/teslafm.net\/en\/author\/cravan\/"},"rttpg_comment":0,"rttpg_category":null,"rttpg_excerpt":"Space Oddity Recollection #50 Diciembre 2023 El \u00faltimo episodio de la emisi\u00f3n presenta s\u00f3lo una peque\u00f1a selecci\u00f3n de maravillosos sonidos creados por m\u00fasicxs, artistas sonorxs e int\u00e9rpretes que se exhibieron en los episodios anteriores de Space Oddity Recollection. En esta mezcla, escuchar\u00e1 fragmentos de piezas musicales de Martina Bertoni, Voices of the Cosmos, Robert Ku\u015bmirowski,&hellip;","_links":{"self":[{"href":"https:\/\/teslafm.net\/en\/wp-json\/wp\/v2\/pages\/64096","targetHints":{"allow":["GET"]}}],"collection":[{"href":"https:\/\/teslafm.net\/en\/wp-json\/wp\/v2\/pages"}],"about":[{"href":"https:\/\/teslafm.net\/en\/wp-json\/wp\/v2\/types\/page"}],"author":[{"embeddable":true,"href":"https:\/\/teslafm.net\/en\/wp-json\/wp\/v2\/users\/19"}],"replies":[{"embeddable":true,"href":"https:\/\/teslafm.net\/en\/wp-json\/wp\/v2\/comments?post=64096"}],"version-history":[{"count":11,"href":"https:\/\/teslafm.net\/en\/wp-json\/wp\/v2\/pages\/64096\/revisions"}],"predecessor-version":[{"id":64111,"href":"https:\/\/teslafm.net\/en\/wp-json\/wp\/v2\/pages\/64096\/revisions\/64111"}],"wp:attachment":[{"href":"https:\/\/teslafm.net\/en\/wp-json\/wp\/v2\/media?parent=64096"}],"curies":[{"name":"wp","href":"https:\/\/api.w.org\/{rel}","templated":true}]}}