

{"id":724,"date":"2018-11-29T14:15:21","date_gmt":"2018-11-29T13:15:21","guid":{"rendered":"https:\/\/teslafm.net\/el-velo-de-isis-2\/"},"modified":"2023-02-22T22:35:30","modified_gmt":"2023-02-22T21:35:30","slug":"el-velo-de-isis","status":"publish","type":"page","link":"https:\/\/teslafm.net\/en\/el-velo-de-isis\/","title":{"rendered":"The Veil of Isis"},"content":{"rendered":"<div data-elementor-type=\"wp-page\" data-elementor-id=\"724\" class=\"elementor elementor-724\">\n\t\t\t\t\t\t<section class=\"elementor-section elementor-top-section elementor-element elementor-element-5a3ffde elementor-section-boxed elementor-section-height-default elementor-section-height-default\" data-id=\"5a3ffde\" data-element_type=\"section\" data-e-type=\"section\">\n\t\t\t\t\t\t<div class=\"elementor-container elementor-column-gap-default\">\n\t\t\t\t\t<div class=\"elementor-column elementor-col-33 elementor-top-column elementor-element elementor-element-9b812a1\" data-id=\"9b812a1\" data-element_type=\"column\" data-e-type=\"column\">\n\t\t\t<div class=\"elementor-widget-wrap elementor-element-populated\">\n\t\t\t\t\t\t<div class=\"elementor-element elementor-element-7c0f5bd elementor-widget elementor-widget-image\" data-id=\"7c0f5bd\" data-element_type=\"widget\" data-e-type=\"widget\" data-widget_type=\"image.default\">\n\t\t\t\t<div class=\"elementor-widget-container\">\n\t\t\t\t\t\t\t\t\t\t\t\t\t\t\t<img fetchpriority=\"high\" decoding=\"async\" width=\"300\" height=\"300\" src=\"https:\/\/teslafm.net\/wp-content\/uploads\/2022\/01\/shak-y-david-300x300.png\" class=\"attachment-medium size-medium wp-image-59329\" alt=\"\" srcset=\"https:\/\/teslafm.net\/wp-content\/uploads\/2022\/01\/shak-y-david-300x300.png 300w, https:\/\/teslafm.net\/wp-content\/uploads\/2022\/01\/shak-y-david-150x150.png 150w, https:\/\/teslafm.net\/wp-content\/uploads\/2022\/01\/shak-y-david.png 710w\" sizes=\"(max-width: 300px) 100vw, 300px\" \/>\t\t\t\t\t\t\t\t\t\t\t\t\t\t\t<\/div>\n\t\t\t\t<\/div>\n\t\t\t\t\t<\/div>\n\t\t<\/div>\n\t\t\t\t<div class=\"elementor-column elementor-col-33 elementor-top-column elementor-element elementor-element-f311b2d\" data-id=\"f311b2d\" data-element_type=\"column\" data-e-type=\"column\" data-settings=\"{&quot;background_background&quot;:&quot;classic&quot;}\">\n\t\t\t<div class=\"elementor-widget-wrap elementor-element-populated\">\n\t\t\t\t\t\t<div class=\"elementor-element elementor-element-70ec24e elementor-widget elementor-widget-heading\" data-id=\"70ec24e\" data-element_type=\"widget\" data-e-type=\"widget\" data-widget_type=\"heading.default\">\n\t\t\t\t<div class=\"elementor-widget-container\">\n\t\t\t\t\t<h2 class=\"elementor-heading-title elementor-size-default\">THE BRAVE SLEEP ALONE<\/h2>\t\t\t\t<\/div>\n\t\t\t\t<\/div>\n\t\t\t\t<div class=\"elementor-element elementor-element-eb8463f elementor-widget elementor-widget-text-editor\" data-id=\"eb8463f\" data-element_type=\"widget\" data-e-type=\"widget\" data-widget_type=\"text-editor.default\">\n\t\t\t\t<div class=\"elementor-widget-container\">\n\t\t\t\t\t\t\t\t\t<p>Program carried out by<a href=\"http:\/\/losvalientesduermensolos.blogspot.com\/\" target=\"_blank\" rel=\"noopener\"><strong> David Valera<\/strong><\/a> and <strong>Shak Benavides<\/strong>.<\/p>\t\t\t\t\t\t\t\t<\/div>\n\t\t\t\t<\/div>\n\t\t\t\t\t<\/div>\n\t\t<\/div>\n\t\t\t\t<div class=\"elementor-column elementor-col-33 elementor-top-column elementor-element elementor-element-eef178d\" data-id=\"eef178d\" data-element_type=\"column\" data-e-type=\"column\" data-settings=\"{&quot;background_background&quot;:&quot;classic&quot;}\">\n\t\t\t<div class=\"elementor-widget-wrap elementor-element-populated\">\n\t\t\t\t\t\t<div class=\"elementor-element elementor-element-05e0c31 elementor-widget elementor-widget-heading\" data-id=\"05e0c31\" data-element_type=\"widget\" data-e-type=\"widget\" data-widget_type=\"heading.default\">\n\t\t\t\t<div class=\"elementor-widget-container\">\n\t\t\t\t\t<h2 class=\"elementor-heading-title elementor-size-default\">THE VEIL OF ISIS<\/h2>\t\t\t\t<\/div>\n\t\t\t\t<\/div>\n\t\t\t\t<div class=\"elementor-element elementor-element-9bfcea2 elementor-widget elementor-widget-text-editor\" data-id=\"9bfcea2\" data-element_type=\"widget\" data-e-type=\"widget\" data-widget_type=\"text-editor.default\">\n\t\t\t\t<div class=\"elementor-widget-container\">\n\t\t\t\t\t\t\t\t\t<p><span style=\"color: #808080;\">The sound record composed by the most fundamental and admirable women writers, poets, painters, sculptors, photographers, architects, actresses and theorists of the universal culture of the 19th and contemporary centuries.<\/span><\/p><p><span style=\"color: #808080;\">Produced by <strong>The Brave Sleep Alone<\/strong>.<br \/><\/span><\/p>\t\t\t\t\t\t\t\t<\/div>\n\t\t\t\t<\/div>\n\t\t\t\t\t<\/div>\n\t\t<\/div>\n\t\t\t\t\t<\/div>\n\t\t<\/section>\n\t\t\t\t<section class=\"elementor-section elementor-top-section elementor-element elementor-element-0af9381 elementor-section-boxed elementor-section-height-default elementor-section-height-default\" data-id=\"0af9381\" data-element_type=\"section\" data-e-type=\"section\">\n\t\t\t\t\t\t<div class=\"elementor-container elementor-column-gap-default\">\n\t\t\t\t\t<div class=\"elementor-column elementor-col-25 elementor-top-column elementor-element elementor-element-b347b23\" data-id=\"b347b23\" data-element_type=\"column\" data-e-type=\"column\">\n\t\t\t<div class=\"elementor-widget-wrap elementor-element-populated\">\n\t\t\t\t\t\t<div class=\"elementor-element elementor-element-b9b0370 elementor-widget elementor-widget-testimonial\" data-id=\"b9b0370\" data-element_type=\"widget\" data-e-type=\"widget\" data-widget_type=\"testimonial.default\">\n\t\t\t\t<div class=\"elementor-widget-container\">\n\t\t\t\t\t\t\t<div class=\"elementor-testimonial-wrapper\">\n\t\t\t\t\t\t\t<div class=\"elementor-testimonial-content\">If you like El Velo de Isis, we recommend:<\/div>\n\t\t\t\n\t\t\t\t\t\t<div class=\"elementor-testimonial-meta elementor-has-image elementor-testimonial-image-position-aside\">\n\t\t\t\t<div class=\"elementor-testimonial-meta-inner\">\n\t\t\t\t\t\t\t\t\t\t\t<div class=\"elementor-testimonial-image\">\n\t\t\t\t\t\t\t<a href=\"https:\/\/teslafm.net\/en\/fmerides\/\" target=\"_blank\"><img decoding=\"async\" src=\"https:\/\/teslafm.net\/wp-content\/uploads\/elementor\/thumbs\/FMerides-logo-p1qjlblafzhpubjgoney2r4lf9ugq81cyuqu9gpl7y.png\" title=\"FMerides logo\" alt=\"FMerides logo\" loading=\"lazy\" \/><\/a>\t\t\t\t\t\t<\/div>\n\t\t\t\t\t\n\t\t\t\t\t\t\t\t\t\t<div class=\"elementor-testimonial-details\">\n\t\t\t\t\t\t\t\t\t\t\t\t\t\t<a class=\"elementor-testimonial-name\" href=\"https:\/\/teslafm.net\/en\/fmerides\/\" target=\"_blank\">FM\u00e9rides<\/a>\n\t\t\t\t\t\t\t\t\t\t\t\t\t\t\t\t\t\t\t\t\t\t<a class=\"elementor-testimonial-job\" href=\"https:\/\/teslafm.net\/en\/fmerides\/\" target=\"_blank\">David Puente<\/a>\n\t\t\t\t\t\t\t\t\t\t\t\t\t<\/div>\n\t\t\t\t\t\t\t\t\t<\/div>\n\t\t\t<\/div>\n\t\t\t\t\t<\/div>\n\t\t\t\t\t\t<\/div>\n\t\t\t\t<\/div>\n\t\t\t\t\t<\/div>\n\t\t<\/div>\n\t\t\t\t<div class=\"elementor-column elementor-col-25 elementor-top-column elementor-element elementor-element-2609718\" data-id=\"2609718\" data-element_type=\"column\" data-e-type=\"column\">\n\t\t\t<div class=\"elementor-widget-wrap\">\n\t\t\t\t\t\t\t<\/div>\n\t\t<\/div>\n\t\t\t\t<div class=\"elementor-column elementor-col-25 elementor-top-column elementor-element elementor-element-06fbbc0\" data-id=\"06fbbc0\" data-element_type=\"column\" data-e-type=\"column\">\n\t\t\t<div class=\"elementor-widget-wrap\">\n\t\t\t\t\t\t\t<\/div>\n\t\t<\/div>\n\t\t\t\t<div class=\"elementor-column elementor-col-25 elementor-top-column elementor-element elementor-element-1e27f2a\" data-id=\"1e27f2a\" data-element_type=\"column\" data-e-type=\"column\">\n\t\t\t<div class=\"elementor-widget-wrap\">\n\t\t\t\t\t\t\t<\/div>\n\t\t<\/div>\n\t\t\t\t\t<\/div>\n\t\t<\/section>\n\t\t\t\t<section class=\"elementor-section elementor-top-section elementor-element elementor-element-28f5a69 elementor-section-boxed elementor-section-height-default elementor-section-height-default\" data-id=\"28f5a69\" data-element_type=\"section\" data-e-type=\"section\">\n\t\t\t\t\t\t<div class=\"elementor-container elementor-column-gap-default\">\n\t\t\t\t\t<div class=\"elementor-column elementor-col-100 elementor-top-column elementor-element elementor-element-dd84244\" data-id=\"dd84244\" data-element_type=\"column\" data-e-type=\"column\">\n\t\t\t<div class=\"elementor-widget-wrap elementor-element-populated\">\n\t\t\t\t\t\t<div class=\"elementor-element elementor-element-7e1ab11 elementor-widget elementor-widget-spacer\" data-id=\"7e1ab11\" data-element_type=\"widget\" data-e-type=\"widget\" data-widget_type=\"spacer.default\">\n\t\t\t\t<div class=\"elementor-widget-container\">\n\t\t\t\t\t\t\t<div class=\"elementor-spacer\">\n\t\t\t<div class=\"elementor-spacer-inner\"><\/div>\n\t\t<\/div>\n\t\t\t\t\t\t<\/div>\n\t\t\t\t<\/div>\n\t\t\t\t\t<\/div>\n\t\t<\/div>\n\t\t\t\t\t<\/div>\n\t\t<\/section>\n\t\t\t\t<section class=\"elementor-section elementor-top-section elementor-element elementor-element-6883228e elementor-section-boxed elementor-section-height-default elementor-section-height-default\" data-id=\"6883228e\" data-element_type=\"section\" data-e-type=\"section\">\n\t\t\t\t\t\t<div class=\"elementor-container elementor-column-gap-default\">\n\t\t\t\t\t<div class=\"elementor-column elementor-col-100 elementor-top-column elementor-element elementor-element-7ed9e95d\" data-id=\"7ed9e95d\" data-element_type=\"column\" data-e-type=\"column\">\n\t\t\t<div class=\"elementor-widget-wrap elementor-element-populated\">\n\t\t\t\t\t\t<div class=\"elementor-element elementor-element-689994d5 elementor-widget elementor-widget-text-editor\" data-id=\"689994d5\" data-element_type=\"widget\" data-e-type=\"widget\" data-widget_type=\"text-editor.default\">\n\t\t\t\t<div class=\"elementor-widget-container\">\n\t\t\t\t\t\t\t\t\t<p><a href=\"https:\/\/teslafm.net\/en\/el-velo-de-isis-5\/\"><strong>The Veil of Isis #5 \/ + info <\/strong><\/a><span style=\"color: #808080;\"><em>Camille Claudel<\/em><\/span><\/p><p><iframe src=\"https:\/\/www.mixcloud.com\/widget\/iframe\/?hide_cover=1&amp;feed=%2FTeslafm_net%2Fel-velo-de-isis-5-shak-benavides%2F\" width=\"100%\" height=\"120\" frameborder=\"0\"><\/iframe><\/p><p><a href=\"https:\/\/teslafm.net\/en\/el-velo-de-isis-4\/\"><strong>The Veil of Isis #4 \/ + info <\/strong><\/a><span style=\"color: #808080;\"><em>Tove Jansson<\/em><\/span><\/p><p><a href=\"https:\/\/teslafm.net\/en\/El%20Velo%20de%20Isis%205%20Tove%20Jansson.mp3\/\" target=\"_blank\" rel=\"noopener\"><img decoding=\"async\" class=\"alignnone wp-image-61647\" src=\"https:\/\/teslafm.net\/wp-content\/uploads\/2023\/02\/velo-5.jpg\" alt=\"\" width=\"1194\" height=\"128\" srcset=\"https:\/\/teslafm.net\/wp-content\/uploads\/2023\/02\/velo-5.jpg 1119w, https:\/\/teslafm.net\/wp-content\/uploads\/2023\/02\/velo-5-300x32.jpg 300w, https:\/\/teslafm.net\/wp-content\/uploads\/2023\/02\/velo-5-1024x110.jpg 1024w, https:\/\/teslafm.net\/wp-content\/uploads\/2023\/02\/velo-5-768x82.jpg 768w\" sizes=\"(max-width: 1194px) 100vw, 1194px\" \/><\/a><\/p><p><a href=\"https:\/\/teslafm.net\/en\/el-velo-de-isis-3\/\"><strong>The Veil of Isis #3 \/ + info <\/strong><\/a><span style=\"color: #808080;\"><em>Marga Gil Ro\u00ebsset<\/em><\/span><\/p><p><a href=\"https:\/\/teslafm.net\/en\/El%20Velo%20de%20Isis%203%20Marga%20Gil.mp3\/\" target=\"_blank\" rel=\"noopener\"><img decoding=\"async\" class=\"alignnone wp-image-61675\" src=\"https:\/\/teslafm.net\/wp-content\/uploads\/2023\/02\/velo-3.jpg\" alt=\"\" width=\"1209\" height=\"128\" srcset=\"https:\/\/teslafm.net\/wp-content\/uploads\/2023\/02\/velo-3.jpg 1124w, https:\/\/teslafm.net\/wp-content\/uploads\/2023\/02\/velo-3-300x32.jpg 300w, https:\/\/teslafm.net\/wp-content\/uploads\/2023\/02\/velo-3-1024x108.jpg 1024w, https:\/\/teslafm.net\/wp-content\/uploads\/2023\/02\/velo-3-768x81.jpg 768w\" sizes=\"(max-width: 1209px) 100vw, 1209px\" \/><\/a><\/p><p><a href=\"https:\/\/teslafm.net\/en\/el-velo-de-isis-2\/\"><strong>The Veil of Isis #2 \/ + info<\/strong><\/a><span style=\"color: #808080;\"><em> Tina Modotti<\/em><\/span><\/p><p><iframe src=\"https:\/\/www.mixcloud.com\/widget\/iframe\/?hide_cover=1&amp;feed=%2FTeslafm_net%2Fel-velo-de-isis-2-lxs-valientes-duermen-solxs%2F\" width=\"100%\" height=\"120\" frameborder=\"0\"><\/iframe><\/p><p><a href=\"https:\/\/teslafm.net\/en\/el-velo-de-isis-1\/\"><strong>The Veil of Isis #1 \/ + info <\/strong><\/a><span style=\"color: #808080;\"><em>Vivian Maier<\/em><\/span><\/p><p><iframe src=\"https:\/\/www.mixcloud.com\/widget\/iframe\/?hide_cover=1&amp;feed=%2FTeslafm_net%2Fel-velo-de-isis-1-lxs-valientes-duermen-solxs%2F\" width=\"100%\" height=\"120\" frameborder=\"0\"><\/iframe><\/p>\t\t\t\t\t\t\t\t<\/div>\n\t\t\t\t<\/div>\n\t\t\t\t\t<\/div>\n\t\t<\/div>\n\t\t\t\t\t<\/div>\n\t\t<\/section>\n\t\t\t\t<\/div>","protected":false},"excerpt":{"rendered":"<p>LXS VALIENTES DUERMEN SOLXS Programa realizado por David Valera y Shak Benavides. EL VELO DE ISIS El registro sonoro compuesto por las m\u00e1s fundamentales y admirables escritoras, poetas, pintoras, escultoras, fot\u00f3grafas, arquitectas, actrices y te\u00f3ricas de la cultura universal del siglo XIX y contempor\u00e1nea. Producido por Lxs Valientes Duermen Solxs. Si te gusta El Velo [&hellip;]<\/p>\n","protected":false},"author":19,"featured_media":0,"parent":0,"menu_order":0,"comment_status":"closed","ping_status":"closed","template":"","meta":{"footnotes":""},"class_list":["post-724","page","type-page","status-publish","hentry"],"yoast_head":"<!-- This site is optimized with the Yoast SEO plugin v27.2 - https:\/\/yoast.com\/product\/yoast-seo-wordpress\/ -->\n<title>El Velo de Isis -<\/title>\n<meta name=\"robots\" content=\"index, follow, max-snippet:-1, max-image-preview:large, max-video-preview:-1\" \/>\n<link rel=\"canonical\" href=\"https:\/\/teslafm.net\/en\/el-velo-de-isis\/\" \/>\n<meta property=\"og:locale\" content=\"en_US\" \/>\n<meta property=\"og:type\" content=\"article\" \/>\n<meta property=\"og:title\" content=\"El Velo de Isis -\" \/>\n<meta property=\"og:description\" content=\"LXS VALIENTES DUERMEN SOLXS Programa realizado por David Valera y Shak Benavides. EL VELO DE ISIS El registro sonoro compuesto por las m\u00e1s fundamentales y admirables escritoras, poetas, pintoras, escultoras, fot\u00f3grafas, arquitectas, actrices y te\u00f3ricas de la cultura universal del siglo XIX y contempor\u00e1nea. Producido por Lxs Valientes Duermen Solxs. Si te gusta El Velo [&hellip;]\" \/>\n<meta property=\"og:url\" content=\"https:\/\/teslafm.net\/en\/el-velo-de-isis\/\" \/>\n<meta property=\"article:publisher\" content=\"https:\/\/www.facebook.com\/teslafm.net\" \/>\n<meta property=\"article:modified_time\" content=\"2023-02-22T21:35:30+00:00\" \/>\n<meta property=\"og:image\" content=\"http:\/\/teslafm.net\/wp-content\/uploads\/2022\/01\/shak-y-david-300x300.png\" \/>\n<meta name=\"twitter:card\" content=\"summary_large_image\" \/>\n<meta name=\"twitter:site\" content=\"@teslafm\" \/>\n<meta name=\"twitter:label1\" content=\"Est. reading time\" \/>\n\t<meta name=\"twitter:data1\" content=\"2 minutes\" \/>\n<script type=\"application\/ld+json\" class=\"yoast-schema-graph\">{\"@context\":\"https:\/\/schema.org\",\"@graph\":[{\"@type\":\"WebPage\",\"@id\":\"https:\/\/teslafm.net\/el-velo-de-isis\/\",\"url\":\"https:\/\/teslafm.net\/el-velo-de-isis\/\",\"name\":\"El Velo de Isis -\",\"isPartOf\":{\"@id\":\"https:\/\/teslafm.net\/#website\"},\"primaryImageOfPage\":{\"@id\":\"https:\/\/teslafm.net\/el-velo-de-isis\/#primaryimage\"},\"image\":{\"@id\":\"https:\/\/teslafm.net\/el-velo-de-isis\/#primaryimage\"},\"thumbnailUrl\":\"http:\/\/teslafm.net\/wp-content\/uploads\/2022\/01\/shak-y-david-300x300.png\",\"datePublished\":\"2018-11-29T13:15:21+00:00\",\"dateModified\":\"2023-02-22T21:35:30+00:00\",\"breadcrumb\":{\"@id\":\"https:\/\/teslafm.net\/el-velo-de-isis\/#breadcrumb\"},\"inLanguage\":\"en-US\",\"potentialAction\":[{\"@type\":\"ReadAction\",\"target\":[\"https:\/\/teslafm.net\/el-velo-de-isis\/\"]}]},{\"@type\":\"ImageObject\",\"inLanguage\":\"en-US\",\"@id\":\"https:\/\/teslafm.net\/el-velo-de-isis\/#primaryimage\",\"url\":\"http:\/\/teslafm.net\/wp-content\/uploads\/2022\/01\/shak-y-david-300x300.png\",\"contentUrl\":\"http:\/\/teslafm.net\/wp-content\/uploads\/2022\/01\/shak-y-david-300x300.png\"},{\"@type\":\"BreadcrumbList\",\"@id\":\"https:\/\/teslafm.net\/el-velo-de-isis\/#breadcrumb\",\"itemListElement\":[{\"@type\":\"ListItem\",\"position\":1,\"name\":\"Portada\",\"item\":\"https:\/\/teslafm.net\/\"},{\"@type\":\"ListItem\",\"position\":2,\"name\":\"El Velo de Isis\"}]},{\"@type\":\"WebSite\",\"@id\":\"https:\/\/teslafm.net\/#website\",\"url\":\"https:\/\/teslafm.net\/\",\"name\":\"TeslaFM\",\"description\":\"An experimental and creative radio\",\"publisher\":{\"@id\":\"https:\/\/teslafm.net\/#organization\"},\"potentialAction\":[{\"@type\":\"SearchAction\",\"target\":{\"@type\":\"EntryPoint\",\"urlTemplate\":\"https:\/\/teslafm.net\/?s={search_term_string}\"},\"query-input\":{\"@type\":\"PropertyValueSpecification\",\"valueRequired\":true,\"valueName\":\"search_term_string\"}}],\"inLanguage\":\"en-US\"},{\"@type\":\"Organization\",\"@id\":\"https:\/\/teslafm.net\/#organization\",\"name\":\"TeslaFM\",\"url\":\"https:\/\/teslafm.net\/\",\"logo\":{\"@type\":\"ImageObject\",\"inLanguage\":\"en-US\",\"@id\":\"https:\/\/teslafm.net\/#\/schema\/logo\/image\/\",\"url\":\"https:\/\/teslafm.net\/wp-content\/uploads\/2020\/06\/logo-tesla.png\",\"contentUrl\":\"https:\/\/teslafm.net\/wp-content\/uploads\/2020\/06\/logo-tesla.png\",\"width\":512,\"height\":512,\"caption\":\"TeslaFM\"},\"image\":{\"@id\":\"https:\/\/teslafm.net\/#\/schema\/logo\/image\/\"},\"sameAs\":[\"https:\/\/www.facebook.com\/teslafm.net\",\"https:\/\/x.com\/teslafm\"]}]}<\/script>\n<!-- \/ Yoast SEO plugin. -->","yoast_head_json":{"title":"The Veil of Isis -","robots":{"index":"index","follow":"follow","max-snippet":"max-snippet:-1","max-image-preview":"max-image-preview:large","max-video-preview":"max-video-preview:-1"},"canonical":"https:\/\/teslafm.net\/en\/el-velo-de-isis\/","og_locale":"en_US","og_type":"article","og_title":"El Velo de Isis -","og_description":"LXS VALIENTES DUERMEN SOLXS Programa realizado por David Valera y Shak Benavides. EL VELO DE ISIS El registro sonoro compuesto por las m\u00e1s fundamentales y admirables escritoras, poetas, pintoras, escultoras, fot\u00f3grafas, arquitectas, actrices y te\u00f3ricas de la cultura universal del siglo XIX y contempor\u00e1nea. Producido por Lxs Valientes Duermen Solxs. Si te gusta El Velo [&hellip;]","og_url":"https:\/\/teslafm.net\/en\/el-velo-de-isis\/","article_publisher":"https:\/\/www.facebook.com\/teslafm.net","article_modified_time":"2023-02-22T21:35:30+00:00","og_image":[{"url":"http:\/\/teslafm.net\/wp-content\/uploads\/2022\/01\/shak-y-david-300x300.png","type":"","width":"","height":""}],"twitter_card":"summary_large_image","twitter_site":"@teslafm","twitter_misc":{"Est. reading time":"2 minutes"},"schema":{"@context":"https:\/\/schema.org","@graph":[{"@type":"WebPage","@id":"https:\/\/teslafm.net\/el-velo-de-isis\/","url":"https:\/\/teslafm.net\/el-velo-de-isis\/","name":"The Veil of Isis -","isPartOf":{"@id":"https:\/\/teslafm.net\/#website"},"primaryImageOfPage":{"@id":"https:\/\/teslafm.net\/el-velo-de-isis\/#primaryimage"},"image":{"@id":"https:\/\/teslafm.net\/el-velo-de-isis\/#primaryimage"},"thumbnailUrl":"http:\/\/teslafm.net\/wp-content\/uploads\/2022\/01\/shak-y-david-300x300.png","datePublished":"2018-11-29T13:15:21+00:00","dateModified":"2023-02-22T21:35:30+00:00","breadcrumb":{"@id":"https:\/\/teslafm.net\/el-velo-de-isis\/#breadcrumb"},"inLanguage":"en-US","potentialAction":[{"@type":"ReadAction","target":["https:\/\/teslafm.net\/el-velo-de-isis\/"]}]},{"@type":"ImageObject","inLanguage":"en-US","@id":"https:\/\/teslafm.net\/el-velo-de-isis\/#primaryimage","url":"http:\/\/teslafm.net\/wp-content\/uploads\/2022\/01\/shak-y-david-300x300.png","contentUrl":"http:\/\/teslafm.net\/wp-content\/uploads\/2022\/01\/shak-y-david-300x300.png"},{"@type":"BreadcrumbList","@id":"https:\/\/teslafm.net\/el-velo-de-isis\/#breadcrumb","itemListElement":[{"@type":"ListItem","position":1,"name":"Portada","item":"https:\/\/teslafm.net\/"},{"@type":"ListItem","position":2,"name":"El Velo de Isis"}]},{"@type":"WebSite","@id":"https:\/\/teslafm.net\/#website","url":"https:\/\/teslafm.net\/","name":"TeslaFM","description":"An experimental and creative radio","publisher":{"@id":"https:\/\/teslafm.net\/#organization"},"potentialAction":[{"@type":"SearchAction","target":{"@type":"EntryPoint","urlTemplate":"https:\/\/teslafm.net\/?s={search_term_string}"},"query-input":{"@type":"PropertyValueSpecification","valueRequired":true,"valueName":"search_term_string"}}],"inLanguage":"en-US"},{"@type":"Organization","@id":"https:\/\/teslafm.net\/#organization","name":"TeslaFM","url":"https:\/\/teslafm.net\/","logo":{"@type":"ImageObject","inLanguage":"en-US","@id":"https:\/\/teslafm.net\/#\/schema\/logo\/image\/","url":"https:\/\/teslafm.net\/wp-content\/uploads\/2020\/06\/logo-tesla.png","contentUrl":"https:\/\/teslafm.net\/wp-content\/uploads\/2020\/06\/logo-tesla.png","width":512,"height":512,"caption":"TeslaFM"},"image":{"@id":"https:\/\/teslafm.net\/#\/schema\/logo\/image\/"},"sameAs":["https:\/\/www.facebook.com\/teslafm.net","https:\/\/x.com\/teslafm"]}]}},"rttpg_featured_image_url":null,"rttpg_author":{"display_name":"Ishak","author_link":"https:\/\/teslafm.net\/en\/author\/cravan\/"},"rttpg_comment":0,"rttpg_category":null,"rttpg_excerpt":"LXS VALIENTES DUERMEN SOLXS Programa realizado por David Valera y Shak Benavides. EL VELO DE ISIS El registro sonoro compuesto por las m\u00e1s fundamentales y admirables escritoras, poetas, pintoras, escultoras, fot\u00f3grafas, arquitectas, actrices y te\u00f3ricas de la cultura universal del siglo XIX y contempor\u00e1nea. Producido por Lxs Valientes Duermen Solxs. Si te gusta El Velo&hellip;","_links":{"self":[{"href":"https:\/\/teslafm.net\/en\/wp-json\/wp\/v2\/pages\/724","targetHints":{"allow":["GET"]}}],"collection":[{"href":"https:\/\/teslafm.net\/en\/wp-json\/wp\/v2\/pages"}],"about":[{"href":"https:\/\/teslafm.net\/en\/wp-json\/wp\/v2\/types\/page"}],"author":[{"embeddable":true,"href":"https:\/\/teslafm.net\/en\/wp-json\/wp\/v2\/users\/19"}],"replies":[{"embeddable":true,"href":"https:\/\/teslafm.net\/en\/wp-json\/wp\/v2\/comments?post=724"}],"version-history":[{"count":55,"href":"https:\/\/teslafm.net\/en\/wp-json\/wp\/v2\/pages\/724\/revisions"}],"predecessor-version":[{"id":61681,"href":"https:\/\/teslafm.net\/en\/wp-json\/wp\/v2\/pages\/724\/revisions\/61681"}],"wp:attachment":[{"href":"https:\/\/teslafm.net\/en\/wp-json\/wp\/v2\/media?parent=724"}],"curies":[{"name":"wp","href":"https:\/\/api.w.org\/{rel}","templated":true}]}}