

{"id":726,"date":"2018-11-29T14:18:31","date_gmt":"2018-11-29T13:18:31","guid":{"rendered":"https:\/\/teslafm.net\/la-pantalla-silenciosa-2\/"},"modified":"2025-07-27T12:35:11","modified_gmt":"2025-07-27T10:35:11","slug":"la-pantalla-silenciosa","status":"publish","type":"page","link":"https:\/\/teslafm.net\/en\/la-pantalla-silenciosa\/","title":{"rendered":"The Silent Screen"},"content":{"rendered":"<div data-elementor-type=\"wp-page\" data-elementor-id=\"726\" class=\"elementor elementor-726\">\n\t\t\t\t\t\t<section class=\"elementor-section elementor-top-section elementor-element elementor-element-b2496a2 elementor-section-boxed elementor-section-height-default elementor-section-height-default\" data-id=\"b2496a2\" data-element_type=\"section\" data-e-type=\"section\">\n\t\t\t\t\t\t<div class=\"elementor-container elementor-column-gap-default\">\n\t\t\t\t\t<div class=\"elementor-column elementor-col-33 elementor-top-column elementor-element elementor-element-792935b\" data-id=\"792935b\" data-element_type=\"column\" data-e-type=\"column\">\n\t\t\t<div class=\"elementor-widget-wrap elementor-element-populated\">\n\t\t\t\t\t\t<div class=\"elementor-element elementor-element-a32903a elementor-widget elementor-widget-image\" data-id=\"a32903a\" data-element_type=\"widget\" data-e-type=\"widget\" data-widget_type=\"image.default\">\n\t\t\t\t<div class=\"elementor-widget-container\">\n\t\t\t\t\t\t\t\t\t\t\t\t\t\t\t<img fetchpriority=\"high\" decoding=\"async\" width=\"300\" height=\"300\" src=\"https:\/\/teslafm.net\/wp-content\/uploads\/2022\/01\/shak-y-david-300x300.png\" class=\"attachment-medium size-medium wp-image-59329\" alt=\"\" srcset=\"https:\/\/teslafm.net\/wp-content\/uploads\/2022\/01\/shak-y-david-300x300.png 300w, https:\/\/teslafm.net\/wp-content\/uploads\/2022\/01\/shak-y-david-150x150.png 150w, https:\/\/teslafm.net\/wp-content\/uploads\/2022\/01\/shak-y-david.png 710w\" sizes=\"(max-width: 300px) 100vw, 300px\" \/>\t\t\t\t\t\t\t\t\t\t\t\t\t\t\t<\/div>\n\t\t\t\t<\/div>\n\t\t\t\t\t<\/div>\n\t\t<\/div>\n\t\t\t\t<div class=\"elementor-column elementor-col-33 elementor-top-column elementor-element elementor-element-12293ab\" data-id=\"12293ab\" data-element_type=\"column\" data-e-type=\"column\" data-settings=\"{&quot;background_background&quot;:&quot;classic&quot;}\">\n\t\t\t<div class=\"elementor-widget-wrap elementor-element-populated\">\n\t\t\t\t\t\t<div class=\"elementor-element elementor-element-7e6ff55 elementor-widget elementor-widget-heading\" data-id=\"7e6ff55\" data-element_type=\"widget\" data-e-type=\"widget\" data-widget_type=\"heading.default\">\n\t\t\t\t<div class=\"elementor-widget-container\">\n\t\t\t\t\t<h2 class=\"elementor-heading-title elementor-size-default\">THE BRAVE SLEEP ALONE<\/h2>\t\t\t\t<\/div>\n\t\t\t\t<\/div>\n\t\t\t\t<div class=\"elementor-element elementor-element-0c6ef87 elementor-widget elementor-widget-text-editor\" data-id=\"0c6ef87\" data-element_type=\"widget\" data-e-type=\"widget\" data-widget_type=\"text-editor.default\">\n\t\t\t\t<div class=\"elementor-widget-container\">\n\t\t\t\t\t\t\t\t\t<p>Program carried out by<a href=\"http:\/\/losvalientesduermensolos.blogspot.com\/\" target=\"_blank\" rel=\"noopener\"><strong> David Valera<\/strong><\/a> and\u00a0<strong>Is<\/strong><strong>hak Benavides<\/strong>.<\/p>\t\t\t\t\t\t\t\t<\/div>\n\t\t\t\t<\/div>\n\t\t\t\t\t<\/div>\n\t\t<\/div>\n\t\t\t\t<div class=\"elementor-column elementor-col-33 elementor-top-column elementor-element elementor-element-48ed25e\" data-id=\"48ed25e\" data-element_type=\"column\" data-e-type=\"column\" data-settings=\"{&quot;background_background&quot;:&quot;classic&quot;}\">\n\t\t\t<div class=\"elementor-widget-wrap elementor-element-populated\">\n\t\t\t\t\t\t<div class=\"elementor-element elementor-element-74d25f8 elementor-widget elementor-widget-heading\" data-id=\"74d25f8\" data-element_type=\"widget\" data-e-type=\"widget\" data-widget_type=\"heading.default\">\n\t\t\t\t<div class=\"elementor-widget-container\">\n\t\t\t\t\t<h2 class=\"elementor-heading-title elementor-size-default\">THE SILENT SCREEN<\/h2>\t\t\t\t<\/div>\n\t\t\t\t<\/div>\n\t\t\t\t<div class=\"elementor-element elementor-element-32195e3 elementor-widget elementor-widget-text-editor\" data-id=\"32195e3\" data-element_type=\"widget\" data-e-type=\"widget\" data-widget_type=\"text-editor.default\">\n\t\t\t\t<div class=\"elementor-widget-container\">\n\t\t\t\t\t\t\t\t\t<p><span style=\"color: #808080;\">The insertion of concert music in silent films: the selection of pieces considered to be of interest to the public <i>\"classics\"<\/i> or parts <i>\"contemporary\"<\/i> composed later for the different sequences of a silent film.<\/span><\/p><p><span style=\"color: #808080;\">Produced by <b>The Brave Sleep Alone<\/b> and\u00a0<strong>Is<\/strong><b>hak Benavides<\/b>.<\/span><\/p>\t\t\t\t\t\t\t\t<\/div>\n\t\t\t\t<\/div>\n\t\t\t\t\t<\/div>\n\t\t<\/div>\n\t\t\t\t\t<\/div>\n\t\t<\/section>\n\t\t\t\t<section class=\"elementor-section elementor-top-section elementor-element elementor-element-ac57168 elementor-section-boxed elementor-section-height-default elementor-section-height-default\" data-id=\"ac57168\" data-element_type=\"section\" data-e-type=\"section\">\n\t\t\t\t\t\t<div class=\"elementor-container elementor-column-gap-default\">\n\t\t\t\t\t<div class=\"elementor-column elementor-col-100 elementor-top-column elementor-element elementor-element-7689279\" data-id=\"7689279\" data-element_type=\"column\" data-e-type=\"column\">\n\t\t\t<div class=\"elementor-widget-wrap elementor-element-populated\">\n\t\t\t\t\t\t<div class=\"elementor-element elementor-element-c66fc83 elementor-widget elementor-widget-spacer\" data-id=\"c66fc83\" data-element_type=\"widget\" data-e-type=\"widget\" data-widget_type=\"spacer.default\">\n\t\t\t\t<div class=\"elementor-widget-container\">\n\t\t\t\t\t\t\t<div class=\"elementor-spacer\">\n\t\t\t<div class=\"elementor-spacer-inner\"><\/div>\n\t\t<\/div>\n\t\t\t\t\t\t<\/div>\n\t\t\t\t<\/div>\n\t\t\t\t\t<\/div>\n\t\t<\/div>\n\t\t\t\t\t<\/div>\n\t\t<\/section>\n\t\t\t\t<section class=\"elementor-section elementor-top-section elementor-element elementor-element-564b5b37 elementor-section-boxed elementor-section-height-default elementor-section-height-default\" data-id=\"564b5b37\" data-element_type=\"section\" data-e-type=\"section\">\n\t\t\t\t\t\t<div class=\"elementor-container elementor-column-gap-default\">\n\t\t\t\t\t<div class=\"elementor-column elementor-col-100 elementor-top-column elementor-element elementor-element-1b6a0e30\" data-id=\"1b6a0e30\" data-element_type=\"column\" data-e-type=\"column\">\n\t\t\t<div class=\"elementor-widget-wrap elementor-element-populated\">\n\t\t\t\t\t\t<div class=\"elementor-element elementor-element-73856d11 elementor-widget elementor-widget-text-editor\" data-id=\"73856d11\" data-element_type=\"widget\" data-e-type=\"widget\" data-widget_type=\"text-editor.default\">\n\t\t\t\t<div class=\"elementor-widget-container\">\n\t\t\t\t\t\t\t\t\t<a href=\"https:\/\/teslafm.net\/en\/la-pantalla-silenciosa-5\/\"><strong>The Silent Screen #5 \/ + info <\/strong><\/a><span style=\"color: #808080;\"><em>The Assassination of the Duke of Guise (1908) BSO by Camille Saint-Sa\u00ebns <\/em><\/span><span style=\"color: #808080;\"><em>Napoleon (1927) BSO by Arthur Honegger<\/em><\/span>\n\n<iframe src=\"https:\/\/www.mixcloud.com\/widget\/iframe\/?hide_cover=1&amp;feed=%2FTeslafm_net%2Fla-pantalla-silenciosa-5-shak-benavides%2F\" width=\"100%\" height=\"120\" frameborder=\"0\"><\/iframe>\n\n<a href=\"https:\/\/teslafm.net\/en\/la-pantalla-silenciosa-4\/\"><strong>The Silent Screen #4 \/ + info <\/strong><\/a><span style=\"color: #808080;\"><em>The Birth of a Nation (1915) BSO by Joseph Carl Breil<\/em><\/span>\n\n<iframe src=\"https:\/\/www.mixcloud.com\/widget\/iframe\/?hide_cover=1&amp;feed=%2FTeslafm_net%2Fla-pantalla-silenciosa-4-lxs-valientes-duermen-solxs%2F\" width=\"100%\" height=\"120\" frameborder=\"0\"><\/iframe>\n\n<a href=\"https:\/\/teslafm.net\/en\/la-pantalla-silenciosa-3\/\"><strong>The Silent Screen #3 \/ + info <\/strong><\/a><span style=\"color: #808080;\"><em>The Guilt of Others (1919) BSO by Louis F.Gottschalk<\/em><\/span>\n\n<iframe src=\"https:\/\/www.mixcloud.com\/widget\/iframe\/?hide_cover=1&amp;feed=%2FTeslafm_net%2Fla-pantalla-silenciosa-3-lxs-valientes-duermen-solxs%2F\" width=\"100%\" height=\"120\" frameborder=\"0\"><\/iframe>\n\n<a href=\"https:\/\/teslafm.net\/en\/la-pantalla-silenciosa-2\/\"><strong>The Silent Screen #2 \/ + info <\/strong><\/a><span style=\"color: #808080;\"><em>Battleship Potemkin (1925) BSO by Edmund Miesel<\/em><\/span>\n\n<iframe src=\"https:\/\/www.mixcloud.com\/widget\/iframe\/?hide_cover=1&amp;feed=%2FTeslafm_net%2Fla-pantalla-silenciosa-2-lxs-valientes-duermen-solxs%2F\" width=\"100%\" height=\"120\" frameborder=\"0\"><\/iframe>\n\n<a href=\"https:\/\/teslafm.net\/en\/la-pantalla-silenciosa-1\/\"><strong>The Silent Screen #1 \/ + info <\/strong><\/a><span style=\"color: #808080;\"><em>The Black Pirate (1926) Alternative Soundtrack by Lee Erwin<\/em><\/span>\n\n<iframe src=\"https:\/\/www.mixcloud.com\/widget\/iframe\/?hide_cover=1&amp;feed=%2FTeslafm_net%2Fla-pantalla-silenciosa-1-lxs-valientes-duermen-solxs%2F\" width=\"100%\" height=\"120\" frameborder=\"0\"><\/iframe>\n\t\t\t\t\t\t\t\t<\/div>\n\t\t\t\t<\/div>\n\t\t\t\t\t<\/div>\n\t\t<\/div>\n\t\t\t\t\t<\/div>\n\t\t<\/section>\n\t\t\t\t<\/div>","protected":false},"excerpt":{"rendered":"<p>LOS VALIENTES DUERMEN SOLOS Programa realizado por David Valera e\u00a0Ishak Benavides. LA PANTALLA SILENCIOSA La inserci\u00f3n de m\u00fasica de concierto en el cine mudo: la selecci\u00f3n de piezas consideras \u00abcl\u00e1sicas\u00bb o piezas \u00abcontempor\u00e1neas\u00bb compuestas con posterioridad para las diferentes secuencias de una pel\u00edcula muda. Producido por Los Valientes Duermen Solos e\u00a0Ishak Benavides. La Pantalla Silenciosa [&hellip;]<\/p>\n","protected":false},"author":19,"featured_media":0,"parent":0,"menu_order":0,"comment_status":"closed","ping_status":"closed","template":"","meta":{"footnotes":""},"class_list":["post-726","page","type-page","status-publish","hentry"],"yoast_head":"<!-- This site is optimized with the Yoast SEO plugin v27.4 - https:\/\/yoast.com\/product\/yoast-seo-wordpress\/ -->\n<title>La Pantalla Silenciosa -<\/title>\n<meta name=\"robots\" content=\"index, follow, max-snippet:-1, max-image-preview:large, max-video-preview:-1\" \/>\n<link rel=\"canonical\" href=\"https:\/\/teslafm.net\/en\/la-pantalla-silenciosa\/\" \/>\n<meta property=\"og:locale\" content=\"en_US\" \/>\n<meta property=\"og:type\" content=\"article\" \/>\n<meta property=\"og:title\" content=\"La Pantalla Silenciosa -\" \/>\n<meta property=\"og:description\" content=\"LOS VALIENTES DUERMEN SOLOS Programa realizado por David Valera e\u00a0Ishak Benavides. LA PANTALLA SILENCIOSA La inserci\u00f3n de m\u00fasica de concierto en el cine mudo: la selecci\u00f3n de piezas consideras \u00abcl\u00e1sicas\u00bb o piezas \u00abcontempor\u00e1neas\u00bb compuestas con posterioridad para las diferentes secuencias de una pel\u00edcula muda. Producido por Los Valientes Duermen Solos e\u00a0Ishak Benavides. La Pantalla Silenciosa [&hellip;]\" \/>\n<meta property=\"og:url\" content=\"https:\/\/teslafm.net\/en\/la-pantalla-silenciosa\/\" \/>\n<meta property=\"article:publisher\" content=\"https:\/\/www.facebook.com\/teslafm.net\" \/>\n<meta property=\"article:modified_time\" content=\"2025-07-27T10:35:11+00:00\" \/>\n<meta property=\"og:image\" content=\"https:\/\/teslafm.net\/wp-content\/uploads\/2022\/01\/shak-y-david.png\" \/>\n\t<meta property=\"og:image:width\" content=\"710\" \/>\n\t<meta property=\"og:image:height\" content=\"710\" \/>\n\t<meta property=\"og:image:type\" content=\"image\/png\" \/>\n<meta name=\"twitter:card\" content=\"summary_large_image\" \/>\n<meta name=\"twitter:site\" content=\"@teslafm\" \/>\n<meta name=\"twitter:label1\" content=\"Est. reading time\" \/>\n\t<meta name=\"twitter:data1\" content=\"1 minute\" \/>\n<script type=\"application\/ld+json\" class=\"yoast-schema-graph\">{\"@context\":\"https:\\\/\\\/schema.org\",\"@graph\":[{\"@type\":\"WebPage\",\"@id\":\"https:\\\/\\\/teslafm.net\\\/la-pantalla-silenciosa\\\/\",\"url\":\"https:\\\/\\\/teslafm.net\\\/la-pantalla-silenciosa\\\/\",\"name\":\"La Pantalla Silenciosa -\",\"isPartOf\":{\"@id\":\"https:\\\/\\\/teslafm.net\\\/#website\"},\"primaryImageOfPage\":{\"@id\":\"https:\\\/\\\/teslafm.net\\\/la-pantalla-silenciosa\\\/#primaryimage\"},\"image\":{\"@id\":\"https:\\\/\\\/teslafm.net\\\/la-pantalla-silenciosa\\\/#primaryimage\"},\"thumbnailUrl\":\"https:\\\/\\\/teslafm.net\\\/wp-content\\\/uploads\\\/2022\\\/01\\\/shak-y-david-300x300.png\",\"datePublished\":\"2018-11-29T13:18:31+00:00\",\"dateModified\":\"2025-07-27T10:35:11+00:00\",\"breadcrumb\":{\"@id\":\"https:\\\/\\\/teslafm.net\\\/la-pantalla-silenciosa\\\/#breadcrumb\"},\"inLanguage\":\"en-US\",\"potentialAction\":[{\"@type\":\"ReadAction\",\"target\":[\"https:\\\/\\\/teslafm.net\\\/la-pantalla-silenciosa\\\/\"]}]},{\"@type\":\"ImageObject\",\"inLanguage\":\"en-US\",\"@id\":\"https:\\\/\\\/teslafm.net\\\/la-pantalla-silenciosa\\\/#primaryimage\",\"url\":\"https:\\\/\\\/teslafm.net\\\/wp-content\\\/uploads\\\/2022\\\/01\\\/shak-y-david-300x300.png\",\"contentUrl\":\"https:\\\/\\\/teslafm.net\\\/wp-content\\\/uploads\\\/2022\\\/01\\\/shak-y-david-300x300.png\"},{\"@type\":\"BreadcrumbList\",\"@id\":\"https:\\\/\\\/teslafm.net\\\/la-pantalla-silenciosa\\\/#breadcrumb\",\"itemListElement\":[{\"@type\":\"ListItem\",\"position\":1,\"name\":\"Portada\",\"item\":\"https:\\\/\\\/teslafm.net\\\/\"},{\"@type\":\"ListItem\",\"position\":2,\"name\":\"La Pantalla Silenciosa\"}]},{\"@type\":\"WebSite\",\"@id\":\"https:\\\/\\\/teslafm.net\\\/#website\",\"url\":\"https:\\\/\\\/teslafm.net\\\/\",\"name\":\"TeslaFM\",\"description\":\"An experimental and creative radio\",\"publisher\":{\"@id\":\"https:\\\/\\\/teslafm.net\\\/#organization\"},\"potentialAction\":[{\"@type\":\"SearchAction\",\"target\":{\"@type\":\"EntryPoint\",\"urlTemplate\":\"https:\\\/\\\/teslafm.net\\\/?s={search_term_string}\"},\"query-input\":{\"@type\":\"PropertyValueSpecification\",\"valueRequired\":true,\"valueName\":\"search_term_string\"}}],\"inLanguage\":\"en-US\"},{\"@type\":\"Organization\",\"@id\":\"https:\\\/\\\/teslafm.net\\\/#organization\",\"name\":\"TeslaFM\",\"url\":\"https:\\\/\\\/teslafm.net\\\/\",\"logo\":{\"@type\":\"ImageObject\",\"inLanguage\":\"en-US\",\"@id\":\"https:\\\/\\\/teslafm.net\\\/#\\\/schema\\\/logo\\\/image\\\/\",\"url\":\"https:\\\/\\\/teslafm.net\\\/wp-content\\\/uploads\\\/2020\\\/06\\\/logo-tesla.png\",\"contentUrl\":\"https:\\\/\\\/teslafm.net\\\/wp-content\\\/uploads\\\/2020\\\/06\\\/logo-tesla.png\",\"width\":512,\"height\":512,\"caption\":\"TeslaFM\"},\"image\":{\"@id\":\"https:\\\/\\\/teslafm.net\\\/#\\\/schema\\\/logo\\\/image\\\/\"},\"sameAs\":[\"https:\\\/\\\/www.facebook.com\\\/teslafm.net\",\"https:\\\/\\\/x.com\\\/teslafm\"]}]}<\/script>\n<!-- \/ Yoast SEO plugin. -->","yoast_head_json":{"title":"The Silent Screen -","robots":{"index":"index","follow":"follow","max-snippet":"max-snippet:-1","max-image-preview":"max-image-preview:large","max-video-preview":"max-video-preview:-1"},"canonical":"https:\/\/teslafm.net\/en\/la-pantalla-silenciosa\/","og_locale":"en_US","og_type":"article","og_title":"La Pantalla Silenciosa -","og_description":"LOS VALIENTES DUERMEN SOLOS Programa realizado por David Valera e\u00a0Ishak Benavides. LA PANTALLA SILENCIOSA La inserci\u00f3n de m\u00fasica de concierto en el cine mudo: la selecci\u00f3n de piezas consideras \u00abcl\u00e1sicas\u00bb o piezas \u00abcontempor\u00e1neas\u00bb compuestas con posterioridad para las diferentes secuencias de una pel\u00edcula muda. Producido por Los Valientes Duermen Solos e\u00a0Ishak Benavides. La Pantalla Silenciosa [&hellip;]","og_url":"https:\/\/teslafm.net\/en\/la-pantalla-silenciosa\/","article_publisher":"https:\/\/www.facebook.com\/teslafm.net","article_modified_time":"2025-07-27T10:35:11+00:00","og_image":[{"width":710,"height":710,"url":"https:\/\/teslafm.net\/wp-content\/uploads\/2022\/01\/shak-y-david.png","type":"image\/png"}],"twitter_card":"summary_large_image","twitter_site":"@teslafm","twitter_misc":{"Est. reading time":"1 minute"},"schema":{"@context":"https:\/\/schema.org","@graph":[{"@type":"WebPage","@id":"https:\/\/teslafm.net\/la-pantalla-silenciosa\/","url":"https:\/\/teslafm.net\/la-pantalla-silenciosa\/","name":"The Silent Screen -","isPartOf":{"@id":"https:\/\/teslafm.net\/#website"},"primaryImageOfPage":{"@id":"https:\/\/teslafm.net\/la-pantalla-silenciosa\/#primaryimage"},"image":{"@id":"https:\/\/teslafm.net\/la-pantalla-silenciosa\/#primaryimage"},"thumbnailUrl":"https:\/\/teslafm.net\/wp-content\/uploads\/2022\/01\/shak-y-david-300x300.png","datePublished":"2018-11-29T13:18:31+00:00","dateModified":"2025-07-27T10:35:11+00:00","breadcrumb":{"@id":"https:\/\/teslafm.net\/la-pantalla-silenciosa\/#breadcrumb"},"inLanguage":"en-US","potentialAction":[{"@type":"ReadAction","target":["https:\/\/teslafm.net\/la-pantalla-silenciosa\/"]}]},{"@type":"ImageObject","inLanguage":"en-US","@id":"https:\/\/teslafm.net\/la-pantalla-silenciosa\/#primaryimage","url":"https:\/\/teslafm.net\/wp-content\/uploads\/2022\/01\/shak-y-david-300x300.png","contentUrl":"https:\/\/teslafm.net\/wp-content\/uploads\/2022\/01\/shak-y-david-300x300.png"},{"@type":"BreadcrumbList","@id":"https:\/\/teslafm.net\/la-pantalla-silenciosa\/#breadcrumb","itemListElement":[{"@type":"ListItem","position":1,"name":"Portada","item":"https:\/\/teslafm.net\/"},{"@type":"ListItem","position":2,"name":"La Pantalla Silenciosa"}]},{"@type":"WebSite","@id":"https:\/\/teslafm.net\/#website","url":"https:\/\/teslafm.net\/","name":"TeslaFM","description":"An experimental and creative radio","publisher":{"@id":"https:\/\/teslafm.net\/#organization"},"potentialAction":[{"@type":"SearchAction","target":{"@type":"EntryPoint","urlTemplate":"https:\/\/teslafm.net\/?s={search_term_string}"},"query-input":{"@type":"PropertyValueSpecification","valueRequired":true,"valueName":"search_term_string"}}],"inLanguage":"en-US"},{"@type":"Organization","@id":"https:\/\/teslafm.net\/#organization","name":"TeslaFM","url":"https:\/\/teslafm.net\/","logo":{"@type":"ImageObject","inLanguage":"en-US","@id":"https:\/\/teslafm.net\/#\/schema\/logo\/image\/","url":"https:\/\/teslafm.net\/wp-content\/uploads\/2020\/06\/logo-tesla.png","contentUrl":"https:\/\/teslafm.net\/wp-content\/uploads\/2020\/06\/logo-tesla.png","width":512,"height":512,"caption":"TeslaFM"},"image":{"@id":"https:\/\/teslafm.net\/#\/schema\/logo\/image\/"},"sameAs":["https:\/\/www.facebook.com\/teslafm.net","https:\/\/x.com\/teslafm"]}]}},"rttpg_featured_image_url":null,"rttpg_author":{"display_name":"Ishak","author_link":"https:\/\/teslafm.net\/en\/author\/cravan\/"},"rttpg_comment":0,"rttpg_category":null,"rttpg_excerpt":"LOS VALIENTES DUERMEN SOLOS Programa realizado por David Valera e\u00a0Ishak Benavides. LA PANTALLA SILENCIOSA La inserci\u00f3n de m\u00fasica de concierto en el cine mudo: la selecci\u00f3n de piezas consideras \u00abcl\u00e1sicas\u00bb o piezas \u00abcontempor\u00e1neas\u00bb compuestas con posterioridad para las diferentes secuencias de una pel\u00edcula muda. Producido por Los Valientes Duermen Solos e\u00a0Ishak Benavides. La Pantalla Silenciosa&hellip;","_links":{"self":[{"href":"https:\/\/teslafm.net\/en\/wp-json\/wp\/v2\/pages\/726","targetHints":{"allow":["GET"]}}],"collection":[{"href":"https:\/\/teslafm.net\/en\/wp-json\/wp\/v2\/pages"}],"about":[{"href":"https:\/\/teslafm.net\/en\/wp-json\/wp\/v2\/types\/page"}],"author":[{"embeddable":true,"href":"https:\/\/teslafm.net\/en\/wp-json\/wp\/v2\/users\/19"}],"replies":[{"embeddable":true,"href":"https:\/\/teslafm.net\/en\/wp-json\/wp\/v2\/comments?post=726"}],"version-history":[{"count":33,"href":"https:\/\/teslafm.net\/en\/wp-json\/wp\/v2\/pages\/726\/revisions"}],"predecessor-version":[{"id":64294,"href":"https:\/\/teslafm.net\/en\/wp-json\/wp\/v2\/pages\/726\/revisions\/64294"}],"wp:attachment":[{"href":"https:\/\/teslafm.net\/en\/wp-json\/wp\/v2\/media?parent=726"}],"curies":[{"name":"wp","href":"https:\/\/api.w.org\/{rel}","templated":true}]}}