

{"id":914,"date":"2018-12-17T16:38:06","date_gmt":"2018-12-17T15:38:06","guid":{"rendered":"https:\/\/teslafm.net\/ananke-1-2\/"},"modified":"2021-02-04T11:37:38","modified_gmt":"2021-02-04T10:37:38","slug":"ananke-1","status":"publish","type":"page","link":"https:\/\/teslafm.net\/en\/ananke-1\/","title":{"rendered":"Anank\u00e9 #1"},"content":{"rendered":"<h2><span style=\"color: #ffffff;\"><strong>Anank\u00e9 Chapter I<\/strong><\/span><\/h2>\n<p><span style=\"color: #808080;\"><em>October 2018<\/em><\/span><\/p>\n<p><iframe src=\"https:\/\/www.mixcloud.com\/widget\/iframe\/?hide_cover=1&amp;feed=%2FTeslafm_net%2Fanank%C3%A9-1-jaco%2F\" width=\"100%\" height=\"120\" frameborder=\"0\"><\/iframe><\/p>\n<p><span style=\"color: #808080;\">01 . <strong>Jonny Greenwood<\/strong> - The Hem - Phantom Thread O.S.T. (Nonesuch, 2018)<\/span><br \/>\n<span style=\"color: #808080;\">02. <strong>Clarice Jensen<\/strong> - For This From That Will Be Filled (a) - For This From That Will Be Filled (Miasmah, 2018).<\/span><br \/>\n<span style=\"color: #808080;\">03. <strong>Mary Lattimore<\/strong> - Wind Carries Seed - Hundreds Of Days (Ghostly, 2018)<\/span><br \/>\n<span style=\"color: #808080;\">04. <strong>Sam McLoughlin<\/strong> - Excerpt from - Folklore Of Plants Vol II. - The Venefic Garden (Folklore Tapes, 2018)<\/span><br \/>\n<span style=\"color: #808080;\">05. <strong>Cindy Lee<\/strong> - The Last Train's Come And Gone - Act Of Tenderness (CCQSK, 2015\/Maple Death, 2018 reissue).<\/span><br \/>\n<span style=\"color: #808080;\">06. <strong>Grouper<\/strong> - Birthday Song - Grid Of Points (Kranky, 2018)<\/span><br \/>\n<span style=\"color: #808080;\">07. <strong>Dedekind Cut<\/strong> - De-Civilization - Tahoe (Kranky, 2018)<\/span><br \/>\n<span style=\"color: #808080;\">08. <strong>Eartheater<\/strong> - Peripheral - IRISIRI (Pan, 2018)<\/span><br \/>\n<span style=\"color: #808080;\">09. <strong>Lingua Ignota<\/strong> - All Bitches Die (Bitches All Die Here) - All Bitches Die (n\/a 2017, Profund Lore 2018 reissue).<\/span><br \/>\n<span style=\"color: #808080;\">10. <strong>Drew McDowall &amp; Hiro Kone<\/strong> - Barely Awake - The Ghost Of Georges Bataille (BANK, 2018)<\/span><br \/>\n<span style=\"color: #808080;\">11. <strong>Lucrecia Dalt<\/strong> - Tar - Anticlines (Rvng, 2018)<\/span><br \/>\n<span style=\"color: #808080;\">12. <strong>Gazelle Twin<\/strong> - The Dream Ends - In Death's Dream Kingdom - V\/A (Houndstooth, 2018)<\/span><br \/>\n<span style=\"color: #808080;\">13. <strong>Christina Vantzou<\/strong> - Garden Of Forking Paths - No4 - (Kranky, 2018)<\/span><br \/>\n<span style=\"color: #808080;\">14. <strong>Armand Hammer<\/strong> - Barbarians - Rome (Backwoodz, 2017)<\/span><br \/>\n<span style=\"color: #808080;\">15. <strong>Ben LaMar Gay<\/strong> - Muhal - Downtown Castles Can Never Block The Sun (International Anthem, 2018).<\/span><br \/>\n<span style=\"color: #808080;\">16. <strong>Yves Tumor<\/strong> - Let The Lioness In You Flow Freely - Safe In The Hands Of Love (Warp, 2018).<\/span><br \/>\n<span style=\"color: #808080;\">17. <strong>Shygirl<\/strong> - Rude - Cruel Practice (Nuxxe, 2018).<\/span><br \/>\n<span style=\"color: #808080;\">18. <strong>Elza Soares<\/strong> - Deus H\u00e1 De Ser - Deus \u00c9 Mulher (Deckdisc\/Polysom, 2018)<\/span><br \/>\n<span style=\"color: #808080;\">19. <strong>Low<\/strong> - Dancing And Blood - Double Negative (Sub Pop, 2018)<\/span><\/p>","protected":false},"excerpt":{"rendered":"<p>Anank\u00e9 Cap\u00edtulo I Octubre 2018 \ufeff 01 . Jonny Greenwood &#8211; The Hem &#8211; Phantom Thread O.S.T. (Nonesuch, 2018) 02. Clarice Jensen &#8211; For This From That Will Be Filled (a) &#8211; For This From That Will Be Filled (Miasmah, 2018) 03. Mary Lattimore &#8211; Wind Carries Seed &#8211; Hundreds Of Days (Ghostly, 2018) 04. [&hellip;]<\/p>\n","protected":false},"author":19,"featured_media":0,"parent":0,"menu_order":0,"comment_status":"closed","ping_status":"closed","template":"","meta":{"footnotes":""},"class_list":["post-914","page","type-page","status-publish","hentry"],"yoast_head":"<!-- This site is optimized with the Yoast SEO plugin v27.2 - https:\/\/yoast.com\/product\/yoast-seo-wordpress\/ -->\n<title>Anank\u00e9 #1 -<\/title>\n<meta name=\"robots\" content=\"index, follow, max-snippet:-1, max-image-preview:large, max-video-preview:-1\" \/>\n<link rel=\"canonical\" href=\"https:\/\/teslafm.net\/en\/ananke-1\/\" \/>\n<meta property=\"og:locale\" content=\"en_US\" \/>\n<meta property=\"og:type\" content=\"article\" \/>\n<meta property=\"og:title\" content=\"Anank\u00e9 #1 -\" \/>\n<meta property=\"og:description\" content=\"Anank\u00e9 Cap\u00edtulo I Octubre 2018 \ufeff 01 . Jonny Greenwood &#8211; The Hem &#8211; Phantom Thread O.S.T. (Nonesuch, 2018) 02. Clarice Jensen &#8211; For This From That Will Be Filled (a) &#8211; For This From That Will Be Filled (Miasmah, 2018) 03. Mary Lattimore &#8211; Wind Carries Seed &#8211; Hundreds Of Days (Ghostly, 2018) 04. [&hellip;]\" \/>\n<meta property=\"og:url\" content=\"https:\/\/teslafm.net\/en\/ananke-1\/\" \/>\n<meta property=\"article:publisher\" content=\"https:\/\/www.facebook.com\/teslafm.net\" \/>\n<meta property=\"article:modified_time\" content=\"2021-02-04T10:37:38+00:00\" \/>\n<meta property=\"og:image\" content=\"https:\/\/teslafm.net\/wp-content\/uploads\/2022\/09\/header-image-4-temp.png\" \/>\n\t<meta property=\"og:image:width\" content=\"1274\" \/>\n\t<meta property=\"og:image:height\" content=\"818\" \/>\n\t<meta property=\"og:image:type\" content=\"image\/png\" \/>\n<meta name=\"twitter:card\" content=\"summary_large_image\" \/>\n<meta name=\"twitter:site\" content=\"@teslafm\" \/>\n<meta name=\"twitter:label1\" content=\"Est. reading time\" \/>\n\t<meta name=\"twitter:data1\" content=\"2 minutes\" \/>\n<script type=\"application\/ld+json\" class=\"yoast-schema-graph\">{\"@context\":\"https:\/\/schema.org\",\"@graph\":[{\"@type\":\"WebPage\",\"@id\":\"https:\/\/teslafm.net\/ananke-1\/\",\"url\":\"https:\/\/teslafm.net\/ananke-1\/\",\"name\":\"Anank\u00e9 #1 -\",\"isPartOf\":{\"@id\":\"https:\/\/teslafm.net\/#website\"},\"datePublished\":\"2018-12-17T15:38:06+00:00\",\"dateModified\":\"2021-02-04T10:37:38+00:00\",\"breadcrumb\":{\"@id\":\"https:\/\/teslafm.net\/ananke-1\/#breadcrumb\"},\"inLanguage\":\"en-US\",\"potentialAction\":[{\"@type\":\"ReadAction\",\"target\":[\"https:\/\/teslafm.net\/ananke-1\/\"]}]},{\"@type\":\"BreadcrumbList\",\"@id\":\"https:\/\/teslafm.net\/ananke-1\/#breadcrumb\",\"itemListElement\":[{\"@type\":\"ListItem\",\"position\":1,\"name\":\"Portada\",\"item\":\"https:\/\/teslafm.net\/\"},{\"@type\":\"ListItem\",\"position\":2,\"name\":\"Anank\u00e9 #1\"}]},{\"@type\":\"WebSite\",\"@id\":\"https:\/\/teslafm.net\/#website\",\"url\":\"https:\/\/teslafm.net\/\",\"name\":\"TeslaFM\",\"description\":\"An experimental and creative radio\",\"publisher\":{\"@id\":\"https:\/\/teslafm.net\/#organization\"},\"potentialAction\":[{\"@type\":\"SearchAction\",\"target\":{\"@type\":\"EntryPoint\",\"urlTemplate\":\"https:\/\/teslafm.net\/?s={search_term_string}\"},\"query-input\":{\"@type\":\"PropertyValueSpecification\",\"valueRequired\":true,\"valueName\":\"search_term_string\"}}],\"inLanguage\":\"en-US\"},{\"@type\":\"Organization\",\"@id\":\"https:\/\/teslafm.net\/#organization\",\"name\":\"TeslaFM\",\"url\":\"https:\/\/teslafm.net\/\",\"logo\":{\"@type\":\"ImageObject\",\"inLanguage\":\"en-US\",\"@id\":\"https:\/\/teslafm.net\/#\/schema\/logo\/image\/\",\"url\":\"https:\/\/teslafm.net\/wp-content\/uploads\/2020\/06\/logo-tesla.png\",\"contentUrl\":\"https:\/\/teslafm.net\/wp-content\/uploads\/2020\/06\/logo-tesla.png\",\"width\":512,\"height\":512,\"caption\":\"TeslaFM\"},\"image\":{\"@id\":\"https:\/\/teslafm.net\/#\/schema\/logo\/image\/\"},\"sameAs\":[\"https:\/\/www.facebook.com\/teslafm.net\",\"https:\/\/x.com\/teslafm\"]}]}<\/script>\n<!-- \/ Yoast SEO plugin. -->","yoast_head_json":{"title":"Anank\u00e9 #1 -","robots":{"index":"index","follow":"follow","max-snippet":"max-snippet:-1","max-image-preview":"max-image-preview:large","max-video-preview":"max-video-preview:-1"},"canonical":"https:\/\/teslafm.net\/en\/ananke-1\/","og_locale":"en_US","og_type":"article","og_title":"Anank\u00e9 #1 -","og_description":"Anank\u00e9 Cap\u00edtulo I Octubre 2018 \ufeff 01 . Jonny Greenwood &#8211; The Hem &#8211; Phantom Thread O.S.T. (Nonesuch, 2018) 02. Clarice Jensen &#8211; For This From That Will Be Filled (a) &#8211; For This From That Will Be Filled (Miasmah, 2018) 03. Mary Lattimore &#8211; Wind Carries Seed &#8211; Hundreds Of Days (Ghostly, 2018) 04. [&hellip;]","og_url":"https:\/\/teslafm.net\/en\/ananke-1\/","article_publisher":"https:\/\/www.facebook.com\/teslafm.net","article_modified_time":"2021-02-04T10:37:38+00:00","og_image":[{"width":1274,"height":818,"url":"https:\/\/teslafm.net\/wp-content\/uploads\/2022\/09\/header-image-4-temp.png","type":"image\/png"}],"twitter_card":"summary_large_image","twitter_site":"@teslafm","twitter_misc":{"Est. reading time":"2 minutes"},"schema":{"@context":"https:\/\/schema.org","@graph":[{"@type":"WebPage","@id":"https:\/\/teslafm.net\/ananke-1\/","url":"https:\/\/teslafm.net\/ananke-1\/","name":"Anank\u00e9 #1 -","isPartOf":{"@id":"https:\/\/teslafm.net\/#website"},"datePublished":"2018-12-17T15:38:06+00:00","dateModified":"2021-02-04T10:37:38+00:00","breadcrumb":{"@id":"https:\/\/teslafm.net\/ananke-1\/#breadcrumb"},"inLanguage":"en-US","potentialAction":[{"@type":"ReadAction","target":["https:\/\/teslafm.net\/ananke-1\/"]}]},{"@type":"BreadcrumbList","@id":"https:\/\/teslafm.net\/ananke-1\/#breadcrumb","itemListElement":[{"@type":"ListItem","position":1,"name":"Portada","item":"https:\/\/teslafm.net\/"},{"@type":"ListItem","position":2,"name":"Anank\u00e9 #1"}]},{"@type":"WebSite","@id":"https:\/\/teslafm.net\/#website","url":"https:\/\/teslafm.net\/","name":"TeslaFM","description":"An experimental and creative radio","publisher":{"@id":"https:\/\/teslafm.net\/#organization"},"potentialAction":[{"@type":"SearchAction","target":{"@type":"EntryPoint","urlTemplate":"https:\/\/teslafm.net\/?s={search_term_string}"},"query-input":{"@type":"PropertyValueSpecification","valueRequired":true,"valueName":"search_term_string"}}],"inLanguage":"en-US"},{"@type":"Organization","@id":"https:\/\/teslafm.net\/#organization","name":"TeslaFM","url":"https:\/\/teslafm.net\/","logo":{"@type":"ImageObject","inLanguage":"en-US","@id":"https:\/\/teslafm.net\/#\/schema\/logo\/image\/","url":"https:\/\/teslafm.net\/wp-content\/uploads\/2020\/06\/logo-tesla.png","contentUrl":"https:\/\/teslafm.net\/wp-content\/uploads\/2020\/06\/logo-tesla.png","width":512,"height":512,"caption":"TeslaFM"},"image":{"@id":"https:\/\/teslafm.net\/#\/schema\/logo\/image\/"},"sameAs":["https:\/\/www.facebook.com\/teslafm.net","https:\/\/x.com\/teslafm"]}]}},"rttpg_featured_image_url":null,"rttpg_author":{"display_name":"Ishak","author_link":"https:\/\/teslafm.net\/en\/author\/cravan\/"},"rttpg_comment":0,"rttpg_category":null,"rttpg_excerpt":"Anank\u00e9 Cap\u00edtulo I Octubre 2018 \ufeff 01 . Jonny Greenwood &#8211; The Hem &#8211; Phantom Thread O.S.T. (Nonesuch, 2018) 02. Clarice Jensen &#8211; For This From That Will Be Filled (a) &#8211; For This From That Will Be Filled (Miasmah, 2018) 03. Mary Lattimore &#8211; Wind Carries Seed &#8211; Hundreds Of Days (Ghostly, 2018) 04.&hellip;","_links":{"self":[{"href":"https:\/\/teslafm.net\/en\/wp-json\/wp\/v2\/pages\/914","targetHints":{"allow":["GET"]}}],"collection":[{"href":"https:\/\/teslafm.net\/en\/wp-json\/wp\/v2\/pages"}],"about":[{"href":"https:\/\/teslafm.net\/en\/wp-json\/wp\/v2\/types\/page"}],"author":[{"embeddable":true,"href":"https:\/\/teslafm.net\/en\/wp-json\/wp\/v2\/users\/19"}],"replies":[{"embeddable":true,"href":"https:\/\/teslafm.net\/en\/wp-json\/wp\/v2\/comments?post=914"}],"version-history":[{"count":7,"href":"https:\/\/teslafm.net\/en\/wp-json\/wp\/v2\/pages\/914\/revisions"}],"predecessor-version":[{"id":56683,"href":"https:\/\/teslafm.net\/en\/wp-json\/wp\/v2\/pages\/914\/revisions\/56683"}],"wp:attachment":[{"href":"https:\/\/teslafm.net\/en\/wp-json\/wp\/v2\/media?parent=914"}],"curies":[{"name":"wp","href":"https:\/\/api.w.org\/{rel}","templated":true}]}}