

{"id":925,"date":"2018-12-17T17:15:22","date_gmt":"2018-12-17T16:15:22","guid":{"rendered":"https:\/\/teslafm.net\/ananke-2-2-2\/"},"modified":"2021-03-06T16:06:12","modified_gmt":"2021-03-06T15:06:12","slug":"ananke-2","status":"publish","type":"page","link":"https:\/\/teslafm.net\/en\/ananke-2\/","title":{"rendered":"Anank\u00e9 #2"},"content":{"rendered":"<h2><span style=\"color: #ffffff;\"><strong>Anank\u00e9 Chapter II<\/strong><\/span><\/h2>\n<p><span style=\"color: #808080;\"><em>November 2018<\/em><\/span><\/p>\n<p><iframe src=\"https:\/\/www.mixcloud.com\/widget\/iframe\/?hide_cover=1&amp;feed=%2FTeslafm_net%2Fanank%C3%A9-2-jaco%2F\" width=\"100%\" height=\"120\" frameborder=\"0\"><\/iframe><\/p>\n<p><span style=\"color: #808080;\">01. <strong>Pram<\/strong> - Shimmer And Disapear - Across the Meridian (Domino, 2018).<\/span><br \/>\n<span style=\"color: #808080;\">02. <strong>Litku Klemetti<\/strong> - Taikaa - Taika Tapahtuu (Luova, 2018)<\/span><br \/>\n<span style=\"color: #808080;\">03. <strong>Don The Tiger<\/strong> - Cantos Al Aral Menguante - Matanzas (Crammed, 2018)<\/span><br \/>\n<span style=\"color: #808080;\">04. <strong>Cam Deas<\/strong> - Exercise 1 - Time Exercises (The Death of Rave, 2018)<\/span><br \/>\n<span style=\"color: #808080;\">05. <strong>Lana Del Rabies<\/strong> - Ghost - Shadow World (Deathbomb Arc, 2018)<\/span><br \/>\n<span style=\"color: #808080;\">06. <strong>Black Dresses<\/strong> - Hell Is Real - Hell Is Real (Self-released, 2018)<\/span><br \/>\n<span style=\"color: #808080;\">07. <strong>Klara Lewis &amp; Simon Fischer Turner<\/strong> - 8 - Care (Mego, 2018)<\/span><br \/>\n<span style=\"color: #808080;\">08. <strong>AQXDM<\/strong> - Ballad 002 - Aegis (Bedouin Records, 2018).<\/span><br \/>\n<span style=\"color: #808080;\">09. <strong>Eartheater feat. Moor Mother<\/strong> - MMXXX - IRISIRI (Pan, 2018).<\/span><br \/>\n<span style=\"color: #808080;\">10. <strong>SOPHIE<\/strong> - Faceshopping - OIL OF EVERY PEARL'S UN-INSIDES (Transgressive, 2018)<\/span><br \/>\n<span style=\"color: #808080;\">11. <strong>JPEGMAFIA<\/strong> - Rainbow 6 - Veteran (Deathbomb Arc, 2018)<\/span><br \/>\n<span style=\"color: #808080;\">12. <strong>Zola Jesus<\/strong> - Siphon (Katie Gately Remix) - Okovi: Additions (Sacred Bones, 2018).<\/span><br \/>\n<span style=\"color: #808080;\">13. <strong>Jonny Greenwood<\/strong> - Dark Streets - You Were Never Really Here O.S.T. (Invada\/Lakeshore Records, 2018).<\/span><br \/>\n<span style=\"color: #808080;\">14. <strong>DJ Khalab<\/strong> - Bafia - Black Noise 2084 (On the Corner, 2018).<\/span><br \/>\n<span style=\"color: #808080;\">15. <strong>Ben Salisbury &amp; Geoff Barrow<\/strong> - The Alien - Annihilation O.S.T. (Lakeshore Records, 2018).<\/span><br \/>\n<span style=\"color: #808080;\">16. <strong>Tim Hecker<\/strong> - Keyed Out - Konoyo (Kranky, 2018).<\/span><br \/>\n<span style=\"color: #808080;\">17. <strong>Abul Mogard<\/strong> - Over My Head - Above All Dreams (Ecstatic, 2018)<\/span><br \/>\n<span style=\"color: #808080;\">18. <strong>Sarah Davachi<\/strong> - Buhrstone - Let Night Come On Bells End The Day (Recital, 2018)<\/span><br \/>\n<span style=\"color: #808080;\">19. <strong>Julia Holter<\/strong> - I Shall Love 2 - Aviary (Domino, 2018)<\/span><\/p>","protected":false},"excerpt":{"rendered":"<p>Anank\u00e9 Cap\u00edtulo II Noviembre 2018 01. Pram &#8211; Shimmer And Disapear &#8211; Across the Meridian (Domino, 2018) 02. Litku Klemetti &#8211; Taikaa &#8211; Taika Tapahtuu (Luova, 2018) 03. Don The Tiger &#8211; Cantos Al Aral Menguante &#8211; Matanzas (Crammed, 2018) 04. Cam Deas &#8211; Exercise 1 &#8211; Time Exercises (The Death of Rave, 2018) 05. [&hellip;]<\/p>\n","protected":false},"author":19,"featured_media":0,"parent":0,"menu_order":0,"comment_status":"closed","ping_status":"closed","template":"","meta":{"footnotes":""},"class_list":["post-925","page","type-page","status-publish","hentry"],"yoast_head":"<!-- This site is optimized with the Yoast SEO plugin v27.4 - https:\/\/yoast.com\/product\/yoast-seo-wordpress\/ -->\n<title>Anank\u00e9 #2 -<\/title>\n<meta name=\"robots\" content=\"index, follow, max-snippet:-1, max-image-preview:large, max-video-preview:-1\" \/>\n<link rel=\"canonical\" href=\"https:\/\/teslafm.net\/en\/ananke-2\/\" \/>\n<meta property=\"og:locale\" content=\"en_US\" \/>\n<meta property=\"og:type\" content=\"article\" \/>\n<meta property=\"og:title\" content=\"Anank\u00e9 #2 -\" \/>\n<meta property=\"og:description\" content=\"Anank\u00e9 Cap\u00edtulo II Noviembre 2018 01. Pram &#8211; Shimmer And Disapear &#8211; Across the Meridian (Domino, 2018) 02. Litku Klemetti &#8211; Taikaa &#8211; Taika Tapahtuu (Luova, 2018) 03. Don The Tiger &#8211; Cantos Al Aral Menguante &#8211; Matanzas (Crammed, 2018) 04. Cam Deas &#8211; Exercise 1 &#8211; Time Exercises (The Death of Rave, 2018) 05. [&hellip;]\" \/>\n<meta property=\"og:url\" content=\"https:\/\/teslafm.net\/en\/ananke-2\/\" \/>\n<meta property=\"article:publisher\" content=\"https:\/\/www.facebook.com\/teslafm.net\" \/>\n<meta property=\"article:modified_time\" content=\"2021-03-06T15:06:12+00:00\" \/>\n<meta property=\"og:image\" content=\"https:\/\/teslafm.net\/wp-content\/uploads\/2022\/09\/header-image-4-temp.png\" \/>\n\t<meta property=\"og:image:width\" content=\"1274\" \/>\n\t<meta property=\"og:image:height\" content=\"818\" \/>\n\t<meta property=\"og:image:type\" content=\"image\/png\" \/>\n<meta name=\"twitter:card\" content=\"summary_large_image\" \/>\n<meta name=\"twitter:site\" content=\"@teslafm\" \/>\n<meta name=\"twitter:label1\" content=\"Est. reading time\" \/>\n\t<meta name=\"twitter:data1\" content=\"1 minute\" \/>\n<script type=\"application\/ld+json\" class=\"yoast-schema-graph\">{\"@context\":\"https:\\\/\\\/schema.org\",\"@graph\":[{\"@type\":\"WebPage\",\"@id\":\"https:\\\/\\\/teslafm.net\\\/ananke-2\\\/\",\"url\":\"https:\\\/\\\/teslafm.net\\\/ananke-2\\\/\",\"name\":\"Anank\u00e9 #2 -\",\"isPartOf\":{\"@id\":\"https:\\\/\\\/teslafm.net\\\/#website\"},\"datePublished\":\"2018-12-17T16:15:22+00:00\",\"dateModified\":\"2021-03-06T15:06:12+00:00\",\"breadcrumb\":{\"@id\":\"https:\\\/\\\/teslafm.net\\\/ananke-2\\\/#breadcrumb\"},\"inLanguage\":\"en-US\",\"potentialAction\":[{\"@type\":\"ReadAction\",\"target\":[\"https:\\\/\\\/teslafm.net\\\/ananke-2\\\/\"]}]},{\"@type\":\"BreadcrumbList\",\"@id\":\"https:\\\/\\\/teslafm.net\\\/ananke-2\\\/#breadcrumb\",\"itemListElement\":[{\"@type\":\"ListItem\",\"position\":1,\"name\":\"Portada\",\"item\":\"https:\\\/\\\/teslafm.net\\\/\"},{\"@type\":\"ListItem\",\"position\":2,\"name\":\"Anank\u00e9 #2\"}]},{\"@type\":\"WebSite\",\"@id\":\"https:\\\/\\\/teslafm.net\\\/#website\",\"url\":\"https:\\\/\\\/teslafm.net\\\/\",\"name\":\"TeslaFM\",\"description\":\"An experimental and creative radio\",\"publisher\":{\"@id\":\"https:\\\/\\\/teslafm.net\\\/#organization\"},\"potentialAction\":[{\"@type\":\"SearchAction\",\"target\":{\"@type\":\"EntryPoint\",\"urlTemplate\":\"https:\\\/\\\/teslafm.net\\\/?s={search_term_string}\"},\"query-input\":{\"@type\":\"PropertyValueSpecification\",\"valueRequired\":true,\"valueName\":\"search_term_string\"}}],\"inLanguage\":\"en-US\"},{\"@type\":\"Organization\",\"@id\":\"https:\\\/\\\/teslafm.net\\\/#organization\",\"name\":\"TeslaFM\",\"url\":\"https:\\\/\\\/teslafm.net\\\/\",\"logo\":{\"@type\":\"ImageObject\",\"inLanguage\":\"en-US\",\"@id\":\"https:\\\/\\\/teslafm.net\\\/#\\\/schema\\\/logo\\\/image\\\/\",\"url\":\"https:\\\/\\\/teslafm.net\\\/wp-content\\\/uploads\\\/2020\\\/06\\\/logo-tesla.png\",\"contentUrl\":\"https:\\\/\\\/teslafm.net\\\/wp-content\\\/uploads\\\/2020\\\/06\\\/logo-tesla.png\",\"width\":512,\"height\":512,\"caption\":\"TeslaFM\"},\"image\":{\"@id\":\"https:\\\/\\\/teslafm.net\\\/#\\\/schema\\\/logo\\\/image\\\/\"},\"sameAs\":[\"https:\\\/\\\/www.facebook.com\\\/teslafm.net\",\"https:\\\/\\\/x.com\\\/teslafm\"]}]}<\/script>\n<!-- \/ Yoast SEO plugin. -->","yoast_head_json":{"title":"Anank\u00e9 #2 -","robots":{"index":"index","follow":"follow","max-snippet":"max-snippet:-1","max-image-preview":"max-image-preview:large","max-video-preview":"max-video-preview:-1"},"canonical":"https:\/\/teslafm.net\/en\/ananke-2\/","og_locale":"en_US","og_type":"article","og_title":"Anank\u00e9 #2 -","og_description":"Anank\u00e9 Cap\u00edtulo II Noviembre 2018 01. Pram &#8211; Shimmer And Disapear &#8211; Across the Meridian (Domino, 2018) 02. Litku Klemetti &#8211; Taikaa &#8211; Taika Tapahtuu (Luova, 2018) 03. Don The Tiger &#8211; Cantos Al Aral Menguante &#8211; Matanzas (Crammed, 2018) 04. Cam Deas &#8211; Exercise 1 &#8211; Time Exercises (The Death of Rave, 2018) 05. [&hellip;]","og_url":"https:\/\/teslafm.net\/en\/ananke-2\/","article_publisher":"https:\/\/www.facebook.com\/teslafm.net","article_modified_time":"2021-03-06T15:06:12+00:00","og_image":[{"width":1274,"height":818,"url":"https:\/\/teslafm.net\/wp-content\/uploads\/2022\/09\/header-image-4-temp.png","type":"image\/png"}],"twitter_card":"summary_large_image","twitter_site":"@teslafm","twitter_misc":{"Est. reading time":"1 minute"},"schema":{"@context":"https:\/\/schema.org","@graph":[{"@type":"WebPage","@id":"https:\/\/teslafm.net\/ananke-2\/","url":"https:\/\/teslafm.net\/ananke-2\/","name":"Anank\u00e9 #2 -","isPartOf":{"@id":"https:\/\/teslafm.net\/#website"},"datePublished":"2018-12-17T16:15:22+00:00","dateModified":"2021-03-06T15:06:12+00:00","breadcrumb":{"@id":"https:\/\/teslafm.net\/ananke-2\/#breadcrumb"},"inLanguage":"en-US","potentialAction":[{"@type":"ReadAction","target":["https:\/\/teslafm.net\/ananke-2\/"]}]},{"@type":"BreadcrumbList","@id":"https:\/\/teslafm.net\/ananke-2\/#breadcrumb","itemListElement":[{"@type":"ListItem","position":1,"name":"Portada","item":"https:\/\/teslafm.net\/"},{"@type":"ListItem","position":2,"name":"Anank\u00e9 #2"}]},{"@type":"WebSite","@id":"https:\/\/teslafm.net\/#website","url":"https:\/\/teslafm.net\/","name":"TeslaFM","description":"An experimental and creative radio","publisher":{"@id":"https:\/\/teslafm.net\/#organization"},"potentialAction":[{"@type":"SearchAction","target":{"@type":"EntryPoint","urlTemplate":"https:\/\/teslafm.net\/?s={search_term_string}"},"query-input":{"@type":"PropertyValueSpecification","valueRequired":true,"valueName":"search_term_string"}}],"inLanguage":"en-US"},{"@type":"Organization","@id":"https:\/\/teslafm.net\/#organization","name":"TeslaFM","url":"https:\/\/teslafm.net\/","logo":{"@type":"ImageObject","inLanguage":"en-US","@id":"https:\/\/teslafm.net\/#\/schema\/logo\/image\/","url":"https:\/\/teslafm.net\/wp-content\/uploads\/2020\/06\/logo-tesla.png","contentUrl":"https:\/\/teslafm.net\/wp-content\/uploads\/2020\/06\/logo-tesla.png","width":512,"height":512,"caption":"TeslaFM"},"image":{"@id":"https:\/\/teslafm.net\/#\/schema\/logo\/image\/"},"sameAs":["https:\/\/www.facebook.com\/teslafm.net","https:\/\/x.com\/teslafm"]}]}},"rttpg_featured_image_url":null,"rttpg_author":{"display_name":"Ishak","author_link":"https:\/\/teslafm.net\/en\/author\/cravan\/"},"rttpg_comment":0,"rttpg_category":null,"rttpg_excerpt":"Anank\u00e9 Cap\u00edtulo II Noviembre 2018 01. Pram &#8211; Shimmer And Disapear &#8211; Across the Meridian (Domino, 2018) 02. Litku Klemetti &#8211; Taikaa &#8211; Taika Tapahtuu (Luova, 2018) 03. Don The Tiger &#8211; Cantos Al Aral Menguante &#8211; Matanzas (Crammed, 2018) 04. Cam Deas &#8211; Exercise 1 &#8211; Time Exercises (The Death of Rave, 2018) 05.&hellip;","_links":{"self":[{"href":"https:\/\/teslafm.net\/en\/wp-json\/wp\/v2\/pages\/925","targetHints":{"allow":["GET"]}}],"collection":[{"href":"https:\/\/teslafm.net\/en\/wp-json\/wp\/v2\/pages"}],"about":[{"href":"https:\/\/teslafm.net\/en\/wp-json\/wp\/v2\/types\/page"}],"author":[{"embeddable":true,"href":"https:\/\/teslafm.net\/en\/wp-json\/wp\/v2\/users\/19"}],"replies":[{"embeddable":true,"href":"https:\/\/teslafm.net\/en\/wp-json\/wp\/v2\/comments?post=925"}],"version-history":[{"count":8,"href":"https:\/\/teslafm.net\/en\/wp-json\/wp\/v2\/pages\/925\/revisions"}],"predecessor-version":[{"id":57133,"href":"https:\/\/teslafm.net\/en\/wp-json\/wp\/v2\/pages\/925\/revisions\/57133"}],"wp:attachment":[{"href":"https:\/\/teslafm.net\/en\/wp-json\/wp\/v2\/media?parent=925"}],"curies":[{"name":"wp","href":"https:\/\/api.w.org\/{rel}","templated":true}]}}