

{"id":929,"date":"2018-12-17T17:25:07","date_gmt":"2018-12-17T16:25:07","guid":{"rendered":"https:\/\/teslafm.net\/ananke-3-2\/"},"modified":"2021-02-04T11:31:14","modified_gmt":"2021-02-04T10:31:14","slug":"ananke-3","status":"publish","type":"page","link":"https:\/\/teslafm.net\/en\/ananke-3\/","title":{"rendered":"Anank\u00e9 #3"},"content":{"rendered":"<h2><span style=\"color: #ffffff;\"><strong>Anank\u00e9 Chapter III<\/strong><\/span><\/h2>\n<p><span style=\"color: #808080;\"><em>December 2018<\/em><\/span><\/p>\n<p><iframe src=\"https:\/\/www.mixcloud.com\/widget\/iframe\/?hide_cover=1&amp;feed=%2FTeslafm_net%2Fanank%C3%A9-3-jaco%2F\" width=\"100%\" height=\"120\" frameborder=\"0\"><\/iframe><\/p>\n<p><span style=\"color: #808080;\">01. <strong>Jerusalem In My Heart<\/strong> - Thahab, Mish Roujou', Thahab - Daqa'iq Tudaiq (Constellation, 2018).<\/span><br \/>\n<span style=\"color: #808080;\">02. <strong>Nz\u0289mbe<\/strong> - Segare La Ragazza - Titubeo (Organized Music From Thessaloniki, 2015)<\/span><br \/>\n<span style=\"color: #808080;\">03. <strong>Cruel Diagonals<\/strong> - Render Arcane - Disambiguation (Drawing Room, 2018)<\/span><br \/>\n<span style=\"color: #808080;\">04. <strong>Ike Yard<\/strong> - Loss (Regis Version) - Regis \/ Monoton Versions (Blackest Ever Black, 2012)<\/span><br \/>\n<span style=\"color: #808080;\">05. <strong>Misha Mishajashvili<\/strong> - Stalinos - 2011 (Trash Can Dance, 2012)<\/span><br \/>\n<span style=\"color: #808080;\">06. <strong>Peder Mannerfelt<\/strong> - Limits To Growth - Controlling Body (Peder Mannerfelt, 2016)<\/span><br \/>\n<span style=\"color: #808080;\">07. <strong>Umberto<\/strong> - Awakenings - Alienation (Not Not Fun, 2016)<\/span><br \/>\n<span style=\"color: #808080;\">08. <strong>Catherine Christer Hennix<\/strong> - Nouvelle Mode Des Modalit\u00e9s - Selected Early Keyboard Works (Blank Forms Editions\/Empty, 2018).<\/span><br \/>\n<span style=\"color: #808080;\">09. <strong>Heather Leigh<\/strong> - Prelude To Goddess - Throne (Mego, 2018)<\/span><br \/>\n<span style=\"color: #808080;\">10. <strong>Kayla Guthrie<\/strong> - Snowflake (Hymn To The Night) - (Self-released, 2017)<\/span><br \/>\n<span style=\"color: #808080;\">11. <strong>Disasterpeace<\/strong> - Old Maid - It Follows O.S.T. (Milan, 2015)<\/span><br \/>\n<span style=\"color: #808080;\">12. <strong>Chino Amobi<\/strong> - Blood Of The Covenant - Paradiso (NON, 2017)<\/span><br \/>\n<span style=\"color: #808080;\">13. <strong>Gudrun Gut<\/strong> - Cry Easy - I Put A Record On (Monika, 2007)<\/span><br \/>\n<span style=\"color: #808080;\">14. <strong>Girls Rituals<\/strong> - I Know - Reddishness - (Self-released, 2015)<\/span><br \/>\n<span style=\"color: #808080;\">15 . <strong>Mursego<\/strong> - Rearguard - Hiru (3) (bIDEhUTS, 2013)<\/span><br \/>\n<span style=\"color: #808080;\">16. <strong>700 Bliss<\/strong> - Cosmic Slop - Spa 700 (Halcyon Veil, 2018)<\/span><br \/>\n<span style=\"color: #808080;\">17. <strong>Jane Weaver<\/strong> - The Architect - Modern Kosmology (Fire, 2017)<\/span><br \/>\n<span style=\"color: #808080;\">18. <strong>Ifriqiyya Electric<\/strong> - Laa La Illa Allah - R\u00fbw\u00e2h\u00eene (Glitterbeat, 2017)<\/span><br \/>\n<span style=\"color: #808080;\">19. <strong>Bargou 08<\/strong> - Dek Biya - Targ (Glitterbeat, 2017).<\/span><\/p>","protected":false},"excerpt":{"rendered":"<p>Anank\u00e9 Cap\u00edtulo III Diciembre 2018 01. Jerusalem In My Heart &#8211; Thahab, Mish Roujou&#8217;, Thahab &#8211; Daqa&#8217;iq Tudaiq (Constellation, 2018) 02. Nz\u0289mbe &#8211; Segare La Ragazza &#8211; Titubeo (Organized Music From Thessaloniki, 2015) 03. Cruel Diagonals &#8211; Render Arcane &#8211; Disambiguation (Drawing Room, 2018) 04. Ike Yard &#8211; Loss (Regis Version) &#8211; Regis \/ Monoton [&hellip;]<\/p>\n","protected":false},"author":19,"featured_media":0,"parent":0,"menu_order":0,"comment_status":"closed","ping_status":"closed","template":"","meta":{"footnotes":""},"class_list":["post-929","page","type-page","status-publish","hentry"],"yoast_head":"<!-- This site is optimized with the Yoast SEO plugin v27.4 - https:\/\/yoast.com\/product\/yoast-seo-wordpress\/ -->\n<title>Anank\u00e9 #3 -<\/title>\n<meta name=\"robots\" content=\"index, follow, max-snippet:-1, max-image-preview:large, max-video-preview:-1\" \/>\n<link rel=\"canonical\" href=\"https:\/\/teslafm.net\/en\/ananke-3\/\" \/>\n<meta property=\"og:locale\" content=\"en_US\" \/>\n<meta property=\"og:type\" content=\"article\" \/>\n<meta property=\"og:title\" content=\"Anank\u00e9 #3 -\" \/>\n<meta property=\"og:description\" content=\"Anank\u00e9 Cap\u00edtulo III Diciembre 2018 01. Jerusalem In My Heart &#8211; Thahab, Mish Roujou&#8217;, Thahab &#8211; Daqa&#8217;iq Tudaiq (Constellation, 2018) 02. Nz\u0289mbe &#8211; Segare La Ragazza &#8211; Titubeo (Organized Music From Thessaloniki, 2015) 03. Cruel Diagonals &#8211; Render Arcane &#8211; Disambiguation (Drawing Room, 2018) 04. Ike Yard &#8211; Loss (Regis Version) &#8211; Regis \/ Monoton [&hellip;]\" \/>\n<meta property=\"og:url\" content=\"https:\/\/teslafm.net\/en\/ananke-3\/\" \/>\n<meta property=\"article:publisher\" content=\"https:\/\/www.facebook.com\/teslafm.net\" \/>\n<meta property=\"article:modified_time\" content=\"2021-02-04T10:31:14+00:00\" \/>\n<meta property=\"og:image\" content=\"https:\/\/teslafm.net\/wp-content\/uploads\/2022\/09\/header-image-4-temp.png\" \/>\n\t<meta property=\"og:image:width\" content=\"1274\" \/>\n\t<meta property=\"og:image:height\" content=\"818\" \/>\n\t<meta property=\"og:image:type\" content=\"image\/png\" \/>\n<meta name=\"twitter:card\" content=\"summary_large_image\" \/>\n<meta name=\"twitter:site\" content=\"@teslafm\" \/>\n<meta name=\"twitter:label1\" content=\"Est. reading time\" \/>\n\t<meta name=\"twitter:data1\" content=\"1 minute\" \/>\n<script type=\"application\/ld+json\" class=\"yoast-schema-graph\">{\"@context\":\"https:\\\/\\\/schema.org\",\"@graph\":[{\"@type\":\"WebPage\",\"@id\":\"https:\\\/\\\/teslafm.net\\\/ananke-3\\\/\",\"url\":\"https:\\\/\\\/teslafm.net\\\/ananke-3\\\/\",\"name\":\"Anank\u00e9 #3 -\",\"isPartOf\":{\"@id\":\"https:\\\/\\\/teslafm.net\\\/#website\"},\"datePublished\":\"2018-12-17T16:25:07+00:00\",\"dateModified\":\"2021-02-04T10:31:14+00:00\",\"breadcrumb\":{\"@id\":\"https:\\\/\\\/teslafm.net\\\/ananke-3\\\/#breadcrumb\"},\"inLanguage\":\"en-US\",\"potentialAction\":[{\"@type\":\"ReadAction\",\"target\":[\"https:\\\/\\\/teslafm.net\\\/ananke-3\\\/\"]}]},{\"@type\":\"BreadcrumbList\",\"@id\":\"https:\\\/\\\/teslafm.net\\\/ananke-3\\\/#breadcrumb\",\"itemListElement\":[{\"@type\":\"ListItem\",\"position\":1,\"name\":\"Portada\",\"item\":\"https:\\\/\\\/teslafm.net\\\/\"},{\"@type\":\"ListItem\",\"position\":2,\"name\":\"Anank\u00e9 #3\"}]},{\"@type\":\"WebSite\",\"@id\":\"https:\\\/\\\/teslafm.net\\\/#website\",\"url\":\"https:\\\/\\\/teslafm.net\\\/\",\"name\":\"TeslaFM\",\"description\":\"An experimental and creative radio\",\"publisher\":{\"@id\":\"https:\\\/\\\/teslafm.net\\\/#organization\"},\"potentialAction\":[{\"@type\":\"SearchAction\",\"target\":{\"@type\":\"EntryPoint\",\"urlTemplate\":\"https:\\\/\\\/teslafm.net\\\/?s={search_term_string}\"},\"query-input\":{\"@type\":\"PropertyValueSpecification\",\"valueRequired\":true,\"valueName\":\"search_term_string\"}}],\"inLanguage\":\"en-US\"},{\"@type\":\"Organization\",\"@id\":\"https:\\\/\\\/teslafm.net\\\/#organization\",\"name\":\"TeslaFM\",\"url\":\"https:\\\/\\\/teslafm.net\\\/\",\"logo\":{\"@type\":\"ImageObject\",\"inLanguage\":\"en-US\",\"@id\":\"https:\\\/\\\/teslafm.net\\\/#\\\/schema\\\/logo\\\/image\\\/\",\"url\":\"https:\\\/\\\/teslafm.net\\\/wp-content\\\/uploads\\\/2020\\\/06\\\/logo-tesla.png\",\"contentUrl\":\"https:\\\/\\\/teslafm.net\\\/wp-content\\\/uploads\\\/2020\\\/06\\\/logo-tesla.png\",\"width\":512,\"height\":512,\"caption\":\"TeslaFM\"},\"image\":{\"@id\":\"https:\\\/\\\/teslafm.net\\\/#\\\/schema\\\/logo\\\/image\\\/\"},\"sameAs\":[\"https:\\\/\\\/www.facebook.com\\\/teslafm.net\",\"https:\\\/\\\/x.com\\\/teslafm\"]}]}<\/script>\n<!-- \/ Yoast SEO plugin. -->","yoast_head_json":{"title":"Anank\u00e9 #3 -","robots":{"index":"index","follow":"follow","max-snippet":"max-snippet:-1","max-image-preview":"max-image-preview:large","max-video-preview":"max-video-preview:-1"},"canonical":"https:\/\/teslafm.net\/en\/ananke-3\/","og_locale":"en_US","og_type":"article","og_title":"Anank\u00e9 #3 -","og_description":"Anank\u00e9 Cap\u00edtulo III Diciembre 2018 01. Jerusalem In My Heart &#8211; Thahab, Mish Roujou&#8217;, Thahab &#8211; Daqa&#8217;iq Tudaiq (Constellation, 2018) 02. Nz\u0289mbe &#8211; Segare La Ragazza &#8211; Titubeo (Organized Music From Thessaloniki, 2015) 03. Cruel Diagonals &#8211; Render Arcane &#8211; Disambiguation (Drawing Room, 2018) 04. Ike Yard &#8211; Loss (Regis Version) &#8211; Regis \/ Monoton [&hellip;]","og_url":"https:\/\/teslafm.net\/en\/ananke-3\/","article_publisher":"https:\/\/www.facebook.com\/teslafm.net","article_modified_time":"2021-02-04T10:31:14+00:00","og_image":[{"width":1274,"height":818,"url":"https:\/\/teslafm.net\/wp-content\/uploads\/2022\/09\/header-image-4-temp.png","type":"image\/png"}],"twitter_card":"summary_large_image","twitter_site":"@teslafm","twitter_misc":{"Est. reading time":"1 minute"},"schema":{"@context":"https:\/\/schema.org","@graph":[{"@type":"WebPage","@id":"https:\/\/teslafm.net\/ananke-3\/","url":"https:\/\/teslafm.net\/ananke-3\/","name":"Anank\u00e9 #3 -","isPartOf":{"@id":"https:\/\/teslafm.net\/#website"},"datePublished":"2018-12-17T16:25:07+00:00","dateModified":"2021-02-04T10:31:14+00:00","breadcrumb":{"@id":"https:\/\/teslafm.net\/ananke-3\/#breadcrumb"},"inLanguage":"en-US","potentialAction":[{"@type":"ReadAction","target":["https:\/\/teslafm.net\/ananke-3\/"]}]},{"@type":"BreadcrumbList","@id":"https:\/\/teslafm.net\/ananke-3\/#breadcrumb","itemListElement":[{"@type":"ListItem","position":1,"name":"Portada","item":"https:\/\/teslafm.net\/"},{"@type":"ListItem","position":2,"name":"Anank\u00e9 #3"}]},{"@type":"WebSite","@id":"https:\/\/teslafm.net\/#website","url":"https:\/\/teslafm.net\/","name":"TeslaFM","description":"An experimental and creative radio","publisher":{"@id":"https:\/\/teslafm.net\/#organization"},"potentialAction":[{"@type":"SearchAction","target":{"@type":"EntryPoint","urlTemplate":"https:\/\/teslafm.net\/?s={search_term_string}"},"query-input":{"@type":"PropertyValueSpecification","valueRequired":true,"valueName":"search_term_string"}}],"inLanguage":"en-US"},{"@type":"Organization","@id":"https:\/\/teslafm.net\/#organization","name":"TeslaFM","url":"https:\/\/teslafm.net\/","logo":{"@type":"ImageObject","inLanguage":"en-US","@id":"https:\/\/teslafm.net\/#\/schema\/logo\/image\/","url":"https:\/\/teslafm.net\/wp-content\/uploads\/2020\/06\/logo-tesla.png","contentUrl":"https:\/\/teslafm.net\/wp-content\/uploads\/2020\/06\/logo-tesla.png","width":512,"height":512,"caption":"TeslaFM"},"image":{"@id":"https:\/\/teslafm.net\/#\/schema\/logo\/image\/"},"sameAs":["https:\/\/www.facebook.com\/teslafm.net","https:\/\/x.com\/teslafm"]}]}},"rttpg_featured_image_url":null,"rttpg_author":{"display_name":"Ishak","author_link":"https:\/\/teslafm.net\/en\/author\/cravan\/"},"rttpg_comment":0,"rttpg_category":null,"rttpg_excerpt":"Anank\u00e9 Cap\u00edtulo III Diciembre 2018 01. Jerusalem In My Heart &#8211; Thahab, Mish Roujou&#8217;, Thahab &#8211; Daqa&#8217;iq Tudaiq (Constellation, 2018) 02. Nz\u0289mbe &#8211; Segare La Ragazza &#8211; Titubeo (Organized Music From Thessaloniki, 2015) 03. Cruel Diagonals &#8211; Render Arcane &#8211; Disambiguation (Drawing Room, 2018) 04. Ike Yard &#8211; Loss (Regis Version) &#8211; Regis \/ Monoton&hellip;","_links":{"self":[{"href":"https:\/\/teslafm.net\/en\/wp-json\/wp\/v2\/pages\/929","targetHints":{"allow":["GET"]}}],"collection":[{"href":"https:\/\/teslafm.net\/en\/wp-json\/wp\/v2\/pages"}],"about":[{"href":"https:\/\/teslafm.net\/en\/wp-json\/wp\/v2\/types\/page"}],"author":[{"embeddable":true,"href":"https:\/\/teslafm.net\/en\/wp-json\/wp\/v2\/users\/19"}],"replies":[{"embeddable":true,"href":"https:\/\/teslafm.net\/en\/wp-json\/wp\/v2\/comments?post=929"}],"version-history":[{"count":8,"href":"https:\/\/teslafm.net\/en\/wp-json\/wp\/v2\/pages\/929\/revisions"}],"predecessor-version":[{"id":56674,"href":"https:\/\/teslafm.net\/en\/wp-json\/wp\/v2\/pages\/929\/revisions\/56674"}],"wp:attachment":[{"href":"https:\/\/teslafm.net\/en\/wp-json\/wp\/v2\/media?parent=929"}],"curies":[{"name":"wp","href":"https:\/\/api.w.org\/{rel}","templated":true}]}}