

{"id":946,"date":"2018-12-17T18:37:29","date_gmt":"2018-12-17T17:37:29","guid":{"rendered":"https:\/\/teslafm.net\/?page_id=946"},"modified":"2021-02-21T11:17:58","modified_gmt":"2021-02-21T10:17:58","slug":"el-velo-de-isis-1","status":"publish","type":"page","link":"https:\/\/teslafm.net\/en\/el-velo-de-isis-1\/","title":{"rendered":"The Veil of Isis #1"},"content":{"rendered":"<div data-elementor-type=\"wp-page\" data-elementor-id=\"946\" class=\"elementor elementor-946\">\n\t\t\t\t\t\t<section class=\"elementor-section elementor-top-section elementor-element elementor-element-18746695 elementor-section-boxed elementor-section-height-default elementor-section-height-default\" data-id=\"18746695\" data-element_type=\"section\" data-e-type=\"section\">\n\t\t\t\t\t\t<div class=\"elementor-container elementor-column-gap-default\">\n\t\t\t\t\t<div class=\"elementor-column elementor-col-100 elementor-top-column elementor-element elementor-element-64cbf651\" data-id=\"64cbf651\" data-element_type=\"column\" data-e-type=\"column\">\n\t\t\t<div class=\"elementor-widget-wrap elementor-element-populated\">\n\t\t\t\t\t\t<div class=\"elementor-element elementor-element-36bec287 elementor-widget elementor-widget-text-editor\" data-id=\"36bec287\" data-element_type=\"widget\" data-e-type=\"widget\" data-widget_type=\"text-editor.default\">\n\t\t\t\t<div class=\"elementor-widget-container\">\n\t\t\t\t\t\t\t\t\t<h1><span style=\"color: #ffffff;\"><strong>The Veil of Isis #1<\/strong><\/span><\/h1>\n<p><span style=\"color: #808080;\"><em>Vivian Maier<\/em><\/span><\/p>\n<p><iframe src=\"https:\/\/www.mixcloud.com\/widget\/iframe\/?hide_cover=1&amp;feed=%2FTeslafm_net%2Fel-velo-de-isis-1-lxs-valientes-duermen-solxs%2F\" width=\"100%\" height=\"120\" frameborder=\"0\"><\/iframe><\/p>\n<h6><span style=\"color: #808080;\"><strong>Vivian Dorothea Maier <\/strong>(1.02.1926 New York -<span class=\"m_6129374324535849965gmail-w8qArf\">&nbsp;<\/span><span class=\"m_6129374324535849965gmail-LrzXr m_6129374324535849965gmail-kno-fv\">21.03.2009 Oak Park, Illinois)<\/span><\/span><\/h6>\n<p><span style=\"color: #ffffff;\"><span style=\"color: #808080;\">\"She accumulated more than 2,000 rolls of undeveloped film, 5,000 printed photographs and more than 120,000 negatives that, apart from her, almost no one contemplated during her lifetime. Maier died in 2009 without knowing that her secret passion would lift her from anonymity to fame: the quintessential street photographer.\"<\/span><\/span><\/p>\n<h6><span style=\"color: #808080;\"><b><br>Selected bibliography<\/b><\/span><\/h6>\n<p><span style=\"color: #808080;\"><b>Vivian Maier. Street Photographer.<\/b> Edited by <b>John Maloof <\/b>and <b>Geoff Dyer<\/b> (powerHouseBooks, Brooklyn, 2011. Printed in <b>Asia Pacific Offset<\/b>. Produced by <b>Craig Coen<\/b>. Post-production of photographs: <b>Martin Fuchs<\/b> &amp; <b>Krusztof Poluchowitz<\/b>. Design of <b>Krysztof Poluchowitcz<\/b>).<\/span><\/p>\n<p><span style=\"color: #808080;\"><b>Vivian Maier. Self-Portraits. <\/b>Edited by <b>John Maloof<\/b>. Test of <b>Elizabeth Avedon<\/b>&nbsp;(powerHouseBooks, Brooklyn, 2011. Printed in <b>EBS Editoriale Bortolazzi<\/b>Verona. Post-production of the photographs: <b>Steve Rifkin<\/b> and <b>Thomas Palmer<\/b>. Design of <b>Martin Fuchs<\/b> and <b>Gregory Wakabayashi<\/b>).<\/span><\/p>\n<h6><span style=\"color: #808080;\"><b><br>Filmography<\/b><\/span><\/h6>\n<div class=\"m_6129374324535849965gmail-row-fluid\">\n<div class=\"m_6129374324535849965gmail-span11\"><span style=\"color: #999999;\"><b>Finding Vivian Maier<\/b>&nbsp;<b>(2013)<\/b><\/span><\/div>\n<div class=\"m_6129374324535849965gmail-span11\"><span style=\"color: #999999;\">Directors:<strong> <\/strong><b>John Maloof<\/b> and <b>Charlie Siskel<\/b> (USA, 2013) English.  84\u2032. PG. Executive producer: <b>Jeff Garlin<\/b>. Producers: <b>John Maloof<\/b> and <b>Charlie Siskel<\/b>.&nbsp;<b>Ravine Pictures<\/b>LLC. Publisher: <b>Aaron Wickenden<\/b>. Sound: <b>Scott Palmer<\/b> and <b>Steve Lynch<\/b>. Music: <b>J. Ralph<\/b>. Distributor: <b>IFC.<\/b><\/span><\/div>\n<h6><span style=\"color: #808080;\"><b><br>Press material: presentation, notes and timeline<\/b><\/span><\/h6>\n<p><span style=\"color: #808080;\">It is not difficult to imagine her. Tall, brunette, short hair and long dress, a bit wrinkled, probably too old. With a Roiflex around her neck, always. Distant, enigmatic and mysterious, that's how she is described today. But <b>who is Vivian Maier?<\/b> The truth is that little is known about this woman, except what we can see in her photographs: elegant ladies, happy couples, children on the beach, a woman and her baby... her own shadow. Self-portraits in front of mirrors, glass, reflections in a train carriage... Experiments and framing that, in most cases, she never saw.<\/span><\/p>\n<p><span style=\"color: #808080;\"><b>Vivian Maier<\/b>American of French and Austro-Hungarian descent, she divided her life between Europe and the United States, returning to New York in 1951. In 1956 she finally settled in Chicago, where she worked as a nanny for more than forty years. But she never stopped photographing. She went on to accumulate more than 2,000 rolls of film, 3,000 printed photographs and more than 100,000 negatives. It was the three children she cared for in the 1950s who helped her in her later years. And at that time, unbeknownst to them, one of her closets was sold at a second-hand auction house to pay off debts and contained hundreds of undeveloped films. Photographs of a lifetime, thousands of portraits of street people. <b>John Maloof<\/b> was the buyer.<\/span><\/p>\n<p><span style=\"color: #808080;\"><i>\"I wasn't even present at the auction.\"<\/i>he says <b>Anne Morin<\/b>the curator of the exhibition, <i>\"he did the bidding over the phone and won it.\"<\/i>. A journalist, writer and blogger, he was preparing a book about Chicago neighborhoods and was looking for old photos to illustrate it. He discarded them for that publication and they went back to a closet. But after a while he began to study them, to develop them, to look at them with different eyes and realized that there was more than just snapshots of Chicago and New York. <i>\"We could compare her to Diane Arbus or Robert Frank, the greats of Street Photography. Her color images are in the style of the best William Eggleston.\"<\/i>says the person in charge of the exhibition.<\/span><\/p>\n<p><span style=\"color: #808080;\"><b>Anne Morin<\/b> has managed to bring to the Sala San Benito in Valladolid 120 photographs, dated between the 50's and 60's, 70 of which are unpublished. The exhibition, which will travel to the Jeu de Paume in Tours, Ghent and G\u00f6teborg, is the first major exhibition of <b>Vivian Maier<\/b> on this side of the Atlantic. <i>\"I was able to see his photographs at Howard Greenberg's gallery in New York, the repository of the bequest, and I was impressed.\"<\/i>. Director of <b>diChroma photography<\/b>the company that produces the exhibition and specializes in mounting photography exhibitions that travel around the world, has already unveiled the polaroids of <b>Julian Schnabel<\/b> (Niemeyer Center of Avil\u00e9s, 2011) or the snapshots of <b>Jessica Lange<\/b> (Casa de Am\u00e9rica de Madrid, 2012, and other venues). <i>\"In these photos, the freedom is what is most striking,\" she says. She took them blindly, not knowing how light or shadow would influence them, and the freedom she gave herself is incredible.<\/i><\/span><\/p>\n<p><span id=\"m_6129374324535849965gmail-ContentMaster_ContentArticulo_textoLabel\" style=\"color: #808080;\">After months of searching, <b>John Maloof<\/b> finally found the name of <b>Vivian Maier<\/b> on the internet. It was his obituary. He had died that 2009, only three days before. But after that, she began an arduous investigation that has lasted until today. She developed photographs, the films recorded by the nanny in super 8 and listened, probably once and a thousand times, to the audios she left behind. She sought out the families she worked with and the children, now adults, who helped her in the end. Organizing and guarding this legacy that came into her hands by chance, between 100,000 and 150,000 negatives, about 3,000 printed photos, hundreds of rolls of film, has been her life ever since. The journalist is now finalizing the documentary that narrates his life and in which he tries to unite the past of this enigmatic&nbsp;<em>nanny<\/em>&nbsp;with the present. <b>Maloof<\/b> was asked in an interview not long ago: <i>\"What would you ask Vivian Maier if you could?\"<\/i> And he replied: <i>\"Do you agree with what I'm doing?\"<\/i> We will never know.<\/span><\/p>\n<\/div>\t\t\t\t\t\t\t\t<\/div>\n\t\t\t\t<\/div>\n\t\t\t\t\t<\/div>\n\t\t<\/div>\n\t\t\t\t\t<\/div>\n\t\t<\/section>\n\t\t\t\t<section class=\"elementor-section elementor-top-section elementor-element elementor-element-2d9a787 elementor-section-boxed elementor-section-height-default elementor-section-height-default\" data-id=\"2d9a787\" data-element_type=\"section\" data-e-type=\"section\">\n\t\t\t\t\t\t<div class=\"elementor-container elementor-column-gap-default\">\n\t\t\t\t\t<div class=\"elementor-column elementor-col-100 elementor-top-column elementor-element elementor-element-b97097e\" data-id=\"b97097e\" data-element_type=\"column\" data-e-type=\"column\">\n\t\t\t<div class=\"elementor-widget-wrap elementor-element-populated\">\n\t\t\t\t\t\t<section class=\"elementor-section elementor-inner-section elementor-element elementor-element-b9c3e65 elementor-section-boxed elementor-section-height-default elementor-section-height-default\" data-id=\"b9c3e65\" data-element_type=\"section\" data-e-type=\"section\">\n\t\t\t\t\t\t<div class=\"elementor-container elementor-column-gap-default\">\n\t\t\t\t\t<div class=\"elementor-column elementor-col-50 elementor-inner-column elementor-element elementor-element-95d1092\" data-id=\"95d1092\" data-element_type=\"column\" data-e-type=\"column\">\n\t\t\t<div class=\"elementor-widget-wrap elementor-element-populated\">\n\t\t\t\t\t\t<div class=\"elementor-element elementor-element-dffc64e elementor-widget elementor-widget-image\" data-id=\"dffc64e\" data-element_type=\"widget\" data-e-type=\"widget\" data-widget_type=\"image.default\">\n\t\t\t\t<div class=\"elementor-widget-container\">\n\t\t\t\t\t\t\t\t\t\t\t\t\t\t\t<img fetchpriority=\"high\" decoding=\"async\" width=\"426\" height=\"640\" src=\"https:\/\/teslafm.net\/wp-content\/uploads\/2018\/09\/Lvds_Vivian-Maier-self.jpeg\" class=\"attachment-large size-large wp-image-258\" alt=\"\" srcset=\"https:\/\/teslafm.net\/wp-content\/uploads\/2018\/09\/Lvds_Vivian-Maier-self.jpeg 426w, https:\/\/teslafm.net\/wp-content\/uploads\/2018\/09\/Lvds_Vivian-Maier-self-200x300.jpeg 200w\" sizes=\"(max-width: 426px) 100vw, 426px\" \/>\t\t\t\t\t\t\t\t\t\t\t\t\t\t\t<\/div>\n\t\t\t\t<\/div>\n\t\t\t\t\t<\/div>\n\t\t<\/div>\n\t\t\t\t<div class=\"elementor-column elementor-col-50 elementor-inner-column elementor-element elementor-element-3868742\" data-id=\"3868742\" data-element_type=\"column\" data-e-type=\"column\">\n\t\t\t<div class=\"elementor-widget-wrap elementor-element-populated\">\n\t\t\t\t\t\t<div class=\"elementor-element elementor-element-fd88fb5 elementor-widget elementor-widget-image\" data-id=\"fd88fb5\" data-element_type=\"widget\" data-e-type=\"widget\" data-widget_type=\"image.default\">\n\t\t\t\t<div class=\"elementor-widget-container\">\n\t\t\t\t\t\t\t\t\t\t\t\t\t\t\t<img decoding=\"async\" width=\"1100\" height=\"1100\" src=\"https:\/\/teslafm.net\/wp-content\/uploads\/2018\/09\/Lvds_Vivian-Maier2.jpg\" class=\"attachment-1536x1536 size-1536x1536 wp-image-259\" alt=\"\" srcset=\"https:\/\/teslafm.net\/wp-content\/uploads\/2018\/09\/Lvds_Vivian-Maier2.jpg 1100w, https:\/\/teslafm.net\/wp-content\/uploads\/2018\/09\/Lvds_Vivian-Maier2-300x300.jpg 300w, https:\/\/teslafm.net\/wp-content\/uploads\/2018\/09\/Lvds_Vivian-Maier2-1024x1024.jpg 1024w, https:\/\/teslafm.net\/wp-content\/uploads\/2018\/09\/Lvds_Vivian-Maier2-150x150.jpg 150w, https:\/\/teslafm.net\/wp-content\/uploads\/2018\/09\/Lvds_Vivian-Maier2-768x768.jpg 768w\" sizes=\"(max-width: 1100px) 100vw, 1100px\" \/>\t\t\t\t\t\t\t\t\t\t\t\t\t\t\t<\/div>\n\t\t\t\t<\/div>\n\t\t\t\t\t<\/div>\n\t\t<\/div>\n\t\t\t\t\t<\/div>\n\t\t<\/section>\n\t\t\t\t\t<\/div>\n\t\t<\/div>\n\t\t\t\t\t<\/div>\n\t\t<\/section>\n\t\t\t\t<\/div>","protected":false},"excerpt":{"rendered":"<p>El Velo de Isis #1 Vivian Maier Vivian Dorothea Maier (1.02.1926 Nueva York \u2013&nbsp;21.03.2009 Oak Park, Illinois) \u201cAcumul\u00f3 m\u00e1s de 2.000 rollos de pel\u00edcula sin revelar, 5.000 fotograf\u00edas impresas y m\u00e1s de 120.000 negativos que, aparte de ella, casi nadie contempl\u00f3 durante su vida. Maier mur\u00f3 en 2009 sin saber que su pasi\u00f3n secreta la [&hellip;]<\/p>\n","protected":false},"author":19,"featured_media":0,"parent":0,"menu_order":0,"comment_status":"closed","ping_status":"closed","template":"","meta":{"footnotes":""},"class_list":["post-946","page","type-page","status-publish","hentry"],"yoast_head":"<!-- This site is optimized with the Yoast SEO plugin v27.2 - https:\/\/yoast.com\/product\/yoast-seo-wordpress\/ -->\n<title>El Velo de Isis #1 -<\/title>\n<meta name=\"robots\" content=\"index, follow, max-snippet:-1, max-image-preview:large, max-video-preview:-1\" \/>\n<link rel=\"canonical\" href=\"https:\/\/teslafm.net\/en\/el-velo-de-isis-1\/\" \/>\n<meta property=\"og:locale\" content=\"en_US\" \/>\n<meta property=\"og:type\" content=\"article\" \/>\n<meta property=\"og:title\" content=\"El Velo de Isis #1 -\" \/>\n<meta property=\"og:description\" content=\"El Velo de Isis #1 Vivian Maier Vivian Dorothea Maier (1.02.1926 Nueva York \u2013&nbsp;21.03.2009 Oak Park, Illinois) \u201cAcumul\u00f3 m\u00e1s de 2.000 rollos de pel\u00edcula sin revelar, 5.000 fotograf\u00edas impresas y m\u00e1s de 120.000 negativos que, aparte de ella, casi nadie contempl\u00f3 durante su vida. Maier mur\u00f3 en 2009 sin saber que su pasi\u00f3n secreta la [&hellip;]\" \/>\n<meta property=\"og:url\" content=\"https:\/\/teslafm.net\/en\/el-velo-de-isis-1\/\" \/>\n<meta property=\"article:publisher\" content=\"https:\/\/www.facebook.com\/teslafm.net\" \/>\n<meta property=\"article:modified_time\" content=\"2021-02-21T10:17:58+00:00\" \/>\n<meta property=\"og:image\" content=\"https:\/\/teslafm.net\/wp-content\/uploads\/2018\/09\/Lvds_Vivian-Maier-self.jpeg\" \/>\n<meta name=\"twitter:card\" content=\"summary_large_image\" \/>\n<meta name=\"twitter:site\" content=\"@teslafm\" \/>\n<meta name=\"twitter:label1\" content=\"Est. reading time\" \/>\n\t<meta name=\"twitter:data1\" content=\"5 minutes\" \/>\n<script type=\"application\/ld+json\" class=\"yoast-schema-graph\">{\"@context\":\"https:\/\/schema.org\",\"@graph\":[{\"@type\":\"WebPage\",\"@id\":\"https:\/\/teslafm.net\/el-velo-de-isis-1\/\",\"url\":\"https:\/\/teslafm.net\/el-velo-de-isis-1\/\",\"name\":\"El Velo de Isis #1 -\",\"isPartOf\":{\"@id\":\"https:\/\/teslafm.net\/#website\"},\"primaryImageOfPage\":{\"@id\":\"https:\/\/teslafm.net\/el-velo-de-isis-1\/#primaryimage\"},\"image\":{\"@id\":\"https:\/\/teslafm.net\/el-velo-de-isis-1\/#primaryimage\"},\"thumbnailUrl\":\"https:\/\/teslafm.net\/wp-content\/uploads\/2018\/09\/Lvds_Vivian-Maier-self.jpeg\",\"datePublished\":\"2018-12-17T17:37:29+00:00\",\"dateModified\":\"2021-02-21T10:17:58+00:00\",\"breadcrumb\":{\"@id\":\"https:\/\/teslafm.net\/el-velo-de-isis-1\/#breadcrumb\"},\"inLanguage\":\"en-US\",\"potentialAction\":[{\"@type\":\"ReadAction\",\"target\":[\"https:\/\/teslafm.net\/el-velo-de-isis-1\/\"]}]},{\"@type\":\"ImageObject\",\"inLanguage\":\"en-US\",\"@id\":\"https:\/\/teslafm.net\/el-velo-de-isis-1\/#primaryimage\",\"url\":\"https:\/\/teslafm.net\/wp-content\/uploads\/2018\/09\/Lvds_Vivian-Maier-self.jpeg\",\"contentUrl\":\"https:\/\/teslafm.net\/wp-content\/uploads\/2018\/09\/Lvds_Vivian-Maier-self.jpeg\"},{\"@type\":\"BreadcrumbList\",\"@id\":\"https:\/\/teslafm.net\/el-velo-de-isis-1\/#breadcrumb\",\"itemListElement\":[{\"@type\":\"ListItem\",\"position\":1,\"name\":\"Portada\",\"item\":\"https:\/\/teslafm.net\/\"},{\"@type\":\"ListItem\",\"position\":2,\"name\":\"El Velo de Isis #1\"}]},{\"@type\":\"WebSite\",\"@id\":\"https:\/\/teslafm.net\/#website\",\"url\":\"https:\/\/teslafm.net\/\",\"name\":\"TeslaFM\",\"description\":\"An experimental and creative radio\",\"publisher\":{\"@id\":\"https:\/\/teslafm.net\/#organization\"},\"potentialAction\":[{\"@type\":\"SearchAction\",\"target\":{\"@type\":\"EntryPoint\",\"urlTemplate\":\"https:\/\/teslafm.net\/?s={search_term_string}\"},\"query-input\":{\"@type\":\"PropertyValueSpecification\",\"valueRequired\":true,\"valueName\":\"search_term_string\"}}],\"inLanguage\":\"en-US\"},{\"@type\":\"Organization\",\"@id\":\"https:\/\/teslafm.net\/#organization\",\"name\":\"TeslaFM\",\"url\":\"https:\/\/teslafm.net\/\",\"logo\":{\"@type\":\"ImageObject\",\"inLanguage\":\"en-US\",\"@id\":\"https:\/\/teslafm.net\/#\/schema\/logo\/image\/\",\"url\":\"https:\/\/teslafm.net\/wp-content\/uploads\/2020\/06\/logo-tesla.png\",\"contentUrl\":\"https:\/\/teslafm.net\/wp-content\/uploads\/2020\/06\/logo-tesla.png\",\"width\":512,\"height\":512,\"caption\":\"TeslaFM\"},\"image\":{\"@id\":\"https:\/\/teslafm.net\/#\/schema\/logo\/image\/\"},\"sameAs\":[\"https:\/\/www.facebook.com\/teslafm.net\",\"https:\/\/x.com\/teslafm\"]}]}<\/script>\n<!-- \/ Yoast SEO plugin. -->","yoast_head_json":{"title":"El Velo de Isis #1 -","robots":{"index":"index","follow":"follow","max-snippet":"max-snippet:-1","max-image-preview":"max-image-preview:large","max-video-preview":"max-video-preview:-1"},"canonical":"https:\/\/teslafm.net\/en\/el-velo-de-isis-1\/","og_locale":"en_US","og_type":"article","og_title":"El Velo de Isis #1 -","og_description":"El Velo de Isis #1 Vivian Maier Vivian Dorothea Maier (1.02.1926 Nueva York \u2013&nbsp;21.03.2009 Oak Park, Illinois) \u201cAcumul\u00f3 m\u00e1s de 2.000 rollos de pel\u00edcula sin revelar, 5.000 fotograf\u00edas impresas y m\u00e1s de 120.000 negativos que, aparte de ella, casi nadie contempl\u00f3 durante su vida. Maier mur\u00f3 en 2009 sin saber que su pasi\u00f3n secreta la [&hellip;]","og_url":"https:\/\/teslafm.net\/en\/el-velo-de-isis-1\/","article_publisher":"https:\/\/www.facebook.com\/teslafm.net","article_modified_time":"2021-02-21T10:17:58+00:00","og_image":[{"url":"https:\/\/teslafm.net\/wp-content\/uploads\/2018\/09\/Lvds_Vivian-Maier-self.jpeg","type":"","width":"","height":""}],"twitter_card":"summary_large_image","twitter_site":"@teslafm","twitter_misc":{"Est. reading time":"5 minutes"},"schema":{"@context":"https:\/\/schema.org","@graph":[{"@type":"WebPage","@id":"https:\/\/teslafm.net\/el-velo-de-isis-1\/","url":"https:\/\/teslafm.net\/el-velo-de-isis-1\/","name":"El Velo de Isis #1 -","isPartOf":{"@id":"https:\/\/teslafm.net\/#website"},"primaryImageOfPage":{"@id":"https:\/\/teslafm.net\/el-velo-de-isis-1\/#primaryimage"},"image":{"@id":"https:\/\/teslafm.net\/el-velo-de-isis-1\/#primaryimage"},"thumbnailUrl":"https:\/\/teslafm.net\/wp-content\/uploads\/2018\/09\/Lvds_Vivian-Maier-self.jpeg","datePublished":"2018-12-17T17:37:29+00:00","dateModified":"2021-02-21T10:17:58+00:00","breadcrumb":{"@id":"https:\/\/teslafm.net\/el-velo-de-isis-1\/#breadcrumb"},"inLanguage":"en-US","potentialAction":[{"@type":"ReadAction","target":["https:\/\/teslafm.net\/el-velo-de-isis-1\/"]}]},{"@type":"ImageObject","inLanguage":"en-US","@id":"https:\/\/teslafm.net\/el-velo-de-isis-1\/#primaryimage","url":"https:\/\/teslafm.net\/wp-content\/uploads\/2018\/09\/Lvds_Vivian-Maier-self.jpeg","contentUrl":"https:\/\/teslafm.net\/wp-content\/uploads\/2018\/09\/Lvds_Vivian-Maier-self.jpeg"},{"@type":"BreadcrumbList","@id":"https:\/\/teslafm.net\/el-velo-de-isis-1\/#breadcrumb","itemListElement":[{"@type":"ListItem","position":1,"name":"Portada","item":"https:\/\/teslafm.net\/"},{"@type":"ListItem","position":2,"name":"El Velo de Isis #1"}]},{"@type":"WebSite","@id":"https:\/\/teslafm.net\/#website","url":"https:\/\/teslafm.net\/","name":"TeslaFM","description":"An experimental and creative radio","publisher":{"@id":"https:\/\/teslafm.net\/#organization"},"potentialAction":[{"@type":"SearchAction","target":{"@type":"EntryPoint","urlTemplate":"https:\/\/teslafm.net\/?s={search_term_string}"},"query-input":{"@type":"PropertyValueSpecification","valueRequired":true,"valueName":"search_term_string"}}],"inLanguage":"en-US"},{"@type":"Organization","@id":"https:\/\/teslafm.net\/#organization","name":"TeslaFM","url":"https:\/\/teslafm.net\/","logo":{"@type":"ImageObject","inLanguage":"en-US","@id":"https:\/\/teslafm.net\/#\/schema\/logo\/image\/","url":"https:\/\/teslafm.net\/wp-content\/uploads\/2020\/06\/logo-tesla.png","contentUrl":"https:\/\/teslafm.net\/wp-content\/uploads\/2020\/06\/logo-tesla.png","width":512,"height":512,"caption":"TeslaFM"},"image":{"@id":"https:\/\/teslafm.net\/#\/schema\/logo\/image\/"},"sameAs":["https:\/\/www.facebook.com\/teslafm.net","https:\/\/x.com\/teslafm"]}]}},"rttpg_featured_image_url":null,"rttpg_author":{"display_name":"Ishak","author_link":"https:\/\/teslafm.net\/en\/author\/cravan\/"},"rttpg_comment":0,"rttpg_category":null,"rttpg_excerpt":"El Velo de Isis #1 Vivian Maier Vivian Dorothea Maier (1.02.1926 Nueva York \u2013&nbsp;21.03.2009 Oak Park, Illinois) \u201cAcumul\u00f3 m\u00e1s de 2.000 rollos de pel\u00edcula sin revelar, 5.000 fotograf\u00edas impresas y m\u00e1s de 120.000 negativos que, aparte de ella, casi nadie contempl\u00f3 durante su vida. Maier mur\u00f3 en 2009 sin saber que su pasi\u00f3n secreta la&hellip;","_links":{"self":[{"href":"https:\/\/teslafm.net\/en\/wp-json\/wp\/v2\/pages\/946","targetHints":{"allow":["GET"]}}],"collection":[{"href":"https:\/\/teslafm.net\/en\/wp-json\/wp\/v2\/pages"}],"about":[{"href":"https:\/\/teslafm.net\/en\/wp-json\/wp\/v2\/types\/page"}],"author":[{"embeddable":true,"href":"https:\/\/teslafm.net\/en\/wp-json\/wp\/v2\/users\/19"}],"replies":[{"embeddable":true,"href":"https:\/\/teslafm.net\/en\/wp-json\/wp\/v2\/comments?post=946"}],"version-history":[{"count":21,"href":"https:\/\/teslafm.net\/en\/wp-json\/wp\/v2\/pages\/946\/revisions"}],"predecessor-version":[{"id":56990,"href":"https:\/\/teslafm.net\/en\/wp-json\/wp\/v2\/pages\/946\/revisions\/56990"}],"wp:attachment":[{"href":"https:\/\/teslafm.net\/en\/wp-json\/wp\/v2\/media?parent=946"}],"curies":[{"name":"wp","href":"https:\/\/api.w.org\/{rel}","templated":true}]}}