

{"id":950,"date":"2018-12-17T18:54:05","date_gmt":"2018-12-17T17:54:05","guid":{"rendered":"https:\/\/teslafm.net\/?page_id=950"},"modified":"2021-02-21T11:31:46","modified_gmt":"2021-02-21T10:31:46","slug":"el-velo-de-isis-2","status":"publish","type":"page","link":"https:\/\/teslafm.net\/en\/el-velo-de-isis-2\/","title":{"rendered":"The Veil of Isis #2"},"content":{"rendered":"<div data-elementor-type=\"wp-page\" data-elementor-id=\"950\" class=\"elementor elementor-950\">\n\t\t\t\t\t\t<section class=\"elementor-section elementor-top-section elementor-element elementor-element-705069cb elementor-section-boxed elementor-section-height-default elementor-section-height-default\" data-id=\"705069cb\" data-element_type=\"section\" data-e-type=\"section\">\n\t\t\t\t\t\t<div class=\"elementor-container elementor-column-gap-default\">\n\t\t\t\t\t<div class=\"elementor-column elementor-col-100 elementor-top-column elementor-element elementor-element-51e8e126\" data-id=\"51e8e126\" data-element_type=\"column\" data-e-type=\"column\">\n\t\t\t<div class=\"elementor-widget-wrap elementor-element-populated\">\n\t\t\t\t\t\t<div class=\"elementor-element elementor-element-4ef553e2 elementor-widget elementor-widget-text-editor\" data-id=\"4ef553e2\" data-element_type=\"widget\" data-e-type=\"widget\" data-widget_type=\"text-editor.default\">\n\t\t\t\t<div class=\"elementor-widget-container\">\n\t\t\t\t\t\t\t\t\t<h1><span style=\"color: #ffffff;\">The<strong> Veil of Isis #2<\/strong><\/span><\/h1>\n<p><span style=\"color: #808080;\"><em>Tina Modotti<\/em><\/span><\/p>\n<p><iframe src=\"https:\/\/www.mixcloud.com\/widget\/iframe\/?hide_cover=1&amp;feed=%2FTeslafm_net%2Fel-velo-de-isis-2-lxs-valientes-duermen-solxs%2F\" width=\"100%\" height=\"120\" frameborder=\"0\"><\/iframe><\/p>\n<div dir=\"ltr\">\n<div dir=\"ltr\"><span style=\"color: #808080;\"><i>\"...she transformed herself from an object of beauty used in the art of others to a professional photographer (...) Gradually Modotti's work shows the quests for her own direction and the confidence she gained as her political commitment changed the way she saw the world. Her photographs did not lose their sense of form, but her priorities changed (...)&nbsp;<\/i><\/span><\/div>\n<div dir=\"ltr\"><span style=\"color: #808080;\"><i>&nbsp;<\/i><\/span><\/div>\n<div dir=\"ltr\"><span style=\"color: #808080;\"><i>\"...There was a caf\u00e9 where politicians, criminals and vaudeville actresses used to meet. But the most spectacular person of all was a photographer, model, highborn courtesan and Mata Hari of the Komintern\". This is how the poet Kenneth Rexroth describes Tina Modotti in his memoirs...\"<\/i><\/span><\/div>\n<p><span style=\"color: #999999;\"><i><span style=\"color: #808080;\"><i>\"...In Berlin Tina Modotti becomes a member of the Union of Press Photographers and publishes her images in 'Der Arbeiter-Fotograf', but decides to abandon photography for political activism while in Moscow working for the International Red Cross of the USSR...\"&nbsp;<\/i><\/span><\/i><\/span><\/p>\n<\/div>\n<div dir=\"ltr\"><span style=\"color: #808080;\"><i>&nbsp;<\/i><\/span><i style=\"color: rgb(128, 128, 128);\">\"Shortly after, in 1934, she traveled to Spain and at the beginning of the Civil War she joined the Fifth Regiment, where she maintained that for her art was not compatible with the violence of the events. In 1939 Tina returned as an asylum seeker to Mexico, where she continued her political activity through the Alianza Antifascista Giuseppe Garibaldi. A year later, President L\u00e1zaro C\u00e1rdenas annulled her expulsion...\"&nbsp;<\/i><\/div>\n<div dir=\"ltr\"><span style=\"color: #808080;\"><i>&nbsp;<\/i><\/span><\/div>\n<div dir=\"ltr\"><span style=\"color: #808080;\"><i>\"...She died, under strange circumstances - some say of a heart attack and others say due to a communist purge - on January 5, 1942 inside a cab that was taking her home. She was only 46 years old...\"<\/i><\/span><\/div>\n<p style=\"text-align: left;\">\n<\/p>\t\t\t\t\t\t\t\t<\/div>\n\t\t\t\t<\/div>\n\t\t\t\t\t<\/div>\n\t\t<\/div>\n\t\t\t\t\t<\/div>\n\t\t<\/section>\n\t\t\t\t<section class=\"elementor-section elementor-top-section elementor-element elementor-element-2bc667b elementor-section-boxed elementor-section-height-default elementor-section-height-default\" data-id=\"2bc667b\" data-element_type=\"section\" data-e-type=\"section\">\n\t\t\t\t\t\t<div class=\"elementor-container elementor-column-gap-default\">\n\t\t\t\t\t<div class=\"elementor-column elementor-col-100 elementor-top-column elementor-element elementor-element-9977845\" data-id=\"9977845\" data-element_type=\"column\" data-e-type=\"column\">\n\t\t\t<div class=\"elementor-widget-wrap elementor-element-populated\">\n\t\t\t\t\t\t<section class=\"elementor-section elementor-inner-section elementor-element elementor-element-4c6043f elementor-section-boxed elementor-section-height-default elementor-section-height-default\" data-id=\"4c6043f\" data-element_type=\"section\" data-e-type=\"section\">\n\t\t\t\t\t\t<div class=\"elementor-container elementor-column-gap-default\">\n\t\t\t\t\t<div class=\"elementor-column elementor-col-50 elementor-inner-column elementor-element elementor-element-4e8bb33\" data-id=\"4e8bb33\" data-element_type=\"column\" data-e-type=\"column\">\n\t\t\t<div class=\"elementor-widget-wrap elementor-element-populated\">\n\t\t\t\t\t\t<div class=\"elementor-element elementor-element-912d862 elementor-widget elementor-widget-image\" data-id=\"912d862\" data-element_type=\"widget\" data-e-type=\"widget\" data-widget_type=\"image.default\">\n\t\t\t\t<div class=\"elementor-widget-container\">\n\t\t\t\t\t\t\t\t\t\t\t\t\t\t\t<img fetchpriority=\"high\" decoding=\"async\" width=\"927\" height=\"1024\" src=\"https:\/\/teslafm.net\/wp-content\/uploads\/2018\/11\/24-lens-Modotti-slide-Q9RO-superJumbo-927x1024.jpg\" class=\"attachment-large size-large wp-image-516\" alt=\"\" srcset=\"https:\/\/teslafm.net\/wp-content\/uploads\/2018\/11\/24-lens-Modotti-slide-Q9RO-superJumbo-927x1024.jpg 927w, https:\/\/teslafm.net\/wp-content\/uploads\/2018\/11\/24-lens-Modotti-slide-Q9RO-superJumbo-272x300.jpg 272w, https:\/\/teslafm.net\/wp-content\/uploads\/2018\/11\/24-lens-Modotti-slide-Q9RO-superJumbo-768x848.jpg 768w, https:\/\/teslafm.net\/wp-content\/uploads\/2018\/11\/24-lens-Modotti-slide-Q9RO-superJumbo.jpg 970w\" sizes=\"(max-width: 927px) 100vw, 927px\" \/>\t\t\t\t\t\t\t\t\t\t\t\t\t\t\t<\/div>\n\t\t\t\t<\/div>\n\t\t\t\t<div class=\"elementor-element elementor-element-7efbbc4 elementor-widget elementor-widget-text-editor\" data-id=\"7efbbc4\" data-element_type=\"widget\" data-e-type=\"widget\" data-widget_type=\"text-editor.default\">\n\t\t\t\t<div class=\"elementor-widget-container\">\n\t\t\t\t\t\t\t\t\t<p><span style=\"color: #808080;\">Photograph by <b>Tina Modotti<\/b>.<\/span><\/p>\t\t\t\t\t\t\t\t<\/div>\n\t\t\t\t<\/div>\n\t\t\t\t\t<\/div>\n\t\t<\/div>\n\t\t\t\t<div class=\"elementor-column elementor-col-50 elementor-inner-column elementor-element elementor-element-ccadcb9\" data-id=\"ccadcb9\" data-element_type=\"column\" data-e-type=\"column\">\n\t\t\t<div class=\"elementor-widget-wrap elementor-element-populated\">\n\t\t\t\t\t\t<div class=\"elementor-element elementor-element-2a15086 elementor-widget elementor-widget-image\" data-id=\"2a15086\" data-element_type=\"widget\" data-e-type=\"widget\" data-widget_type=\"image.default\">\n\t\t\t\t<div class=\"elementor-widget-container\">\n\t\t\t\t\t\t\t\t\t\t\t\t\t\t\t<img decoding=\"async\" width=\"800\" height=\"1009\" src=\"https:\/\/teslafm.net\/wp-content\/uploads\/2018\/11\/conocer-historia-arte-Tina-Modotti-fotoperiodismo-revolucionaria-xlsemanal-2.jpg\" class=\"attachment-large size-large wp-image-509\" alt=\"\" srcset=\"https:\/\/teslafm.net\/wp-content\/uploads\/2018\/11\/conocer-historia-arte-Tina-Modotti-fotoperiodismo-revolucionaria-xlsemanal-2.jpg 800w, https:\/\/teslafm.net\/wp-content\/uploads\/2018\/11\/conocer-historia-arte-Tina-Modotti-fotoperiodismo-revolucionaria-xlsemanal-2-238x300.jpg 238w, https:\/\/teslafm.net\/wp-content\/uploads\/2018\/11\/conocer-historia-arte-Tina-Modotti-fotoperiodismo-revolucionaria-xlsemanal-2-768x969.jpg 768w\" sizes=\"(max-width: 800px) 100vw, 800px\" \/>\t\t\t\t\t\t\t\t\t\t\t\t\t\t\t<\/div>\n\t\t\t\t<\/div>\n\t\t\t\t<div class=\"elementor-element elementor-element-ec63bb8 elementor-widget elementor-widget-text-editor\" data-id=\"ec63bb8\" data-element_type=\"widget\" data-e-type=\"widget\" data-widget_type=\"text-editor.default\">\n\t\t\t\t<div class=\"elementor-widget-container\">\n\t\t\t\t\t\t\t\t\t<p><span style=\"color: #808080;\"><b>Tina Modotti<\/b> actress.<\/span><\/p>\t\t\t\t\t\t\t\t<\/div>\n\t\t\t\t<\/div>\n\t\t\t\t\t<\/div>\n\t\t<\/div>\n\t\t\t\t\t<\/div>\n\t\t<\/section>\n\t\t\t\t\t<\/div>\n\t\t<\/div>\n\t\t\t\t\t<\/div>\n\t\t<\/section>\n\t\t\t\t<section class=\"elementor-section elementor-top-section elementor-element elementor-element-6eedbeb elementor-section-boxed elementor-section-height-default elementor-section-height-default\" data-id=\"6eedbeb\" data-element_type=\"section\" data-e-type=\"section\">\n\t\t\t\t\t\t<div class=\"elementor-container elementor-column-gap-default\">\n\t\t\t\t\t<div class=\"elementor-column elementor-col-100 elementor-top-column elementor-element elementor-element-838bf80\" data-id=\"838bf80\" data-element_type=\"column\" data-e-type=\"column\">\n\t\t\t<div class=\"elementor-widget-wrap elementor-element-populated\">\n\t\t\t\t\t\t<div class=\"elementor-element elementor-element-86ae46d elementor-widget elementor-widget-text-editor\" data-id=\"86ae46d\" data-element_type=\"widget\" data-e-type=\"widget\" data-widget_type=\"text-editor.default\">\n\t\t\t\t<div class=\"elementor-widget-container\">\n\t\t\t\t\t\t\t\t\t<p><span style=\"color: #808080;\">The music played in the program at minute 24:55, belongs to Silvestre Revueltas the movement titled <i>\"Nuit de Yucatan\"<\/i> of the work <i>\"La Nuit Des Mayas\"<\/i> (1939).<\/span><\/p>\t\t\t\t\t\t\t\t<\/div>\n\t\t\t\t<\/div>\n\t\t\t\t\t<\/div>\n\t\t<\/div>\n\t\t\t\t\t<\/div>\n\t\t<\/section>\n\t\t\t\t<\/div>","protected":false},"excerpt":{"rendered":"<p>El Velo de Isis #2 Tina Modotti \u201c\u2026se transform\u00f3 a s\u00ed misma, de ser un objeto de belleza utilizado en el arte de los dem\u00e1s, a fot\u00f3grafa profesional (\u2026) Gradualmente el trabajo de Modotti muestra las b\u00fasquedas de su propia direcci\u00f3n y la confianza que fue ganando a medida que su compromiso pol\u00edtico cambi\u00f3 su [&hellip;]<\/p>\n","protected":false},"author":19,"featured_media":0,"parent":0,"menu_order":0,"comment_status":"closed","ping_status":"closed","template":"","meta":{"footnotes":""},"class_list":["post-950","page","type-page","status-publish","hentry"],"yoast_head":"<!-- This site is optimized with the Yoast SEO plugin v27.2 - https:\/\/yoast.com\/product\/yoast-seo-wordpress\/ -->\n<title>El Velo de Isis #2 -<\/title>\n<meta name=\"robots\" content=\"index, follow, max-snippet:-1, max-image-preview:large, max-video-preview:-1\" \/>\n<link rel=\"canonical\" href=\"https:\/\/teslafm.net\/en\/el-velo-de-isis-2\/\" \/>\n<meta property=\"og:locale\" content=\"en_US\" \/>\n<meta property=\"og:type\" content=\"article\" \/>\n<meta property=\"og:title\" content=\"El Velo de Isis #2 -\" \/>\n<meta property=\"og:description\" content=\"El Velo de Isis #2 Tina Modotti \u201c\u2026se transform\u00f3 a s\u00ed misma, de ser un objeto de belleza utilizado en el arte de los dem\u00e1s, a fot\u00f3grafa profesional (\u2026) Gradualmente el trabajo de Modotti muestra las b\u00fasquedas de su propia direcci\u00f3n y la confianza que fue ganando a medida que su compromiso pol\u00edtico cambi\u00f3 su [&hellip;]\" \/>\n<meta property=\"og:url\" content=\"https:\/\/teslafm.net\/en\/el-velo-de-isis-2\/\" \/>\n<meta property=\"article:publisher\" content=\"https:\/\/www.facebook.com\/teslafm.net\" \/>\n<meta property=\"article:modified_time\" content=\"2021-02-21T10:31:46+00:00\" \/>\n<meta property=\"og:image\" content=\"https:\/\/teslafm.net\/wp-content\/uploads\/2018\/11\/24-lens-Modotti-slide-Q9RO-superJumbo-927x1024.jpg\" \/>\n<meta name=\"twitter:card\" content=\"summary_large_image\" \/>\n<meta name=\"twitter:site\" content=\"@teslafm\" \/>\n<meta name=\"twitter:label1\" content=\"Est. reading time\" \/>\n\t<meta name=\"twitter:data1\" content=\"2 minutes\" \/>\n<script type=\"application\/ld+json\" class=\"yoast-schema-graph\">{\"@context\":\"https:\/\/schema.org\",\"@graph\":[{\"@type\":\"WebPage\",\"@id\":\"https:\/\/teslafm.net\/el-velo-de-isis-2\/\",\"url\":\"https:\/\/teslafm.net\/el-velo-de-isis-2\/\",\"name\":\"El Velo de Isis #2 -\",\"isPartOf\":{\"@id\":\"https:\/\/teslafm.net\/#website\"},\"primaryImageOfPage\":{\"@id\":\"https:\/\/teslafm.net\/el-velo-de-isis-2\/#primaryimage\"},\"image\":{\"@id\":\"https:\/\/teslafm.net\/el-velo-de-isis-2\/#primaryimage\"},\"thumbnailUrl\":\"https:\/\/teslafm.net\/wp-content\/uploads\/2018\/11\/24-lens-Modotti-slide-Q9RO-superJumbo-927x1024.jpg\",\"datePublished\":\"2018-12-17T17:54:05+00:00\",\"dateModified\":\"2021-02-21T10:31:46+00:00\",\"breadcrumb\":{\"@id\":\"https:\/\/teslafm.net\/el-velo-de-isis-2\/#breadcrumb\"},\"inLanguage\":\"en-US\",\"potentialAction\":[{\"@type\":\"ReadAction\",\"target\":[\"https:\/\/teslafm.net\/el-velo-de-isis-2\/\"]}]},{\"@type\":\"ImageObject\",\"inLanguage\":\"en-US\",\"@id\":\"https:\/\/teslafm.net\/el-velo-de-isis-2\/#primaryimage\",\"url\":\"https:\/\/teslafm.net\/wp-content\/uploads\/2018\/11\/24-lens-Modotti-slide-Q9RO-superJumbo-927x1024.jpg\",\"contentUrl\":\"https:\/\/teslafm.net\/wp-content\/uploads\/2018\/11\/24-lens-Modotti-slide-Q9RO-superJumbo-927x1024.jpg\"},{\"@type\":\"BreadcrumbList\",\"@id\":\"https:\/\/teslafm.net\/el-velo-de-isis-2\/#breadcrumb\",\"itemListElement\":[{\"@type\":\"ListItem\",\"position\":1,\"name\":\"Portada\",\"item\":\"https:\/\/teslafm.net\/\"},{\"@type\":\"ListItem\",\"position\":2,\"name\":\"El Velo de Isis #2\"}]},{\"@type\":\"WebSite\",\"@id\":\"https:\/\/teslafm.net\/#website\",\"url\":\"https:\/\/teslafm.net\/\",\"name\":\"TeslaFM\",\"description\":\"An experimental and creative radio\",\"publisher\":{\"@id\":\"https:\/\/teslafm.net\/#organization\"},\"potentialAction\":[{\"@type\":\"SearchAction\",\"target\":{\"@type\":\"EntryPoint\",\"urlTemplate\":\"https:\/\/teslafm.net\/?s={search_term_string}\"},\"query-input\":{\"@type\":\"PropertyValueSpecification\",\"valueRequired\":true,\"valueName\":\"search_term_string\"}}],\"inLanguage\":\"en-US\"},{\"@type\":\"Organization\",\"@id\":\"https:\/\/teslafm.net\/#organization\",\"name\":\"TeslaFM\",\"url\":\"https:\/\/teslafm.net\/\",\"logo\":{\"@type\":\"ImageObject\",\"inLanguage\":\"en-US\",\"@id\":\"https:\/\/teslafm.net\/#\/schema\/logo\/image\/\",\"url\":\"https:\/\/teslafm.net\/wp-content\/uploads\/2020\/06\/logo-tesla.png\",\"contentUrl\":\"https:\/\/teslafm.net\/wp-content\/uploads\/2020\/06\/logo-tesla.png\",\"width\":512,\"height\":512,\"caption\":\"TeslaFM\"},\"image\":{\"@id\":\"https:\/\/teslafm.net\/#\/schema\/logo\/image\/\"},\"sameAs\":[\"https:\/\/www.facebook.com\/teslafm.net\",\"https:\/\/x.com\/teslafm\"]}]}<\/script>\n<!-- \/ Yoast SEO plugin. -->","yoast_head_json":{"title":"El Velo de Isis #2 -","robots":{"index":"index","follow":"follow","max-snippet":"max-snippet:-1","max-image-preview":"max-image-preview:large","max-video-preview":"max-video-preview:-1"},"canonical":"https:\/\/teslafm.net\/en\/el-velo-de-isis-2\/","og_locale":"en_US","og_type":"article","og_title":"El Velo de Isis #2 -","og_description":"El Velo de Isis #2 Tina Modotti \u201c\u2026se transform\u00f3 a s\u00ed misma, de ser un objeto de belleza utilizado en el arte de los dem\u00e1s, a fot\u00f3grafa profesional (\u2026) Gradualmente el trabajo de Modotti muestra las b\u00fasquedas de su propia direcci\u00f3n y la confianza que fue ganando a medida que su compromiso pol\u00edtico cambi\u00f3 su [&hellip;]","og_url":"https:\/\/teslafm.net\/en\/el-velo-de-isis-2\/","article_publisher":"https:\/\/www.facebook.com\/teslafm.net","article_modified_time":"2021-02-21T10:31:46+00:00","og_image":[{"url":"https:\/\/teslafm.net\/wp-content\/uploads\/2018\/11\/24-lens-Modotti-slide-Q9RO-superJumbo-927x1024.jpg","type":"","width":"","height":""}],"twitter_card":"summary_large_image","twitter_site":"@teslafm","twitter_misc":{"Est. reading time":"2 minutes"},"schema":{"@context":"https:\/\/schema.org","@graph":[{"@type":"WebPage","@id":"https:\/\/teslafm.net\/el-velo-de-isis-2\/","url":"https:\/\/teslafm.net\/el-velo-de-isis-2\/","name":"El Velo de Isis #2 -","isPartOf":{"@id":"https:\/\/teslafm.net\/#website"},"primaryImageOfPage":{"@id":"https:\/\/teslafm.net\/el-velo-de-isis-2\/#primaryimage"},"image":{"@id":"https:\/\/teslafm.net\/el-velo-de-isis-2\/#primaryimage"},"thumbnailUrl":"https:\/\/teslafm.net\/wp-content\/uploads\/2018\/11\/24-lens-Modotti-slide-Q9RO-superJumbo-927x1024.jpg","datePublished":"2018-12-17T17:54:05+00:00","dateModified":"2021-02-21T10:31:46+00:00","breadcrumb":{"@id":"https:\/\/teslafm.net\/el-velo-de-isis-2\/#breadcrumb"},"inLanguage":"en-US","potentialAction":[{"@type":"ReadAction","target":["https:\/\/teslafm.net\/el-velo-de-isis-2\/"]}]},{"@type":"ImageObject","inLanguage":"en-US","@id":"https:\/\/teslafm.net\/el-velo-de-isis-2\/#primaryimage","url":"https:\/\/teslafm.net\/wp-content\/uploads\/2018\/11\/24-lens-Modotti-slide-Q9RO-superJumbo-927x1024.jpg","contentUrl":"https:\/\/teslafm.net\/wp-content\/uploads\/2018\/11\/24-lens-Modotti-slide-Q9RO-superJumbo-927x1024.jpg"},{"@type":"BreadcrumbList","@id":"https:\/\/teslafm.net\/el-velo-de-isis-2\/#breadcrumb","itemListElement":[{"@type":"ListItem","position":1,"name":"Portada","item":"https:\/\/teslafm.net\/"},{"@type":"ListItem","position":2,"name":"El Velo de Isis #2"}]},{"@type":"WebSite","@id":"https:\/\/teslafm.net\/#website","url":"https:\/\/teslafm.net\/","name":"TeslaFM","description":"An experimental and creative radio","publisher":{"@id":"https:\/\/teslafm.net\/#organization"},"potentialAction":[{"@type":"SearchAction","target":{"@type":"EntryPoint","urlTemplate":"https:\/\/teslafm.net\/?s={search_term_string}"},"query-input":{"@type":"PropertyValueSpecification","valueRequired":true,"valueName":"search_term_string"}}],"inLanguage":"en-US"},{"@type":"Organization","@id":"https:\/\/teslafm.net\/#organization","name":"TeslaFM","url":"https:\/\/teslafm.net\/","logo":{"@type":"ImageObject","inLanguage":"en-US","@id":"https:\/\/teslafm.net\/#\/schema\/logo\/image\/","url":"https:\/\/teslafm.net\/wp-content\/uploads\/2020\/06\/logo-tesla.png","contentUrl":"https:\/\/teslafm.net\/wp-content\/uploads\/2020\/06\/logo-tesla.png","width":512,"height":512,"caption":"TeslaFM"},"image":{"@id":"https:\/\/teslafm.net\/#\/schema\/logo\/image\/"},"sameAs":["https:\/\/www.facebook.com\/teslafm.net","https:\/\/x.com\/teslafm"]}]}},"rttpg_featured_image_url":null,"rttpg_author":{"display_name":"Ishak","author_link":"https:\/\/teslafm.net\/en\/author\/cravan\/"},"rttpg_comment":0,"rttpg_category":null,"rttpg_excerpt":"El Velo de Isis #2 Tina Modotti \u201c\u2026se transform\u00f3 a s\u00ed misma, de ser un objeto de belleza utilizado en el arte de los dem\u00e1s, a fot\u00f3grafa profesional (\u2026) Gradualmente el trabajo de Modotti muestra las b\u00fasquedas de su propia direcci\u00f3n y la confianza que fue ganando a medida que su compromiso pol\u00edtico cambi\u00f3 su&hellip;","_links":{"self":[{"href":"https:\/\/teslafm.net\/en\/wp-json\/wp\/v2\/pages\/950","targetHints":{"allow":["GET"]}}],"collection":[{"href":"https:\/\/teslafm.net\/en\/wp-json\/wp\/v2\/pages"}],"about":[{"href":"https:\/\/teslafm.net\/en\/wp-json\/wp\/v2\/types\/page"}],"author":[{"embeddable":true,"href":"https:\/\/teslafm.net\/en\/wp-json\/wp\/v2\/users\/19"}],"replies":[{"embeddable":true,"href":"https:\/\/teslafm.net\/en\/wp-json\/wp\/v2\/comments?post=950"}],"version-history":[{"count":16,"href":"https:\/\/teslafm.net\/en\/wp-json\/wp\/v2\/pages\/950\/revisions"}],"predecessor-version":[{"id":56992,"href":"https:\/\/teslafm.net\/en\/wp-json\/wp\/v2\/pages\/950\/revisions\/56992"}],"wp:attachment":[{"href":"https:\/\/teslafm.net\/en\/wp-json\/wp\/v2\/media?parent=950"}],"curies":[{"name":"wp","href":"https:\/\/api.w.org\/{rel}","templated":true}]}}