

{"id":953,"date":"2018-12-17T19:02:01","date_gmt":"2018-12-17T18:02:01","guid":{"rendered":"https:\/\/teslafm.net\/?page_id=953"},"modified":"2023-02-22T22:36:45","modified_gmt":"2023-02-22T21:36:45","slug":"el-velo-de-isis-3","status":"publish","type":"page","link":"https:\/\/teslafm.net\/en\/el-velo-de-isis-3\/","title":{"rendered":"The Veil of Isis #3"},"content":{"rendered":"<div data-elementor-type=\"wp-page\" data-elementor-id=\"953\" class=\"elementor elementor-953\">\n\t\t\t\t\t\t<section class=\"elementor-section elementor-top-section elementor-element elementor-element-7a407f9e elementor-section-boxed elementor-section-height-default elementor-section-height-default\" data-id=\"7a407f9e\" data-element_type=\"section\" data-e-type=\"section\">\n\t\t\t\t\t\t<div class=\"elementor-container elementor-column-gap-default\">\n\t\t\t\t\t<div class=\"elementor-column elementor-col-100 elementor-top-column elementor-element elementor-element-6f5fe81\" data-id=\"6f5fe81\" data-element_type=\"column\" data-e-type=\"column\">\n\t\t\t<div class=\"elementor-widget-wrap elementor-element-populated\">\n\t\t\t\t\t\t<div class=\"elementor-element elementor-element-241a6ecd elementor-widget elementor-widget-text-editor\" data-id=\"241a6ecd\" data-element_type=\"widget\" data-e-type=\"widget\" data-widget_type=\"text-editor.default\">\n\t\t\t\t<div class=\"elementor-widget-container\">\n\t\t\t\t\t\t\t\t\t<h1><span style=\"color: #ffffff;\"><strong>The Veil of Isis #3<\/strong><\/span><\/h1><p><span style=\"color: #808080;\"><em>Marga Gil Ro\u00ebsset<\/em><\/span><\/p><p><a href=\"https:\/\/teslafm.net\/en\/El%20Velo%20de%20Isis%203%20Marga%20Gil.mp3\/\" target=\"_blank\" rel=\"noopener\"><img fetchpriority=\"high\" decoding=\"async\" class=\"alignnone wp-image-61675\" src=\"https:\/\/teslafm.net\/wp-content\/uploads\/2023\/02\/velo-3.jpg\" alt=\"\" width=\"1209\" height=\"128\" srcset=\"https:\/\/teslafm.net\/wp-content\/uploads\/2023\/02\/velo-3.jpg 1124w, https:\/\/teslafm.net\/wp-content\/uploads\/2023\/02\/velo-3-300x32.jpg 300w, https:\/\/teslafm.net\/wp-content\/uploads\/2023\/02\/velo-3-1024x108.jpg 1024w, https:\/\/teslafm.net\/wp-content\/uploads\/2023\/02\/velo-3-768x81.jpg 768w\" sizes=\"(max-width: 1209px) 100vw, 1209px\" \/><\/a><\/p><p><span style=\"color: #808080;\">Three years ago, in the pages of ABC Cultural of February 7, 1997, <b>Blanca Beras\u00e1tegui<\/b> recovered, from a human and literary perspective, the memory of <b>Margarita Gil Ro\u00ebsset<\/b>born in Madrid in 1908 and died in the same city in 1932. Draughtswoman and sculptor, who, in love with <b>Juan Ram\u00f3n Jim\u00e9nez<\/b>ended up committing suicide in his youth. In May 2000, the <b>Fine Arts Circle<\/b> and with the police station of <b>Ana Serrano<\/b> -who defended the genius of this artist-, produced the first exhibition of <b>Marga<\/b>The exhibition, showing drawings (most of them illustrations of stories) and sculptures that escaped the destruction to which the young woman subjected all her works before her death.<\/span><\/p><p><span style=\"color: #808080;\">The exhibition testified to the intensity and variety of the literary world in which the existence of the <b>Marga<\/b>and confirms the unhealthy sensitivity and artistic precocity of the girl, always self-taught, although she seems to have received some workshop advice from the painter. <b>L\u00f3pez Mezquita<\/b>as well as some influence -especially on the Bust of <b>Zenobia Camprub\u00ed<\/b>his best piece of <b>Victorio Macho<\/b>. In illustration, he combined modernism and symbolism, sometimes following the linear drawing of synthetic design typical of modern illustration between the wars. And in her sculpture, together with the elementary, self-taught character of some pieces, her strongly corporal, volumetric, strong and sensual concept of sculpture stands out, as well as her facility to compose -The first jealousy- and to model, hurrying the form -Woman's head-. As a sculptor she was accepted in the National Exhibitions of Fine Arts of 1930 and 1932. From those public presences <b>Bernardino de Pantorba<\/b> no mention or comment is made. To us, we only get the perfume of evident faculties, together with the bitterness of his own verb <b>Juan Ramon<\/b>: <i>\"Perhaps he thought that he did not live to his taste. Who can make his taste! Perhaps he could not realize his work! Who can do her work? But she wanted no middle ground. And she decided with supreme will, to shorten her life.\"<\/i>.<\/span><\/p><p><span style=\"color: #808080;\">\"<i>Don't read it now.\"<\/i>. These were the last words that <b>Marga Gil Ro\u00ebsset<\/b> said to <b>Juan Ram\u00f3n Jim\u00e9nez<\/b>She was in the poet's house in Padilla Street, Madrid, as she left a yellow folder on his desk. It contained the revelation of her impossible love for him, which had led her to a fatal decision. Marga left the writer's office, went to his workshop, where she had been working for the last months, and destroyed all his sculptures, except for a bust of <b>Zenobia Camprub\u00ed<\/b>the wife of his beloved. <i>\"Don't read it now.\"<\/i>... He left the place to fulfill the destiny he had foreseen. He first went through the Retiro Park; then he took a cab to the house of some uncles and aunts in Las Rozas and there he shot himself in the temple.<\/span><\/p><p><span style=\"color: #808080;\">It was Thursday, July 28, 1932. She was 24 years old; he was 51. Eight months earlier she had met the poet and his wife, with whom she became a sincere and affectionate friend. But in the young painter and sculptor, whom he <b>Juan Ramon<\/b> and <b>Zenobia<\/b> called <i>\"the girl\"<\/i>In the same way, an unrequited love passion was also unleashed in silence. Threatening. Until that love colonized her whole life and turned it into tragedy.<\/span><\/p><p><span style=\"color: #808080;\">This wish was written in his angular handwriting on one of the pages of the folder he gave to <b>Juan Ram\u00f3n Jim\u00e9nez<\/b> (1881-1958). He wrote them in the last weeks of that summer. The author listened to him. <i>\"Don't read it now.\"<\/i>. A little shadow covered his heart forever. A little light came out of it for his poetic work. That autumn of 32, he wanted to pay tribute to her by publishing the manuscript of the diary of <b>Gil<\/b>but he could not. In 1936, he went almost unexpectedly into exile because of the Civil War. Eighty-three years after the suicide of <b>Marga Gil<\/b> and the will of <b>Juan Ram\u00f3n Jim\u00e9nez<\/b> (JRJ), the poet's wish now becomes a reality. It is entitled <b>Mara<\/b>. Edition of <b>Juan Ram\u00f3n Jim\u00e9nez<\/b> and is published by the <b>Jos\u00e9 Manuel Lara Foundation<\/b>. Add a foreword by <b>Carmen Hern\u00e1ndez-Pinz\u00f3n<\/b>representative of the heirs of <b>JRJ<\/b>a text by <b>Marga Clarck<\/b>the artist's niece, and writings of the poet and his wife about <b>Marga Gil<\/b>. A literary reliquary accompanied by facsimiles of the sculptor's notes and several of her drawings and photos.<\/span><\/p><p><span style=\"color: #808080;\">Love, silence, joy, despair, love. The bewilderment is captured in the note that the young woman left to <b>Zenobia Camprub\u00ed<\/b>: <i>\"Zenobita... you will forgive me... I have fallen in love with Juan Ram\u00f3n! And although loving... and falling in love is something that happens to you just because, without your fault... to me at least, it has happened to me... I have felt it when it was already... natural... that if you only went with people you were not attracted to... you would remove all danger... but that is stupid\".<\/i><\/span><\/p><p><span style=\"color: #808080;\">This confession appeared in that diary that had been lost for so many years. Since 1939, when three assailants -<b>Felix Ros<\/b>, <b>Carlos Mart\u00ednez Barbeito<\/b> and <b>Carlos Sent\u00eds<\/b>- robbed the house of <b>JRJ<\/b> while he was in exile. The poet, who would win the Nobel Prize for Literature in 1956, was always anxious about the fate of these documents. He always asked about them to his great friend <b>Juan Guerrero<\/b>. You remember it <b>Carmen Hern\u00e1ndez-Pinz\u00f3n<\/b>daughter of <b>Francisco<\/b>The author's nephew, nephew of the author of Espacio and representative of his heirs. Part of them were disclosed in 1997 by the <b>ABC newspaper<\/b>. The suicide of <b>Gil<\/b> greatly affected <b>JRJ<\/b> and his wife. <i>\"They were both very despondent, and he didn't want to write for a while. They never forgot her.\"<\/i>he says <b>Carmen<\/b>.<\/span><\/p><p><span style=\"color: #808080;\">That <i>\"Don't read it now.\"<\/i> is a glimpse of the love that revitalizes life and, at the same time, sterilizes those who are not reciprocated, while living on secret crumbs that are the triumph of their existence:<\/span><\/p><p><span style=\"color: #808080;\">It reads as follows:<i> \"...And you don't see me... nor know that I go... but I go... my hand... in my other hand... and so content...\".<\/i><\/span><i style=\"color: #808080;\">... because I am going to your side\".<\/i><\/p><p><span style=\"color: #808080;\">Now everyone knows it. And she was more than that happy, fatal love whisper. <i>\"I want her to be known as the brilliant artist she was and still is. Many scholars and specialists in the avant-garde of the 20th century have dedicated their time to researching her work,\" says Marga Clarck. The publication of the diary seems important to her, now that the figure of her aunt is beginning to be recognized. She trusts that it will serve \"so that she can navigate on her own because her work is very powerful. And Juan Ram\u00f3n wanted her to go down in history as an artist.<\/i><\/span><\/p><p><span style=\"color: #808080;\">The poet knew it. That unknown love was a happy part of his life, even if he didn't ask for it. It was his, too. A corner of his house immortalized it. After the death of <b>Marga<\/b>He had an oak sideboard made, on which he placed the bust of <b>Zenobia<\/b> sculpted by <b>\"the girl\"<\/b>. The face of the love of his life chiseled by the woman who could not bear to live without him.<\/span><\/p><p><span style=\"color: #808080;\">Musical content in order of appearance:<\/span><\/p><p><span style=\"color: #808080;\">01. <b>Ernesto Halffter<\/b> - Carmen -1926 (excerpt)<\/span><br \/><span style=\"color: #808080;\">02. <b>Pastora Imperio<\/b> - The dancer - 1922<\/span><br \/><span style=\"color: #808080;\">03. <b>Tito Schipa<\/b> - Rosalinda - 1922<\/span><br \/><span style=\"color: #808080;\">04. <b>Blanca Pozas<\/b> and <b>Choir<\/b> - The whole year is Carnival -1927<\/span><br \/><span style=\"color: #808080;\">05. <b>Azuley Blanco Marimba Band<\/b> - Wounded bird - 1924<\/span><br \/><span style=\"color: #808080;\">06. <b>Gustavo Pittaluga<\/b> - La romer\u00eda de los cornudos - 1933 (excerpt)<\/span><\/p>\t\t\t\t\t\t\t\t<\/div>\n\t\t\t\t<\/div>\n\t\t\t\t\t<\/div>\n\t\t<\/div>\n\t\t\t\t\t<\/div>\n\t\t<\/section>\n\t\t\t\t<section class=\"elementor-section elementor-top-section elementor-element elementor-element-3e523c1 elementor-section-boxed elementor-section-height-default elementor-section-height-default\" data-id=\"3e523c1\" data-element_type=\"section\" data-e-type=\"section\">\n\t\t\t\t\t\t<div class=\"elementor-container elementor-column-gap-default\">\n\t\t\t\t\t<div class=\"elementor-column elementor-col-33 elementor-top-column elementor-element elementor-element-13cd452\" data-id=\"13cd452\" data-element_type=\"column\" data-e-type=\"column\">\n\t\t\t<div class=\"elementor-widget-wrap elementor-element-populated\">\n\t\t\t\t\t\t<div class=\"elementor-element elementor-element-0297347 elementor-widget elementor-widget-image\" data-id=\"0297347\" data-element_type=\"widget\" data-e-type=\"widget\" data-widget_type=\"image.default\">\n\t\t\t\t<div class=\"elementor-widget-container\">\n\t\t\t\t\t\t\t\t\t\t\t\t\t\t\t<img decoding=\"async\" width=\"731\" height=\"1024\" src=\"https:\/\/teslafm.net\/wp-content\/uploads\/2018\/11\/marga_47e84ea8-731x1024.jpg\" class=\"attachment-large size-large wp-image-851\" alt=\"\" srcset=\"https:\/\/teslafm.net\/wp-content\/uploads\/2018\/11\/marga_47e84ea8-731x1024.jpg 731w, https:\/\/teslafm.net\/wp-content\/uploads\/2018\/11\/marga_47e84ea8-214x300.jpg 214w, https:\/\/teslafm.net\/wp-content\/uploads\/2018\/11\/marga_47e84ea8-768x1075.jpg 768w, https:\/\/teslafm.net\/wp-content\/uploads\/2018\/11\/marga_47e84ea8.jpg 990w\" sizes=\"(max-width: 731px) 100vw, 731px\" \/>\t\t\t\t\t\t\t\t\t\t\t\t\t\t\t<\/div>\n\t\t\t\t<\/div>\n\t\t\t\t\t<\/div>\n\t\t<\/div>\n\t\t\t\t<div class=\"elementor-column elementor-col-33 elementor-top-column elementor-element elementor-element-e26b5b9\" data-id=\"e26b5b9\" data-element_type=\"column\" data-e-type=\"column\">\n\t\t\t<div class=\"elementor-widget-wrap elementor-element-populated\">\n\t\t\t\t\t\t<div class=\"elementor-element elementor-element-7f03651 elementor-widget elementor-widget-image\" data-id=\"7f03651\" data-element_type=\"widget\" data-e-type=\"widget\" data-widget_type=\"image.default\">\n\t\t\t\t<div class=\"elementor-widget-container\">\n\t\t\t\t\t\t\t\t\t\t\t\t\t\t\t<img decoding=\"async\" width=\"667\" height=\"375\" src=\"https:\/\/teslafm.net\/wp-content\/uploads\/2018\/11\/El-Velo-de-Isis_Marga-Gil.jpg\" class=\"attachment-large size-large wp-image-852\" alt=\"\" srcset=\"https:\/\/teslafm.net\/wp-content\/uploads\/2018\/11\/El-Velo-de-Isis_Marga-Gil.jpg 667w, https:\/\/teslafm.net\/wp-content\/uploads\/2018\/11\/El-Velo-de-Isis_Marga-Gil-300x169.jpg 300w\" sizes=\"(max-width: 667px) 100vw, 667px\" \/>\t\t\t\t\t\t\t\t\t\t\t\t\t\t\t<\/div>\n\t\t\t\t<\/div>\n\t\t\t\t\t<\/div>\n\t\t<\/div>\n\t\t\t\t<div class=\"elementor-column elementor-col-33 elementor-top-column elementor-element elementor-element-df950e5\" data-id=\"df950e5\" data-element_type=\"column\" data-e-type=\"column\">\n\t\t\t<div class=\"elementor-widget-wrap elementor-element-populated\">\n\t\t\t\t\t\t<div class=\"elementor-element elementor-element-a874099 elementor-widget elementor-widget-image\" data-id=\"a874099\" data-element_type=\"widget\" data-e-type=\"widget\" data-widget_type=\"image.default\">\n\t\t\t\t<div class=\"elementor-widget-container\">\n\t\t\t\t\t\t\t\t\t\t\t\t\t\t\t<img loading=\"lazy\" decoding=\"async\" width=\"704\" height=\"1024\" src=\"https:\/\/teslafm.net\/wp-content\/uploads\/2018\/11\/El-Velo-de-Isis_Marga-Gil-Adan-y-Eva-704x1024.jpg\" class=\"attachment-large size-large wp-image-853\" alt=\"\" srcset=\"https:\/\/teslafm.net\/wp-content\/uploads\/2018\/11\/El-Velo-de-Isis_Marga-Gil-Adan-y-Eva-704x1024.jpg 704w, https:\/\/teslafm.net\/wp-content\/uploads\/2018\/11\/El-Velo-de-Isis_Marga-Gil-Adan-y-Eva-206x300.jpg 206w, https:\/\/teslafm.net\/wp-content\/uploads\/2018\/11\/El-Velo-de-Isis_Marga-Gil-Adan-y-Eva-768x1116.jpg 768w, https:\/\/teslafm.net\/wp-content\/uploads\/2018\/11\/El-Velo-de-Isis_Marga-Gil-Adan-y-Eva.jpg 743w\" sizes=\"(max-width: 704px) 100vw, 704px\" \/>\t\t\t\t\t\t\t\t\t\t\t\t\t\t\t<\/div>\n\t\t\t\t<\/div>\n\t\t\t\t\t<\/div>\n\t\t<\/div>\n\t\t\t\t\t<\/div>\n\t\t<\/section>\n\t\t\t\t<\/div>","protected":false},"excerpt":{"rendered":"<p>El Velo de Isis #3 Marga Gil Ro\u00ebsset Hace tres a\u00f1os, en las p\u00e1ginas de ABC Cultural del 7 de febrero de 1997, Blanca Beras\u00e1tegui recuper\u00f3, desde el perfil humano y literario, la memoria de Margarita Gil Ro\u00ebsset, nacida en Madrid, el 1908 y fallecida en la misma ciudad en 1932. Dibujante y escultora, que, [&hellip;]<\/p>\n","protected":false},"author":19,"featured_media":0,"parent":0,"menu_order":0,"comment_status":"closed","ping_status":"closed","template":"","meta":{"footnotes":""},"class_list":["post-953","page","type-page","status-publish","hentry"],"yoast_head":"<!-- This site is optimized with the Yoast SEO plugin v27.2 - https:\/\/yoast.com\/product\/yoast-seo-wordpress\/ -->\n<title>El Velo de Isis #3 -<\/title>\n<meta name=\"robots\" content=\"index, follow, max-snippet:-1, max-image-preview:large, max-video-preview:-1\" \/>\n<link rel=\"canonical\" href=\"https:\/\/teslafm.net\/en\/el-velo-de-isis-3\/\" \/>\n<meta property=\"og:locale\" content=\"en_US\" \/>\n<meta property=\"og:type\" content=\"article\" \/>\n<meta property=\"og:title\" content=\"El Velo de Isis #3 -\" \/>\n<meta property=\"og:description\" content=\"El Velo de Isis #3 Marga Gil Ro\u00ebsset Hace tres a\u00f1os, en las p\u00e1ginas de ABC Cultural del 7 de febrero de 1997, Blanca Beras\u00e1tegui recuper\u00f3, desde el perfil humano y literario, la memoria de Margarita Gil Ro\u00ebsset, nacida en Madrid, el 1908 y fallecida en la misma ciudad en 1932. Dibujante y escultora, que, [&hellip;]\" \/>\n<meta property=\"og:url\" content=\"https:\/\/teslafm.net\/en\/el-velo-de-isis-3\/\" \/>\n<meta property=\"article:publisher\" content=\"https:\/\/www.facebook.com\/teslafm.net\" \/>\n<meta property=\"article:modified_time\" content=\"2023-02-22T21:36:45+00:00\" \/>\n<meta property=\"og:image\" content=\"http:\/\/teslafm.net\/wp-content\/uploads\/2023\/02\/velo-3.jpg\" \/>\n<meta name=\"twitter:card\" content=\"summary_large_image\" \/>\n<meta name=\"twitter:site\" content=\"@teslafm\" \/>\n<meta name=\"twitter:label1\" content=\"Est. reading time\" \/>\n\t<meta name=\"twitter:data1\" content=\"7 minutes\" \/>\n<script type=\"application\/ld+json\" class=\"yoast-schema-graph\">{\"@context\":\"https:\/\/schema.org\",\"@graph\":[{\"@type\":\"WebPage\",\"@id\":\"https:\/\/teslafm.net\/el-velo-de-isis-3\/\",\"url\":\"https:\/\/teslafm.net\/el-velo-de-isis-3\/\",\"name\":\"El Velo de Isis #3 -\",\"isPartOf\":{\"@id\":\"https:\/\/teslafm.net\/#website\"},\"primaryImageOfPage\":{\"@id\":\"https:\/\/teslafm.net\/el-velo-de-isis-3\/#primaryimage\"},\"image\":{\"@id\":\"https:\/\/teslafm.net\/el-velo-de-isis-3\/#primaryimage\"},\"thumbnailUrl\":\"http:\/\/teslafm.net\/wp-content\/uploads\/2023\/02\/velo-3.jpg\",\"datePublished\":\"2018-12-17T18:02:01+00:00\",\"dateModified\":\"2023-02-22T21:36:45+00:00\",\"breadcrumb\":{\"@id\":\"https:\/\/teslafm.net\/el-velo-de-isis-3\/#breadcrumb\"},\"inLanguage\":\"en-US\",\"potentialAction\":[{\"@type\":\"ReadAction\",\"target\":[\"https:\/\/teslafm.net\/el-velo-de-isis-3\/\"]}]},{\"@type\":\"ImageObject\",\"inLanguage\":\"en-US\",\"@id\":\"https:\/\/teslafm.net\/el-velo-de-isis-3\/#primaryimage\",\"url\":\"http:\/\/teslafm.net\/wp-content\/uploads\/2023\/02\/velo-3.jpg\",\"contentUrl\":\"http:\/\/teslafm.net\/wp-content\/uploads\/2023\/02\/velo-3.jpg\"},{\"@type\":\"BreadcrumbList\",\"@id\":\"https:\/\/teslafm.net\/el-velo-de-isis-3\/#breadcrumb\",\"itemListElement\":[{\"@type\":\"ListItem\",\"position\":1,\"name\":\"Portada\",\"item\":\"https:\/\/teslafm.net\/\"},{\"@type\":\"ListItem\",\"position\":2,\"name\":\"El Velo de Isis #3\"}]},{\"@type\":\"WebSite\",\"@id\":\"https:\/\/teslafm.net\/#website\",\"url\":\"https:\/\/teslafm.net\/\",\"name\":\"TeslaFM\",\"description\":\"An experimental and creative radio\",\"publisher\":{\"@id\":\"https:\/\/teslafm.net\/#organization\"},\"potentialAction\":[{\"@type\":\"SearchAction\",\"target\":{\"@type\":\"EntryPoint\",\"urlTemplate\":\"https:\/\/teslafm.net\/?s={search_term_string}\"},\"query-input\":{\"@type\":\"PropertyValueSpecification\",\"valueRequired\":true,\"valueName\":\"search_term_string\"}}],\"inLanguage\":\"en-US\"},{\"@type\":\"Organization\",\"@id\":\"https:\/\/teslafm.net\/#organization\",\"name\":\"TeslaFM\",\"url\":\"https:\/\/teslafm.net\/\",\"logo\":{\"@type\":\"ImageObject\",\"inLanguage\":\"en-US\",\"@id\":\"https:\/\/teslafm.net\/#\/schema\/logo\/image\/\",\"url\":\"https:\/\/teslafm.net\/wp-content\/uploads\/2020\/06\/logo-tesla.png\",\"contentUrl\":\"https:\/\/teslafm.net\/wp-content\/uploads\/2020\/06\/logo-tesla.png\",\"width\":512,\"height\":512,\"caption\":\"TeslaFM\"},\"image\":{\"@id\":\"https:\/\/teslafm.net\/#\/schema\/logo\/image\/\"},\"sameAs\":[\"https:\/\/www.facebook.com\/teslafm.net\",\"https:\/\/x.com\/teslafm\"]}]}<\/script>\n<!-- \/ Yoast SEO plugin. -->","yoast_head_json":{"title":"The Veil of Isis #3 -","robots":{"index":"index","follow":"follow","max-snippet":"max-snippet:-1","max-image-preview":"max-image-preview:large","max-video-preview":"max-video-preview:-1"},"canonical":"https:\/\/teslafm.net\/en\/el-velo-de-isis-3\/","og_locale":"en_US","og_type":"article","og_title":"El Velo de Isis #3 -","og_description":"El Velo de Isis #3 Marga Gil Ro\u00ebsset Hace tres a\u00f1os, en las p\u00e1ginas de ABC Cultural del 7 de febrero de 1997, Blanca Beras\u00e1tegui recuper\u00f3, desde el perfil humano y literario, la memoria de Margarita Gil Ro\u00ebsset, nacida en Madrid, el 1908 y fallecida en la misma ciudad en 1932. Dibujante y escultora, que, [&hellip;]","og_url":"https:\/\/teslafm.net\/en\/el-velo-de-isis-3\/","article_publisher":"https:\/\/www.facebook.com\/teslafm.net","article_modified_time":"2023-02-22T21:36:45+00:00","og_image":[{"url":"http:\/\/teslafm.net\/wp-content\/uploads\/2023\/02\/velo-3.jpg","type":"","width":"","height":""}],"twitter_card":"summary_large_image","twitter_site":"@teslafm","twitter_misc":{"Est. reading time":"7 minutes"},"schema":{"@context":"https:\/\/schema.org","@graph":[{"@type":"WebPage","@id":"https:\/\/teslafm.net\/el-velo-de-isis-3\/","url":"https:\/\/teslafm.net\/el-velo-de-isis-3\/","name":"The Veil of Isis #3 -","isPartOf":{"@id":"https:\/\/teslafm.net\/#website"},"primaryImageOfPage":{"@id":"https:\/\/teslafm.net\/el-velo-de-isis-3\/#primaryimage"},"image":{"@id":"https:\/\/teslafm.net\/el-velo-de-isis-3\/#primaryimage"},"thumbnailUrl":"http:\/\/teslafm.net\/wp-content\/uploads\/2023\/02\/velo-3.jpg","datePublished":"2018-12-17T18:02:01+00:00","dateModified":"2023-02-22T21:36:45+00:00","breadcrumb":{"@id":"https:\/\/teslafm.net\/el-velo-de-isis-3\/#breadcrumb"},"inLanguage":"en-US","potentialAction":[{"@type":"ReadAction","target":["https:\/\/teslafm.net\/el-velo-de-isis-3\/"]}]},{"@type":"ImageObject","inLanguage":"en-US","@id":"https:\/\/teslafm.net\/el-velo-de-isis-3\/#primaryimage","url":"http:\/\/teslafm.net\/wp-content\/uploads\/2023\/02\/velo-3.jpg","contentUrl":"http:\/\/teslafm.net\/wp-content\/uploads\/2023\/02\/velo-3.jpg"},{"@type":"BreadcrumbList","@id":"https:\/\/teslafm.net\/el-velo-de-isis-3\/#breadcrumb","itemListElement":[{"@type":"ListItem","position":1,"name":"Portada","item":"https:\/\/teslafm.net\/"},{"@type":"ListItem","position":2,"name":"El Velo de Isis #3"}]},{"@type":"WebSite","@id":"https:\/\/teslafm.net\/#website","url":"https:\/\/teslafm.net\/","name":"TeslaFM","description":"An experimental and creative radio","publisher":{"@id":"https:\/\/teslafm.net\/#organization"},"potentialAction":[{"@type":"SearchAction","target":{"@type":"EntryPoint","urlTemplate":"https:\/\/teslafm.net\/?s={search_term_string}"},"query-input":{"@type":"PropertyValueSpecification","valueRequired":true,"valueName":"search_term_string"}}],"inLanguage":"en-US"},{"@type":"Organization","@id":"https:\/\/teslafm.net\/#organization","name":"TeslaFM","url":"https:\/\/teslafm.net\/","logo":{"@type":"ImageObject","inLanguage":"en-US","@id":"https:\/\/teslafm.net\/#\/schema\/logo\/image\/","url":"https:\/\/teslafm.net\/wp-content\/uploads\/2020\/06\/logo-tesla.png","contentUrl":"https:\/\/teslafm.net\/wp-content\/uploads\/2020\/06\/logo-tesla.png","width":512,"height":512,"caption":"TeslaFM"},"image":{"@id":"https:\/\/teslafm.net\/#\/schema\/logo\/image\/"},"sameAs":["https:\/\/www.facebook.com\/teslafm.net","https:\/\/x.com\/teslafm"]}]}},"rttpg_featured_image_url":null,"rttpg_author":{"display_name":"Ishak","author_link":"https:\/\/teslafm.net\/en\/author\/cravan\/"},"rttpg_comment":0,"rttpg_category":null,"rttpg_excerpt":"El Velo de Isis #3 Marga Gil Ro\u00ebsset Hace tres a\u00f1os, en las p\u00e1ginas de ABC Cultural del 7 de febrero de 1997, Blanca Beras\u00e1tegui recuper\u00f3, desde el perfil humano y literario, la memoria de Margarita Gil Ro\u00ebsset, nacida en Madrid, el 1908 y fallecida en la misma ciudad en 1932. Dibujante y escultora, que,&hellip;","_links":{"self":[{"href":"https:\/\/teslafm.net\/en\/wp-json\/wp\/v2\/pages\/953","targetHints":{"allow":["GET"]}}],"collection":[{"href":"https:\/\/teslafm.net\/en\/wp-json\/wp\/v2\/pages"}],"about":[{"href":"https:\/\/teslafm.net\/en\/wp-json\/wp\/v2\/types\/page"}],"author":[{"embeddable":true,"href":"https:\/\/teslafm.net\/en\/wp-json\/wp\/v2\/users\/19"}],"replies":[{"embeddable":true,"href":"https:\/\/teslafm.net\/en\/wp-json\/wp\/v2\/comments?post=953"}],"version-history":[{"count":15,"href":"https:\/\/teslafm.net\/en\/wp-json\/wp\/v2\/pages\/953\/revisions"}],"predecessor-version":[{"id":61687,"href":"https:\/\/teslafm.net\/en\/wp-json\/wp\/v2\/pages\/953\/revisions\/61687"}],"wp:attachment":[{"href":"https:\/\/teslafm.net\/en\/wp-json\/wp\/v2\/media?parent=953"}],"curies":[{"name":"wp","href":"https:\/\/api.w.org\/{rel}","templated":true}]}}