

{"id":963,"date":"2018-12-17T19:38:07","date_gmt":"2018-12-17T18:38:07","guid":{"rendered":"https:\/\/teslafm.net\/?page_id=963"},"modified":"2020-10-04T14:10:45","modified_gmt":"2020-10-04T12:10:45","slug":"la-electroacustica-sovietica-al-amparo-de-la-tecnica-maria-gelpi","status":"publish","type":"page","link":"https:\/\/teslafm.net\/en\/la-electroacustica-sovietica-al-amparo-de-la-tecnica-maria-gelpi\/","title":{"rendered":"Soviet Electroacoustics under the protection of technology - Mar\u00eda Gelp\u00ed"},"content":{"rendered":"<div data-elementor-type=\"wp-page\" data-elementor-id=\"963\" class=\"elementor elementor-963\">\n\t\t\t\t\t\t<section class=\"elementor-section elementor-top-section elementor-element elementor-element-d6e8b63 elementor-section-boxed elementor-section-height-default elementor-section-height-default\" data-id=\"d6e8b63\" data-element_type=\"section\" data-e-type=\"section\">\n\t\t\t\t\t\t<div class=\"elementor-container elementor-column-gap-default\">\n\t\t\t\t\t<div class=\"elementor-column elementor-col-100 elementor-top-column elementor-element elementor-element-4bd8b2a\" data-id=\"4bd8b2a\" data-element_type=\"column\" data-e-type=\"column\">\n\t\t\t<div class=\"elementor-widget-wrap elementor-element-populated\">\n\t\t\t\t\t\t<div class=\"elementor-element elementor-element-374dfb5 elementor-widget elementor-widget-heading\" data-id=\"374dfb5\" data-element_type=\"widget\" data-e-type=\"widget\" data-widget_type=\"heading.default\">\n\t\t\t\t<div class=\"elementor-widget-container\">\n\t\t\t\t\t<h2 class=\"elementor-heading-title elementor-size-default\">Soviet Electroacoustics under the protection of technology - Mar\u00eda Gelp\u00ed<\/h2>\t\t\t\t<\/div>\n\t\t\t\t<\/div>\n\t\t\t\t\t<\/div>\n\t\t<\/div>\n\t\t\t\t\t<\/div>\n\t\t<\/section>\n\t\t\t\t<section class=\"elementor-section elementor-top-section elementor-element elementor-element-fc101b0 elementor-section-boxed elementor-section-height-default elementor-section-height-default\" data-id=\"fc101b0\" data-element_type=\"section\" data-e-type=\"section\">\n\t\t\t\t\t\t<div class=\"elementor-container elementor-column-gap-default\">\n\t\t\t\t\t<div class=\"elementor-column elementor-col-100 elementor-top-column elementor-element elementor-element-e4d0ea5\" data-id=\"e4d0ea5\" data-element_type=\"column\" data-e-type=\"column\">\n\t\t\t<div class=\"elementor-widget-wrap elementor-element-populated\">\n\t\t\t\t\t\t<div class=\"elementor-element elementor-element-458de2b elementor-widget elementor-widget-spacer\" data-id=\"458de2b\" data-element_type=\"widget\" data-e-type=\"widget\" data-widget_type=\"spacer.default\">\n\t\t\t\t<div class=\"elementor-widget-container\">\n\t\t\t\t\t\t\t<div class=\"elementor-spacer\">\n\t\t\t<div class=\"elementor-spacer-inner\"><\/div>\n\t\t<\/div>\n\t\t\t\t\t\t<\/div>\n\t\t\t\t<\/div>\n\t\t\t\t\t<\/div>\n\t\t<\/div>\n\t\t\t\t\t<\/div>\n\t\t<\/section>\n\t\t\t\t<section class=\"elementor-section elementor-top-section elementor-element elementor-element-5c1311e3 elementor-section-boxed elementor-section-height-default elementor-section-height-default\" data-id=\"5c1311e3\" data-element_type=\"section\" data-e-type=\"section\">\n\t\t\t\t\t\t<div class=\"elementor-container elementor-column-gap-default\">\n\t\t\t\t\t<div class=\"elementor-column elementor-col-100 elementor-top-column elementor-element elementor-element-1007439\" data-id=\"1007439\" data-element_type=\"column\" data-e-type=\"column\">\n\t\t\t<div class=\"elementor-widget-wrap elementor-element-populated\">\n\t\t\t\t\t\t<div class=\"elementor-element elementor-element-29d18f59 elementor-widget elementor-widget-text-editor\" data-id=\"29d18f59\" data-element_type=\"widget\" data-e-type=\"widget\" data-widget_type=\"text-editor.default\">\n\t\t\t\t<div class=\"elementor-widget-container\">\n\t\t\t\t\t\t\t\t\t<p><iframe src=\"https:\/\/www.mixcloud.com\/widget\/iframe\/?hide_cover=1&amp;feed=%2FTeslafm_net%2Fla-electroac%C3%BAstica-sovi%C3%A9tica-al-amparo-de-la-t%C3%A9cnica-mar%C3%ADa-gelp%C3%AD%2F\" width=\"100%\" height=\"120\" frameborder=\"0\"><\/iframe><\/p><p><span style=\"color: #808080;\">Last Wednesday, November 7th, <b>Maria Gelp\u00ed<\/b> held the conference <i>\"Soviet Electroacoustics under the cover of technology\".<\/i> within the XXV Meeting Point - <b>Sound Arts and Electroacoustic Music Festival<\/b>organized by AMEE in collaboration with <b>Phonos\/UPF <\/b>and with the support of <b>INAEM<\/b>.<br \/><br \/><\/span><\/p><p><span style=\"color: #808080;\"><strong>INTRODUCTION<\/strong><\/span><\/p><p><span style=\"color: #808080;\">When the Russian avant-garde was curtailed in favor of realism, both formalism and artistic experimentation had to take refuge in other disciplines within the political framework of the emerging USSR if they wanted to survive. Firstly, in the strictly political sphere, although initially the intention to break with the framework of bourgeois society was a common point in both social agents, the artistic and the political, once the foundations of a new society and new values were established, any hint of a renovating intention would be postponed under the yoke of the purges. The other element pointed out here is the technophilia that, far from being a copy of European futurism, rests on ideological components such as cosmism, assumed by the left-wing Bolshevik Otzovites, which sustains this experimental emergence of the arts, also in the field of sound.<\/span><\/p><p style=\"text-align: right;\"><span style=\"color: #808080;\"><b>Mar\u00eda Gelp\u00ed Rodr\u00edguez<\/b><\/span><\/p><p><iframe id=\"iframe_container\" src=\"https:\/\/prezi.com\/embed\/yfbxbrwabty5\/?bgcolor=ffffff&amp;lock_to_path=0&amp;autoplay=0&amp;autohide_ctrls=0&amp;landing_data=bHVZZmNaNDBIWnNjdEVENDRhZDFNZGNIUE43MHdLNWpsdFJLb2ZHanI5bHdQRTh3akJ0VWt5amF3U21mWXhmQWFnPT0&amp;landing_sign=egKY2u4P3qJiYKqugjSKRdwVQ56N3KGD5BVThCeNi_o\" width=\"850\" height=\"700\" frameborder=\"0\" allowfullscreen=\"allowfullscreen\"><\/iframe><\/p>\t\t\t\t\t\t\t\t<\/div>\n\t\t\t\t<\/div>\n\t\t\t\t\t<\/div>\n\t\t<\/div>\n\t\t\t\t\t<\/div>\n\t\t<\/section>\n\t\t\t\t<\/div>","protected":false},"excerpt":{"rendered":"<p>La Electroac\u00fastica Sovi\u00e9tica al amparo de la t\u00e9cnica &#8211; Mar\u00eda Gelp\u00ed El pasado Mi\u00e9rcoles 7 de Noviembre, Mar\u00eda Gelp\u00ed realiz\u00f3 la conferencia \u00abLa Electroac\u00fastica Sovi\u00e9tica al amparo de la t\u00e9cnica\u00bb dentro del XXV Punto de Encuentro &#8211; Festival de Artes Sonoras y m\u00fasicas Electroac\u00fasticas, organizado por la AMEE en colaboraci\u00f3n con Phonos\/UPF y con el [&hellip;]<\/p>\n","protected":false},"author":19,"featured_media":0,"parent":0,"menu_order":0,"comment_status":"closed","ping_status":"closed","template":"","meta":{"footnotes":""},"class_list":["post-963","page","type-page","status-publish","hentry"],"yoast_head":"<!-- This site is optimized with the Yoast SEO plugin v27.4 - https:\/\/yoast.com\/product\/yoast-seo-wordpress\/ -->\n<title>La Electroac\u00fastica Sovi\u00e9tica al amparo de la t\u00e9cnica - Mar\u00eda Gelp\u00ed -<\/title>\n<meta name=\"robots\" content=\"index, follow, max-snippet:-1, max-image-preview:large, max-video-preview:-1\" \/>\n<link rel=\"canonical\" href=\"https:\/\/teslafm.net\/en\/la-electroacustica-sovietica-al-amparo-de-la-tecnica-maria-gelpi\/\" \/>\n<meta property=\"og:locale\" content=\"en_US\" \/>\n<meta property=\"og:type\" content=\"article\" \/>\n<meta property=\"og:title\" content=\"La Electroac\u00fastica Sovi\u00e9tica al amparo de la t\u00e9cnica - Mar\u00eda Gelp\u00ed -\" \/>\n<meta property=\"og:description\" content=\"La Electroac\u00fastica Sovi\u00e9tica al amparo de la t\u00e9cnica &#8211; Mar\u00eda Gelp\u00ed El pasado Mi\u00e9rcoles 7 de Noviembre, Mar\u00eda Gelp\u00ed realiz\u00f3 la conferencia \u00abLa Electroac\u00fastica Sovi\u00e9tica al amparo de la t\u00e9cnica\u00bb dentro del XXV Punto de Encuentro &#8211; Festival de Artes Sonoras y m\u00fasicas Electroac\u00fasticas, organizado por la AMEE en colaboraci\u00f3n con Phonos\/UPF y con el [&hellip;]\" \/>\n<meta property=\"og:url\" content=\"https:\/\/teslafm.net\/en\/la-electroacustica-sovietica-al-amparo-de-la-tecnica-maria-gelpi\/\" \/>\n<meta property=\"article:publisher\" content=\"https:\/\/www.facebook.com\/teslafm.net\" \/>\n<meta property=\"article:modified_time\" content=\"2020-10-04T12:10:45+00:00\" \/>\n<meta property=\"og:image\" content=\"https:\/\/teslafm.net\/wp-content\/uploads\/2022\/09\/header-image-4-temp.png\" \/>\n\t<meta property=\"og:image:width\" content=\"1274\" \/>\n\t<meta property=\"og:image:height\" content=\"818\" \/>\n\t<meta property=\"og:image:type\" content=\"image\/png\" \/>\n<meta name=\"twitter:card\" content=\"summary_large_image\" \/>\n<meta name=\"twitter:site\" content=\"@teslafm\" \/>\n<meta name=\"twitter:label1\" content=\"Est. reading time\" \/>\n\t<meta name=\"twitter:data1\" content=\"1 minute\" \/>\n<script type=\"application\/ld+json\" class=\"yoast-schema-graph\">{\"@context\":\"https:\\\/\\\/schema.org\",\"@graph\":[{\"@type\":\"WebPage\",\"@id\":\"https:\\\/\\\/teslafm.net\\\/la-electroacustica-sovietica-al-amparo-de-la-tecnica-maria-gelpi\\\/\",\"url\":\"https:\\\/\\\/teslafm.net\\\/la-electroacustica-sovietica-al-amparo-de-la-tecnica-maria-gelpi\\\/\",\"name\":\"La Electroac\u00fastica Sovi\u00e9tica al amparo de la t\u00e9cnica - Mar\u00eda Gelp\u00ed -\",\"isPartOf\":{\"@id\":\"https:\\\/\\\/teslafm.net\\\/#website\"},\"datePublished\":\"2018-12-17T18:38:07+00:00\",\"dateModified\":\"2020-10-04T12:10:45+00:00\",\"breadcrumb\":{\"@id\":\"https:\\\/\\\/teslafm.net\\\/la-electroacustica-sovietica-al-amparo-de-la-tecnica-maria-gelpi\\\/#breadcrumb\"},\"inLanguage\":\"en-US\",\"potentialAction\":[{\"@type\":\"ReadAction\",\"target\":[\"https:\\\/\\\/teslafm.net\\\/la-electroacustica-sovietica-al-amparo-de-la-tecnica-maria-gelpi\\\/\"]}]},{\"@type\":\"BreadcrumbList\",\"@id\":\"https:\\\/\\\/teslafm.net\\\/la-electroacustica-sovietica-al-amparo-de-la-tecnica-maria-gelpi\\\/#breadcrumb\",\"itemListElement\":[{\"@type\":\"ListItem\",\"position\":1,\"name\":\"Portada\",\"item\":\"https:\\\/\\\/teslafm.net\\\/\"},{\"@type\":\"ListItem\",\"position\":2,\"name\":\"La Electroac\u00fastica Sovi\u00e9tica al amparo de la t\u00e9cnica &#8211; Mar\u00eda Gelp\u00ed\"}]},{\"@type\":\"WebSite\",\"@id\":\"https:\\\/\\\/teslafm.net\\\/#website\",\"url\":\"https:\\\/\\\/teslafm.net\\\/\",\"name\":\"TeslaFM\",\"description\":\"An experimental and creative radio\",\"publisher\":{\"@id\":\"https:\\\/\\\/teslafm.net\\\/#organization\"},\"potentialAction\":[{\"@type\":\"SearchAction\",\"target\":{\"@type\":\"EntryPoint\",\"urlTemplate\":\"https:\\\/\\\/teslafm.net\\\/?s={search_term_string}\"},\"query-input\":{\"@type\":\"PropertyValueSpecification\",\"valueRequired\":true,\"valueName\":\"search_term_string\"}}],\"inLanguage\":\"en-US\"},{\"@type\":\"Organization\",\"@id\":\"https:\\\/\\\/teslafm.net\\\/#organization\",\"name\":\"TeslaFM\",\"url\":\"https:\\\/\\\/teslafm.net\\\/\",\"logo\":{\"@type\":\"ImageObject\",\"inLanguage\":\"en-US\",\"@id\":\"https:\\\/\\\/teslafm.net\\\/#\\\/schema\\\/logo\\\/image\\\/\",\"url\":\"https:\\\/\\\/teslafm.net\\\/wp-content\\\/uploads\\\/2020\\\/06\\\/logo-tesla.png\",\"contentUrl\":\"https:\\\/\\\/teslafm.net\\\/wp-content\\\/uploads\\\/2020\\\/06\\\/logo-tesla.png\",\"width\":512,\"height\":512,\"caption\":\"TeslaFM\"},\"image\":{\"@id\":\"https:\\\/\\\/teslafm.net\\\/#\\\/schema\\\/logo\\\/image\\\/\"},\"sameAs\":[\"https:\\\/\\\/www.facebook.com\\\/teslafm.net\",\"https:\\\/\\\/x.com\\\/teslafm\"]}]}<\/script>\n<!-- \/ Yoast SEO plugin. -->","yoast_head_json":{"title":"Soviet Electroacoustics under the protection of the technique - Mar\u00eda Gelp\u00ed -","robots":{"index":"index","follow":"follow","max-snippet":"max-snippet:-1","max-image-preview":"max-image-preview:large","max-video-preview":"max-video-preview:-1"},"canonical":"https:\/\/teslafm.net\/en\/la-electroacustica-sovietica-al-amparo-de-la-tecnica-maria-gelpi\/","og_locale":"en_US","og_type":"article","og_title":"La Electroac\u00fastica Sovi\u00e9tica al amparo de la t\u00e9cnica - Mar\u00eda Gelp\u00ed -","og_description":"La Electroac\u00fastica Sovi\u00e9tica al amparo de la t\u00e9cnica &#8211; Mar\u00eda Gelp\u00ed El pasado Mi\u00e9rcoles 7 de Noviembre, Mar\u00eda Gelp\u00ed realiz\u00f3 la conferencia \u00abLa Electroac\u00fastica Sovi\u00e9tica al amparo de la t\u00e9cnica\u00bb dentro del XXV Punto de Encuentro &#8211; Festival de Artes Sonoras y m\u00fasicas Electroac\u00fasticas, organizado por la AMEE en colaboraci\u00f3n con Phonos\/UPF y con el [&hellip;]","og_url":"https:\/\/teslafm.net\/en\/la-electroacustica-sovietica-al-amparo-de-la-tecnica-maria-gelpi\/","article_publisher":"https:\/\/www.facebook.com\/teslafm.net","article_modified_time":"2020-10-04T12:10:45+00:00","og_image":[{"width":1274,"height":818,"url":"https:\/\/teslafm.net\/wp-content\/uploads\/2022\/09\/header-image-4-temp.png","type":"image\/png"}],"twitter_card":"summary_large_image","twitter_site":"@teslafm","twitter_misc":{"Est. reading time":"1 minute"},"schema":{"@context":"https:\/\/schema.org","@graph":[{"@type":"WebPage","@id":"https:\/\/teslafm.net\/la-electroacustica-sovietica-al-amparo-de-la-tecnica-maria-gelpi\/","url":"https:\/\/teslafm.net\/la-electroacustica-sovietica-al-amparo-de-la-tecnica-maria-gelpi\/","name":"Soviet Electroacoustics under the protection of the technique - Mar\u00eda Gelp\u00ed -","isPartOf":{"@id":"https:\/\/teslafm.net\/#website"},"datePublished":"2018-12-17T18:38:07+00:00","dateModified":"2020-10-04T12:10:45+00:00","breadcrumb":{"@id":"https:\/\/teslafm.net\/la-electroacustica-sovietica-al-amparo-de-la-tecnica-maria-gelpi\/#breadcrumb"},"inLanguage":"en-US","potentialAction":[{"@type":"ReadAction","target":["https:\/\/teslafm.net\/la-electroacustica-sovietica-al-amparo-de-la-tecnica-maria-gelpi\/"]}]},{"@type":"BreadcrumbList","@id":"https:\/\/teslafm.net\/la-electroacustica-sovietica-al-amparo-de-la-tecnica-maria-gelpi\/#breadcrumb","itemListElement":[{"@type":"ListItem","position":1,"name":"Portada","item":"https:\/\/teslafm.net\/"},{"@type":"ListItem","position":2,"name":"La Electroac\u00fastica Sovi\u00e9tica al amparo de la t\u00e9cnica &#8211; Mar\u00eda Gelp\u00ed"}]},{"@type":"WebSite","@id":"https:\/\/teslafm.net\/#website","url":"https:\/\/teslafm.net\/","name":"TeslaFM","description":"An experimental and creative radio","publisher":{"@id":"https:\/\/teslafm.net\/#organization"},"potentialAction":[{"@type":"SearchAction","target":{"@type":"EntryPoint","urlTemplate":"https:\/\/teslafm.net\/?s={search_term_string}"},"query-input":{"@type":"PropertyValueSpecification","valueRequired":true,"valueName":"search_term_string"}}],"inLanguage":"en-US"},{"@type":"Organization","@id":"https:\/\/teslafm.net\/#organization","name":"TeslaFM","url":"https:\/\/teslafm.net\/","logo":{"@type":"ImageObject","inLanguage":"en-US","@id":"https:\/\/teslafm.net\/#\/schema\/logo\/image\/","url":"https:\/\/teslafm.net\/wp-content\/uploads\/2020\/06\/logo-tesla.png","contentUrl":"https:\/\/teslafm.net\/wp-content\/uploads\/2020\/06\/logo-tesla.png","width":512,"height":512,"caption":"TeslaFM"},"image":{"@id":"https:\/\/teslafm.net\/#\/schema\/logo\/image\/"},"sameAs":["https:\/\/www.facebook.com\/teslafm.net","https:\/\/x.com\/teslafm"]}]}},"rttpg_featured_image_url":null,"rttpg_author":{"display_name":"Ishak","author_link":"https:\/\/teslafm.net\/en\/author\/cravan\/"},"rttpg_comment":0,"rttpg_category":null,"rttpg_excerpt":"La Electroac\u00fastica Sovi\u00e9tica al amparo de la t\u00e9cnica &#8211; Mar\u00eda Gelp\u00ed El pasado Mi\u00e9rcoles 7 de Noviembre, Mar\u00eda Gelp\u00ed realiz\u00f3 la conferencia \u00abLa Electroac\u00fastica Sovi\u00e9tica al amparo de la t\u00e9cnica\u00bb dentro del XXV Punto de Encuentro &#8211; Festival de Artes Sonoras y m\u00fasicas Electroac\u00fasticas, organizado por la AMEE en colaboraci\u00f3n con Phonos\/UPF y con el&hellip;","_links":{"self":[{"href":"https:\/\/teslafm.net\/en\/wp-json\/wp\/v2\/pages\/963","targetHints":{"allow":["GET"]}}],"collection":[{"href":"https:\/\/teslafm.net\/en\/wp-json\/wp\/v2\/pages"}],"about":[{"href":"https:\/\/teslafm.net\/en\/wp-json\/wp\/v2\/types\/page"}],"author":[{"embeddable":true,"href":"https:\/\/teslafm.net\/en\/wp-json\/wp\/v2\/users\/19"}],"replies":[{"embeddable":true,"href":"https:\/\/teslafm.net\/en\/wp-json\/wp\/v2\/comments?post=963"}],"version-history":[{"count":7,"href":"https:\/\/teslafm.net\/en\/wp-json\/wp\/v2\/pages\/963\/revisions"}],"predecessor-version":[{"id":64304,"href":"https:\/\/teslafm.net\/en\/wp-json\/wp\/v2\/pages\/963\/revisions\/64304"}],"wp:attachment":[{"href":"https:\/\/teslafm.net\/en\/wp-json\/wp\/v2\/media?parent=963"}],"curies":[{"name":"wp","href":"https:\/\/api.w.org\/{rel}","templated":true}]}}