

{"id":996,"date":"2018-12-17T21:37:57","date_gmt":"2018-12-17T20:37:57","guid":{"rendered":"https:\/\/teslafm.net\/?page_id=996"},"modified":"2021-01-23T10:43:48","modified_gmt":"2021-01-23T09:43:48","slug":"la-pantalla-silenciosa-2","status":"publish","type":"page","link":"https:\/\/teslafm.net\/en\/la-pantalla-silenciosa-2\/","title":{"rendered":"#2 Silent Display"},"content":{"rendered":"<div data-elementor-type=\"wp-page\" data-elementor-id=\"996\" class=\"elementor elementor-996\">\n\t\t\t\t\t\t<section class=\"elementor-section elementor-top-section elementor-element elementor-element-3f968b80 elementor-section-boxed elementor-section-height-default elementor-section-height-default\" data-id=\"3f968b80\" data-element_type=\"section\" data-e-type=\"section\">\n\t\t\t\t\t\t<div class=\"elementor-container elementor-column-gap-default\">\n\t\t\t\t\t<div class=\"elementor-column elementor-col-100 elementor-top-column elementor-element elementor-element-4d4a0492\" data-id=\"4d4a0492\" data-element_type=\"column\" data-e-type=\"column\">\n\t\t\t<div class=\"elementor-widget-wrap elementor-element-populated\">\n\t\t\t\t\t\t<div class=\"elementor-element elementor-element-50ad8d8e elementor-widget elementor-widget-text-editor\" data-id=\"50ad8d8e\" data-element_type=\"widget\" data-e-type=\"widget\" data-widget_type=\"text-editor.default\">\n\t\t\t\t<div class=\"elementor-widget-container\">\n\t\t\t\t\t\t\t\t\t<h2><span style=\"color: #ffffff;\"><strong>#2 Silent Display<\/strong><\/span><\/h2>\n<p><span style=\"color: #808080;\"><em>Battleship Potemkin (1925) BSO by Edmund Miesel<\/em><\/span><\/p>\n<p><iframe src=\"https:\/\/www.mixcloud.com\/widget\/iframe\/?hide_cover=1&amp;feed=%2FTeslafm_net%2Fla-pantalla-silenciosa-2-lxs-valientes-duermen-solxs%2F\" width=\"100%\" height=\"120\" frameborder=\"0\"><\/iframe><\/p>\n<p><span style=\"color: #808080;\"><b>Bronenonsets Potyomkin<\/b> (Battleship Potemkin, Russia, 1925) 65' B\/W. Production: <b>Goskino<\/b>. Address of <b>Sergei M. Einsenstein<\/b>. Script: <b>Sergei M. Einsenstein<\/b>, <b>Nina Agadhanova-Shutko<\/b>. Photograph by <b>Eduard Tisse, V. Popov<\/b>. Music by <b>Edmund Meisel<\/b>. Interpreters: <b>Antonov, Alexondrov<\/b>, <b>Vladimir Barksy<\/b>, <b>Levshin<\/b>, <b>Gomarov<\/b>, <b>Strauch<\/b>.<\/span><\/p>\n<p class=\"p1\"><span style=\"color: #808080;\"><i>\"It is sometimes strange that in matters of practice in sound film I seem to be the last to arrive at the finish line. At the time of its inauguration I was the youngest of all the directors and now I seem to be the last to take part in the work. But on closer examination I see that this is not so. My first work on sound film was in 1926 and in connection (again!) with Potemkin.<\/i><\/span><\/p>\n<p class=\"p1\"><span style=\"color: #808080;\"><i><b>Potemkin<\/b>at least in its foreign circulation, had a score expressly written by the composer. <b>Edmund Meisel<\/b>who had written music for other silent films. This was nothing unusual, since there are many silent films that have special scores, as well as music had been used for the filming of some movies; for example. <b>Ludwig Berge<\/b> had filmed <b>Ein Walzertraum<\/b> about music by <b>Strauss<\/b>.<\/i><\/span><\/p>\n<p class=\"p1\"><span style=\"color: #808080;\"><i>But the way in which the score was composed for <b>Potemkin<\/b> was no longer so usual, for it was written as we work now in sound film, or rather, as we should always work, in creative friendship and friendly creative collaboration between composer and director. So it happened in <b>Meisel<\/b>Despite the short time he had for the composition and the short visit to Berlin to meet him. He immediately agreed to leave aside the purely illustrative function, which was common in the musical accompaniment of that time (and not only that time), and to give importance to certain \"effects\", particularly in the \"machine music\" in the last part. My only categorical request was the following: not only to reject the usual melodic music in the shot of \"Encounter with the square\" and to rely only on a rhythmic repeated percussion sound, but also to give substance to this request by establishing in the music, as in the film, a change to a new quality in the sound structure at the decisive place.<\/i><\/span><\/p>\n<p class=\"p1\"><span style=\"color: #808080;\"><i>So it is that <b>Potemkin<\/b> was the film that stylistically crossed the boundaries of the \"silent film with musical illustrations\" reaching a new sphere, the sound film, in which the true models of this art form live in a unity fused in musical and visual images of the work of an auditory-visual image at the same time. It is exactly due to these elements that, anticipating the potentialities of an internal substance for the composition of a solo film, the sequence of \"Meeting with the squadron\" (which together with \"The Odessa bleachers\" has caused such a transforming effect abroad) deserved a prominent place in the anthology of cinema.<\/i><\/span><\/p>\n<p class=\"p1\"><span style=\"color: #808080;\"><i>It is of particular interest to me that the overall construction of the <b>Potemkin<\/b> to maintain in the music all that was striking in its pathetic construction, the condition of a qualitative step, which, as we have seen before, was inseparable from the organism of the theme.<\/i><\/span><\/p>\n<p class=\"p1\"><span style=\"color: #808080;\"><i>The silent one <b>Potemkin<\/b> teaches a lesson to the sound film, stressing again and again the position that an organic work must be permeated in all its meanings by a simple law of construction, and that in order not to be something \"offstage,\" but an integral part of the film, the music must also be governed not only by the same images and themes, but also by the same basic laws and principles of construction that govern the work as a whole.<\/i><\/span><\/p>\n<p class=\"p1\"><span style=\"color: #808080;\"><i>It didn't take long before I was able to realize this, to a high degree, in my first sound film, <b>Alexander Newsky<\/b>This was possible thanks to the collaboration of such a brilliant and wonderful artist as Sergei Prokofiev (1939)\".<\/i><\/span><\/p>\n<p class=\"p1\"><span style=\"color: #808080;\">Film theory and technique, by <em><strong>Sergei M. Eisenstein<\/strong><\/em>. Published by <em><strong>Ediciones Rialp<\/strong><\/em>collection <em><strong>Film Books<\/strong><\/em>Madrid, 2002. Pages 231 and 232.<\/span><\/p>\n<p class=\"p1\"><span style=\"color: #808080;\"><i>\"<strong>Edmund Meisel<\/strong>Austrian violinist of the Berlin Philharmonic Orchestra, composer for the <strong>Deutsches Theatre with Max Reinhardt<\/strong> and for <strong>Prometheus-Film<\/strong>He wrote the music for the German distribution versions of the <strong>Potemkin<\/strong> and October and for Berlin.\"<\/i><\/span><\/p>\n<p class=\"p1\"><span style=\"color: #808080;\">Symphony of a great city, by <strong>Walter Ruttmann<\/strong>Germany, 1929.<span class=\"Apple-converted-space\">&nbsp; &nbsp;<\/span><\/span><\/p>\n<p><em><span style=\"color: #808080;\">\"The film was banned in many countries, and in some countries its editing was even manipulated to prevent it from conveying its revolutionary message. The historian <strong>Rom\u00e1n Gubern<\/strong> He said: \"The Swedish distributor encountered problems with the censors, who would not authorize the film. As he did not want to lose the investment he had made, he redid the editing. That man took the shots of the firing squad, of the repression of the officers, and put them at the end, so that the rebellion would not triumph. And so Battleship Potemkin was shown in Sweden. It circulated as a counter-revolutionary film, whose moral was that he who revolts, gets it.\"<\/span><\/em><\/p>\n<p><span style=\"color: #808080;\">JEWELS of the Mute Cinema, by <strong>Vicente Romero<\/strong>. Published in Editorial Complutense, Madrid, June 1996. Page 211.<\/span><\/p>\t\t\t\t\t\t\t\t<\/div>\n\t\t\t\t<\/div>\n\t\t\t\t\t<\/div>\n\t\t<\/div>\n\t\t\t\t\t<\/div>\n\t\t<\/section>\n\t\t\t\t<section class=\"elementor-section elementor-top-section elementor-element elementor-element-36053c9 elementor-section-boxed elementor-section-height-default elementor-section-height-default\" data-id=\"36053c9\" data-element_type=\"section\" data-e-type=\"section\">\n\t\t\t\t\t\t<div class=\"elementor-container elementor-column-gap-default\">\n\t\t\t\t\t<div class=\"elementor-column elementor-col-100 elementor-top-column elementor-element elementor-element-fbdf84f\" data-id=\"fbdf84f\" data-element_type=\"column\" data-e-type=\"column\">\n\t\t\t<div class=\"elementor-widget-wrap elementor-element-populated\">\n\t\t\t\t\t\t<section class=\"elementor-section elementor-inner-section elementor-element elementor-element-8a7ea28 elementor-section-boxed elementor-section-height-default elementor-section-height-default\" data-id=\"8a7ea28\" data-element_type=\"section\" data-e-type=\"section\">\n\t\t\t\t\t\t<div class=\"elementor-container elementor-column-gap-default\">\n\t\t\t\t\t<div class=\"elementor-column elementor-col-50 elementor-inner-column elementor-element elementor-element-0a6540f\" data-id=\"0a6540f\" data-element_type=\"column\" data-e-type=\"column\">\n\t\t\t<div class=\"elementor-widget-wrap elementor-element-populated\">\n\t\t\t\t\t\t<div class=\"elementor-element elementor-element-854febd elementor-widget elementor-widget-image\" data-id=\"854febd\" data-element_type=\"widget\" data-e-type=\"widget\" data-widget_type=\"image.default\">\n\t\t\t\t<div class=\"elementor-widget-container\">\n\t\t\t\t\t\t\t\t\t\t\t\t\t\t\t<img fetchpriority=\"high\" decoding=\"async\" width=\"822\" height=\"1080\" src=\"https:\/\/teslafm.net\/wp-content\/uploads\/2018\/11\/La-pantalla-silenciosa_Edmund-Weisel.jpg\" class=\"attachment-full size-full wp-image-524\" alt=\"\" srcset=\"https:\/\/teslafm.net\/wp-content\/uploads\/2018\/11\/La-pantalla-silenciosa_Edmund-Weisel.jpg 822w, https:\/\/teslafm.net\/wp-content\/uploads\/2018\/11\/La-pantalla-silenciosa_Edmund-Weisel-228x300.jpg 228w, https:\/\/teslafm.net\/wp-content\/uploads\/2018\/11\/La-pantalla-silenciosa_Edmund-Weisel-779x1024.jpg 779w, https:\/\/teslafm.net\/wp-content\/uploads\/2018\/11\/La-pantalla-silenciosa_Edmund-Weisel-768x1009.jpg 768w\" sizes=\"(max-width: 822px) 100vw, 822px\" \/>\t\t\t\t\t\t\t\t\t\t\t\t\t\t\t<\/div>\n\t\t\t\t<\/div>\n\t\t\t\t\t<\/div>\n\t\t<\/div>\n\t\t\t\t<div class=\"elementor-column elementor-col-50 elementor-inner-column elementor-element elementor-element-649db5c\" data-id=\"649db5c\" data-element_type=\"column\" data-e-type=\"column\">\n\t\t\t<div class=\"elementor-widget-wrap elementor-element-populated\">\n\t\t\t\t\t\t<div class=\"elementor-element elementor-element-7255e47 elementor-widget elementor-widget-image\" data-id=\"7255e47\" data-element_type=\"widget\" data-e-type=\"widget\" data-widget_type=\"image.default\">\n\t\t\t\t<div class=\"elementor-widget-container\">\n\t\t\t\t\t\t\t\t\t\t\t\t\t\t\t<img decoding=\"async\" width=\"800\" height=\"443\" src=\"https:\/\/teslafm.net\/wp-content\/uploads\/2018\/11\/La-pantalla-silenciosa_Potemkin-2.jpg\" class=\"attachment-large size-large wp-image-525\" alt=\"\" srcset=\"https:\/\/teslafm.net\/wp-content\/uploads\/2018\/11\/La-pantalla-silenciosa_Potemkin-2.jpg 800w, https:\/\/teslafm.net\/wp-content\/uploads\/2018\/11\/La-pantalla-silenciosa_Potemkin-2-300x166.jpg 300w, https:\/\/teslafm.net\/wp-content\/uploads\/2018\/11\/La-pantalla-silenciosa_Potemkin-2-768x425.jpg 768w\" sizes=\"(max-width: 800px) 100vw, 800px\" \/>\t\t\t\t\t\t\t\t\t\t\t\t\t\t\t<\/div>\n\t\t\t\t<\/div>\n\t\t\t\t\t<\/div>\n\t\t<\/div>\n\t\t\t\t\t<\/div>\n\t\t<\/section>\n\t\t\t\t\t<\/div>\n\t\t<\/div>\n\t\t\t\t\t<\/div>\n\t\t<\/section>\n\t\t\t\t<\/div>","protected":false},"excerpt":{"rendered":"<p>La Pantalla Silenciosa #2 El acorazado Potemkin (1925) BSO por Edmund Miesel Bronenonsets Potyomkin (El acorazado Potemkin, Rusia, 1925) 65\u2019 B\/N. Producci\u00f3n: Goskino. Direcci\u00f3n de Sergei M. Einsenstein. Gui\u00f3n: Sergei M. Einsenstein, Nina Agadhanova-Shutko. Fotograf\u00eda de Eduard Tisse, V. Popov. M\u00fasica de Edmund Meisel. Int\u00e9rpretes: Antonov, Alexondrov, Vladimir Barksy, Levshin, Gomarov, Strauch. \u00abA veces resulta [&hellip;]<\/p>\n","protected":false},"author":19,"featured_media":0,"parent":0,"menu_order":0,"comment_status":"closed","ping_status":"closed","template":"","meta":{"footnotes":""},"class_list":["post-996","page","type-page","status-publish","hentry"],"yoast_head":"<!-- This site is optimized with the Yoast SEO plugin v27.2 - https:\/\/yoast.com\/product\/yoast-seo-wordpress\/ -->\n<title>La Pantalla Silenciosa #2 -<\/title>\n<meta name=\"robots\" content=\"index, follow, max-snippet:-1, max-image-preview:large, max-video-preview:-1\" \/>\n<link rel=\"canonical\" href=\"https:\/\/teslafm.net\/en\/la-pantalla-silenciosa-2\/\" \/>\n<meta property=\"og:locale\" content=\"en_US\" \/>\n<meta property=\"og:type\" content=\"article\" \/>\n<meta property=\"og:title\" content=\"La Pantalla Silenciosa #2 -\" \/>\n<meta property=\"og:description\" content=\"La Pantalla Silenciosa #2 El acorazado Potemkin (1925) BSO por Edmund Miesel Bronenonsets Potyomkin (El acorazado Potemkin, Rusia, 1925) 65\u2019 B\/N. Producci\u00f3n: Goskino. Direcci\u00f3n de Sergei M. Einsenstein. Gui\u00f3n: Sergei M. Einsenstein, Nina Agadhanova-Shutko. Fotograf\u00eda de Eduard Tisse, V. Popov. M\u00fasica de Edmund Meisel. Int\u00e9rpretes: Antonov, Alexondrov, Vladimir Barksy, Levshin, Gomarov, Strauch. \u00abA veces resulta [&hellip;]\" \/>\n<meta property=\"og:url\" content=\"https:\/\/teslafm.net\/en\/la-pantalla-silenciosa-2\/\" \/>\n<meta property=\"article:publisher\" content=\"https:\/\/www.facebook.com\/teslafm.net\" \/>\n<meta property=\"article:modified_time\" content=\"2021-01-23T09:43:48+00:00\" \/>\n<meta property=\"og:image\" content=\"https:\/\/teslafm.net\/wp-content\/uploads\/2018\/11\/La-pantalla-silenciosa_Edmund-Weisel.jpg\" \/>\n<meta name=\"twitter:card\" content=\"summary_large_image\" \/>\n<meta name=\"twitter:site\" content=\"@teslafm\" \/>\n<meta name=\"twitter:label1\" content=\"Est. reading time\" \/>\n\t<meta name=\"twitter:data1\" content=\"5 minutes\" \/>\n<script type=\"application\/ld+json\" class=\"yoast-schema-graph\">{\"@context\":\"https:\/\/schema.org\",\"@graph\":[{\"@type\":\"WebPage\",\"@id\":\"https:\/\/teslafm.net\/la-pantalla-silenciosa-2\/\",\"url\":\"https:\/\/teslafm.net\/la-pantalla-silenciosa-2\/\",\"name\":\"La Pantalla Silenciosa #2 -\",\"isPartOf\":{\"@id\":\"https:\/\/teslafm.net\/#website\"},\"primaryImageOfPage\":{\"@id\":\"https:\/\/teslafm.net\/la-pantalla-silenciosa-2\/#primaryimage\"},\"image\":{\"@id\":\"https:\/\/teslafm.net\/la-pantalla-silenciosa-2\/#primaryimage\"},\"thumbnailUrl\":\"https:\/\/teslafm.net\/wp-content\/uploads\/2018\/11\/La-pantalla-silenciosa_Edmund-Weisel.jpg\",\"datePublished\":\"2018-12-17T20:37:57+00:00\",\"dateModified\":\"2021-01-23T09:43:48+00:00\",\"breadcrumb\":{\"@id\":\"https:\/\/teslafm.net\/la-pantalla-silenciosa-2\/#breadcrumb\"},\"inLanguage\":\"en-US\",\"potentialAction\":[{\"@type\":\"ReadAction\",\"target\":[\"https:\/\/teslafm.net\/la-pantalla-silenciosa-2\/\"]}]},{\"@type\":\"ImageObject\",\"inLanguage\":\"en-US\",\"@id\":\"https:\/\/teslafm.net\/la-pantalla-silenciosa-2\/#primaryimage\",\"url\":\"https:\/\/teslafm.net\/wp-content\/uploads\/2018\/11\/La-pantalla-silenciosa_Edmund-Weisel.jpg\",\"contentUrl\":\"https:\/\/teslafm.net\/wp-content\/uploads\/2018\/11\/La-pantalla-silenciosa_Edmund-Weisel.jpg\"},{\"@type\":\"BreadcrumbList\",\"@id\":\"https:\/\/teslafm.net\/la-pantalla-silenciosa-2\/#breadcrumb\",\"itemListElement\":[{\"@type\":\"ListItem\",\"position\":1,\"name\":\"Portada\",\"item\":\"https:\/\/teslafm.net\/\"},{\"@type\":\"ListItem\",\"position\":2,\"name\":\"La Pantalla Silenciosa #2\"}]},{\"@type\":\"WebSite\",\"@id\":\"https:\/\/teslafm.net\/#website\",\"url\":\"https:\/\/teslafm.net\/\",\"name\":\"TeslaFM\",\"description\":\"An experimental and creative radio\",\"publisher\":{\"@id\":\"https:\/\/teslafm.net\/#organization\"},\"potentialAction\":[{\"@type\":\"SearchAction\",\"target\":{\"@type\":\"EntryPoint\",\"urlTemplate\":\"https:\/\/teslafm.net\/?s={search_term_string}\"},\"query-input\":{\"@type\":\"PropertyValueSpecification\",\"valueRequired\":true,\"valueName\":\"search_term_string\"}}],\"inLanguage\":\"en-US\"},{\"@type\":\"Organization\",\"@id\":\"https:\/\/teslafm.net\/#organization\",\"name\":\"TeslaFM\",\"url\":\"https:\/\/teslafm.net\/\",\"logo\":{\"@type\":\"ImageObject\",\"inLanguage\":\"en-US\",\"@id\":\"https:\/\/teslafm.net\/#\/schema\/logo\/image\/\",\"url\":\"https:\/\/teslafm.net\/wp-content\/uploads\/2020\/06\/logo-tesla.png\",\"contentUrl\":\"https:\/\/teslafm.net\/wp-content\/uploads\/2020\/06\/logo-tesla.png\",\"width\":512,\"height\":512,\"caption\":\"TeslaFM\"},\"image\":{\"@id\":\"https:\/\/teslafm.net\/#\/schema\/logo\/image\/\"},\"sameAs\":[\"https:\/\/www.facebook.com\/teslafm.net\",\"https:\/\/x.com\/teslafm\"]}]}<\/script>\n<!-- \/ Yoast SEO plugin. -->","yoast_head_json":{"title":"The #2 Silent Screen -","robots":{"index":"index","follow":"follow","max-snippet":"max-snippet:-1","max-image-preview":"max-image-preview:large","max-video-preview":"max-video-preview:-1"},"canonical":"https:\/\/teslafm.net\/en\/la-pantalla-silenciosa-2\/","og_locale":"en_US","og_type":"article","og_title":"La Pantalla Silenciosa #2 -","og_description":"La Pantalla Silenciosa #2 El acorazado Potemkin (1925) BSO por Edmund Miesel Bronenonsets Potyomkin (El acorazado Potemkin, Rusia, 1925) 65\u2019 B\/N. Producci\u00f3n: Goskino. Direcci\u00f3n de Sergei M. Einsenstein. Gui\u00f3n: Sergei M. Einsenstein, Nina Agadhanova-Shutko. Fotograf\u00eda de Eduard Tisse, V. Popov. M\u00fasica de Edmund Meisel. Int\u00e9rpretes: Antonov, Alexondrov, Vladimir Barksy, Levshin, Gomarov, Strauch. \u00abA veces resulta [&hellip;]","og_url":"https:\/\/teslafm.net\/en\/la-pantalla-silenciosa-2\/","article_publisher":"https:\/\/www.facebook.com\/teslafm.net","article_modified_time":"2021-01-23T09:43:48+00:00","og_image":[{"url":"https:\/\/teslafm.net\/wp-content\/uploads\/2018\/11\/La-pantalla-silenciosa_Edmund-Weisel.jpg","type":"","width":"","height":""}],"twitter_card":"summary_large_image","twitter_site":"@teslafm","twitter_misc":{"Est. reading time":"5 minutes"},"schema":{"@context":"https:\/\/schema.org","@graph":[{"@type":"WebPage","@id":"https:\/\/teslafm.net\/la-pantalla-silenciosa-2\/","url":"https:\/\/teslafm.net\/la-pantalla-silenciosa-2\/","name":"The #2 Silent Screen -","isPartOf":{"@id":"https:\/\/teslafm.net\/#website"},"primaryImageOfPage":{"@id":"https:\/\/teslafm.net\/la-pantalla-silenciosa-2\/#primaryimage"},"image":{"@id":"https:\/\/teslafm.net\/la-pantalla-silenciosa-2\/#primaryimage"},"thumbnailUrl":"https:\/\/teslafm.net\/wp-content\/uploads\/2018\/11\/La-pantalla-silenciosa_Edmund-Weisel.jpg","datePublished":"2018-12-17T20:37:57+00:00","dateModified":"2021-01-23T09:43:48+00:00","breadcrumb":{"@id":"https:\/\/teslafm.net\/la-pantalla-silenciosa-2\/#breadcrumb"},"inLanguage":"en-US","potentialAction":[{"@type":"ReadAction","target":["https:\/\/teslafm.net\/la-pantalla-silenciosa-2\/"]}]},{"@type":"ImageObject","inLanguage":"en-US","@id":"https:\/\/teslafm.net\/la-pantalla-silenciosa-2\/#primaryimage","url":"https:\/\/teslafm.net\/wp-content\/uploads\/2018\/11\/La-pantalla-silenciosa_Edmund-Weisel.jpg","contentUrl":"https:\/\/teslafm.net\/wp-content\/uploads\/2018\/11\/La-pantalla-silenciosa_Edmund-Weisel.jpg"},{"@type":"BreadcrumbList","@id":"https:\/\/teslafm.net\/la-pantalla-silenciosa-2\/#breadcrumb","itemListElement":[{"@type":"ListItem","position":1,"name":"Portada","item":"https:\/\/teslafm.net\/"},{"@type":"ListItem","position":2,"name":"La Pantalla Silenciosa #2"}]},{"@type":"WebSite","@id":"https:\/\/teslafm.net\/#website","url":"https:\/\/teslafm.net\/","name":"TeslaFM","description":"An experimental and creative radio","publisher":{"@id":"https:\/\/teslafm.net\/#organization"},"potentialAction":[{"@type":"SearchAction","target":{"@type":"EntryPoint","urlTemplate":"https:\/\/teslafm.net\/?s={search_term_string}"},"query-input":{"@type":"PropertyValueSpecification","valueRequired":true,"valueName":"search_term_string"}}],"inLanguage":"en-US"},{"@type":"Organization","@id":"https:\/\/teslafm.net\/#organization","name":"TeslaFM","url":"https:\/\/teslafm.net\/","logo":{"@type":"ImageObject","inLanguage":"en-US","@id":"https:\/\/teslafm.net\/#\/schema\/logo\/image\/","url":"https:\/\/teslafm.net\/wp-content\/uploads\/2020\/06\/logo-tesla.png","contentUrl":"https:\/\/teslafm.net\/wp-content\/uploads\/2020\/06\/logo-tesla.png","width":512,"height":512,"caption":"TeslaFM"},"image":{"@id":"https:\/\/teslafm.net\/#\/schema\/logo\/image\/"},"sameAs":["https:\/\/www.facebook.com\/teslafm.net","https:\/\/x.com\/teslafm"]}]}},"rttpg_featured_image_url":null,"rttpg_author":{"display_name":"Ishak","author_link":"https:\/\/teslafm.net\/en\/author\/cravan\/"},"rttpg_comment":0,"rttpg_category":null,"rttpg_excerpt":"La Pantalla Silenciosa #2 El acorazado Potemkin (1925) BSO por Edmund Miesel Bronenonsets Potyomkin (El acorazado Potemkin, Rusia, 1925) 65\u2019 B\/N. Producci\u00f3n: Goskino. Direcci\u00f3n de Sergei M. Einsenstein. Gui\u00f3n: Sergei M. Einsenstein, Nina Agadhanova-Shutko. Fotograf\u00eda de Eduard Tisse, V. Popov. M\u00fasica de Edmund Meisel. Int\u00e9rpretes: Antonov, Alexondrov, Vladimir Barksy, Levshin, Gomarov, Strauch. \u00abA veces resulta&hellip;","_links":{"self":[{"href":"https:\/\/teslafm.net\/en\/wp-json\/wp\/v2\/pages\/996","targetHints":{"allow":["GET"]}}],"collection":[{"href":"https:\/\/teslafm.net\/en\/wp-json\/wp\/v2\/pages"}],"about":[{"href":"https:\/\/teslafm.net\/en\/wp-json\/wp\/v2\/types\/page"}],"author":[{"embeddable":true,"href":"https:\/\/teslafm.net\/en\/wp-json\/wp\/v2\/users\/19"}],"replies":[{"embeddable":true,"href":"https:\/\/teslafm.net\/en\/wp-json\/wp\/v2\/comments?post=996"}],"version-history":[{"count":11,"href":"https:\/\/teslafm.net\/en\/wp-json\/wp\/v2\/pages\/996\/revisions"}],"predecessor-version":[{"id":56126,"href":"https:\/\/teslafm.net\/en\/wp-json\/wp\/v2\/pages\/996\/revisions\/56126"}],"wp:attachment":[{"href":"https:\/\/teslafm.net\/en\/wp-json\/wp\/v2\/media?parent=996"}],"curies":[{"name":"wp","href":"https:\/\/api.w.org\/{rel}","templated":true}]}}